{"id":83686,"date":"2021-01-13T13:19:19","date_gmt":"2021-01-13T13:19:19","guid":{"rendered":"https:\/\/futllermo.com\/tienda\/producto\/wilson-triniti-pelotas-de-tenis-funda-100-reciclable\/"},"modified":"2022-01-13T10:00:10","modified_gmt":"2022-01-13T10:00:10","slug":"wilson-triniti-pelotas-de-tenis-funda-100-reciclable","status":"publish","type":"product","link":"https:\/\/futllermo.com\/tienda\/producto\/wilson-triniti-pelotas-de-tenis-funda-100-reciclable\/","title":{"rendered":"TRINITI TBALL 3 BALL CAN"},"content":{"rendered":"<p><!-- show up to 2 reviews by default --> <\/p>\n<p>Juego de 3 pelotas Triniti de alto rendimiento &#8211; N\u00facleo fabricado con tecnolog\u00eda Engage Core: plast\u00f3mero que proporciona una experiencia de pelota nueva 4 veces m\u00e1s duradera &#8211; Exterior fabricado con fieltro STR, 50 % m\u00e1s flexible que el fieltro normal para un mejor contacto contra el cordaje y durabilidad \u00f3ptima &#8211; Embalaje 100 % reciclable &#8211; Contenido: 1x Juego de pelotas Triniti de Wilson, 3 pelotas, Embalaje 100 % reciclable, WRT125200. <\/p>\n<p>Juego de 3 pelotas Triniti de alto rendimiento<br \/>\nN\u00facleo fabricado con tecnolog\u00eda Engage Core: plast\u00f3mero que proporciona una experiencia de pelota nueva 4 veces m\u00e1s duradera<br \/>\nExterior fabricado con fieltro STR, 50 % m\u00e1s flexible que el fieltro normal para un mejor contacto contra el cordaje y durabilidad \u00f3ptima<br \/>\nEmbalaje 100 % reciclable<br \/>\nContenido: 1x Juego de pelotas Triniti de Wilson, 3 pelotas, Embalaje 100 % reciclable, WRT125200<br \/>\n<\/p>\n","protected":false},"excerpt":{"rendered":"<p>Juego de 3 pelotas Triniti de alto rendimiento<br \/>\nN\u00facleo fabricado con tecnolog\u00eda Engage Core: plast\u00f3mero que proporciona una experiencia de pelota nueva 4 veces m\u00e1s duradera<br \/>\nExterior fabricado con fieltro STR, 50 % m\u00e1s flexible que el fieltro normal para un mejor contacto contra el cordaje y durabilidad \u00f3ptima<\/p>\n","protected":false},"featured_media":83688,"comment_status":"open","ping_status":"closed","template":"","meta":{"_kadence_starter_templates_imported_post":false,"_kad_post_transparent":"","_kad_post_title":"","_kad_post_layout":"","_kad_post_sidebar_id":"","_kad_post_content_style":"","_kad_post_vertical_padding":"","_kad_post_feature":"","_kad_post_feature_position":"","_kad_post_header":false,"_kad_post_footer":false},"product_brand":[],"product_cat":[422,499],"product_tag":[],"class_list":{"0":"post-83686","1":"product","2":"type-product","3":"status-publish","4":"has-post-thumbnail","6":"product_cat-tenis","7":"product_cat-wilson","8":"pa_brand-visita-la-store-de-wilson","10":"first","11":"instock","12":"shipping-taxable","13":"purchasable","14":"product-type-simple","15":"entry","16":"content-bg","17":"loop-entry"},"_links":{"self":[{"href":"https:\/\/futllermo.com\/tienda\/wp-json\/wp\/v2\/product\/83686","targetHints":{"allow":["GET"]}}],"collection":[{"href":"https:\/\/futllermo.com\/tienda\/wp-json\/wp\/v2\/product"}],"about":[{"href":"https:\/\/futllermo.com\/tienda\/wp-json\/wp\/v2\/types\/product"}],"replies":[{"embeddable":true,"href":"https:\/\/futllermo.com\/tienda\/wp-json\/wp\/v2\/comments?post=83686"}],"wp:featuredmedia":[{"embeddable":true,"href":"https:\/\/futllermo.com\/tienda\/wp-json\/wp\/v2\/media\/83688"}],"wp:attachment":[{"href":"https:\/\/futllermo.com\/tienda\/wp-json\/wp\/v2\/media?parent=83686"}],"wp:term":[{"taxonomy":"product_brand","embeddable":true,"href":"https:\/\/futllermo.com\/tienda\/wp-json\/wp\/v2\/product_brand?post=83686"},{"taxonomy":"product_cat","embeddable":true,"href":"https:\/\/futllermo.com\/tienda\/wp-json\/wp\/v2\/product_cat?post=83686"},{"taxonomy":"product_tag","embeddable":true,"href":"https:\/\/futllermo.com\/tienda\/wp-json\/wp\/v2\/product_tag?post=83686"}],"curies":[{"name":"wp","href":"https:\/\/api.w.org\/{rel}","templated":true}]}}