{"id":83683,"date":"2021-01-13T13:19:13","date_gmt":"2021-01-13T13:19:13","guid":{"rendered":"https:\/\/futllermo.com\/tienda\/producto\/wilson-mujer-w-uwii-script-tech-tee-camiseta-de-tenis-manga-corta\/"},"modified":"2022-01-13T10:00:09","modified_gmt":"2022-01-13T10:00:09","slug":"wilson-mujer-w-uwii-script-tech-tee-camiseta-de-tenis-manga-corta","status":"publish","type":"product","link":"https:\/\/futllermo.com\/tienda\/producto\/wilson-mujer-w-uwii-script-tech-tee-camiseta-de-tenis-manga-corta\/","title":{"rendered":"Wilson Mujer, W UWII SCRIPT TECH TEE, Camiseta de tenis manga corta"},"content":{"rendered":"<p><!-- show up to 2 reviews by default --> <\/p>\n<p>Durante m\u00e1s de un siglo, Wilson se ha convertido en un punto de referencia para deportes como el tenis, golf, b\u00e9isbol y f\u00fatbol americano. Adem\u00e1s de los cl\u00e1sicos, Wilson se caracteriza por el desarrollo de productos de referencia para cada categor\u00eda. Los principales deportes de referencia son el tenis, b\u00e9isbol, v\u00f3leibol, f\u00fatbol, golf, baloncesto, softbol, b\u00e1dminton y squash. La actividad de Wilson gira en torno a tres grandes campos: los deportes de raqueta, los deportes de equipo y el golf. Con sede en Chicago, Estados Unidos, Wilson cuenta con m\u00e1s de 1.600 empleados y distribuye en m\u00e1s de 100 pa\u00edses del mundo. <\/p>\n<p>Camiseta deportiva de manga corta y cuello redondeado para mujer, Para un look siempre fresco incluso tras varias horas en la pista<br \/>\nCuello redondeado bordado, Camiseta lisa con logo Wilson en la parte delantera<br \/>\nMangas Corta<br \/>\nTecnolog\u00eda NanoWik que absorbe el sudor y mantiene la piel seca, Para una \u00f3ptima comodidad de juego<br \/>\nConfecci\u00f3n con poli\u00e9ster de alta calidad para una m\u00e1xima durabilidad, Punto suave similar al algod\u00f3n<br \/>\nContenido: 1 x Camiseta de tenis para mujer Wilson, W UWII SCRIPT TECH TEE, Material: 100% Poli\u00e9ster, Color: Verde (Andean Toucan)\/Blanco, Talla: XS, WRA770508<br \/>\n<\/p>\n","protected":false},"excerpt":{"rendered":"<p>Camiseta deportiva de manga corta y cuello redondeado para mujer, Para un look siempre fresco incluso tras varias horas en la pista<br \/>\nCuello redondeado bordado, Camiseta lisa con logo Wilson en la parte delantera<br \/>\nMangas Corta<\/p>\n","protected":false},"featured_media":83684,"comment_status":"open","ping_status":"closed","template":"","meta":{"_kadence_starter_templates_imported_post":false,"_kad_post_transparent":"","_kad_post_title":"","_kad_post_layout":"","_kad_post_sidebar_id":"","_kad_post_content_style":"","_kad_post_vertical_padding":"","_kad_post_feature":"","_kad_post_feature_position":"","_kad_post_header":false,"_kad_post_footer":false},"product_brand":[],"product_cat":[422,499],"product_tag":[],"class_list":{"0":"post-83683","1":"product","2":"type-product","3":"status-publish","4":"has-post-thumbnail","6":"product_cat-tenis","7":"product_cat-wilson","8":"pa_brand-visita-la-store-de-wilson","10":"first","11":"instock","12":"shipping-taxable","13":"purchasable","14":"product-type-simple","15":"entry","16":"content-bg","17":"loop-entry"},"_links":{"self":[{"href":"https:\/\/futllermo.com\/tienda\/wp-json\/wp\/v2\/product\/83683","targetHints":{"allow":["GET"]}}],"collection":[{"href":"https:\/\/futllermo.com\/tienda\/wp-json\/wp\/v2\/product"}],"about":[{"href":"https:\/\/futllermo.com\/tienda\/wp-json\/wp\/v2\/types\/product"}],"replies":[{"embeddable":true,"href":"https:\/\/futllermo.com\/tienda\/wp-json\/wp\/v2\/comments?post=83683"}],"wp:featuredmedia":[{"embeddable":true,"href":"https:\/\/futllermo.com\/tienda\/wp-json\/wp\/v2\/media\/83684"}],"wp:attachment":[{"href":"https:\/\/futllermo.com\/tienda\/wp-json\/wp\/v2\/media?parent=83683"}],"wp:term":[{"taxonomy":"product_brand","embeddable":true,"href":"https:\/\/futllermo.com\/tienda\/wp-json\/wp\/v2\/product_brand?post=83683"},{"taxonomy":"product_cat","embeddable":true,"href":"https:\/\/futllermo.com\/tienda\/wp-json\/wp\/v2\/product_cat?post=83683"},{"taxonomy":"product_tag","embeddable":true,"href":"https:\/\/futllermo.com\/tienda\/wp-json\/wp\/v2\/product_tag?post=83683"}],"curies":[{"name":"wp","href":"https:\/\/api.w.org\/{rel}","templated":true}]}}