{"id":83677,"date":"2021-01-13T13:19:05","date_gmt":"2021-01-13T13:19:05","guid":{"rendered":"https:\/\/futllermo.com\/tienda\/producto\/wilson-kaos-3-0-clay-zapatilla-de-tenis-para-tierra-batida-tenistas-de-cualquier-nivel-hombre\/"},"modified":"2022-01-13T10:00:09","modified_gmt":"2022-01-13T10:00:09","slug":"wilson-kaos-3-0-clay-zapatilla-de-tenis-para-tierra-batida-tenistas-de-cualquier-nivel-hombre","status":"publish","type":"product","link":"https:\/\/futllermo.com\/tienda\/producto\/wilson-kaos-3-0-clay-zapatilla-de-tenis-para-tierra-batida-tenistas-de-cualquier-nivel-hombre\/","title":{"rendered":"Wilson Kaos 3.0 Clay, Zapatilla de Tenis para Tierra Batida, tenistas de Cualquier Nivel Hombre"},"content":{"rendered":"<p><!-- show up to 2 reviews by default --> <\/p>\n<p>RAPIDEZ Y AGARRE &#8211; La Kaos 3.0 Clay Court, gracias a la suela con dise\u00f1o en espiga, es especialmente apta para tierra batida. Su peso y las tecnolog\u00eda utilizadas proporcionan estabilidad y garantizan rapidez en movimientos laterales y verticales. Su ligera entresuela de EVA proporciona amortiguaci\u00f3n adicional. El patr\u00f3n multidireccional de la suela en la parte delantera a\u00f1ade estabilidad y resistencia a la abrasi\u00f3n, a la vez que le otorga un aspecto distintivo. <\/p>\n<p>Material exterior: Sint\u00e9tico<br \/>\nRevestimiento: Sint\u00e9tico<br \/>\nMaterial de la suela: Caucho<br \/>\nCierre: Cordones<br \/>\n<\/p>\n","protected":false},"excerpt":{"rendered":"<p>Material exterior: Sint\u00e9tico<br \/>\nRevestimiento: Sint\u00e9tico<br \/>\nMaterial de la suela: Caucho<\/p>\n","protected":false},"featured_media":83680,"comment_status":"open","ping_status":"closed","template":"","meta":{"_kadence_starter_templates_imported_post":false,"_kad_post_transparent":"","_kad_post_title":"","_kad_post_layout":"","_kad_post_sidebar_id":"","_kad_post_content_style":"","_kad_post_vertical_padding":"","_kad_post_feature":"","_kad_post_feature_position":"","_kad_post_header":false,"_kad_post_footer":false},"product_brand":[],"product_cat":[422,499],"product_tag":[],"class_list":{"0":"post-83677","1":"product","2":"type-product","3":"status-publish","4":"has-post-thumbnail","6":"product_cat-tenis","7":"product_cat-wilson","8":"pa_brand-visita-la-store-de-wilson","10":"first","11":"instock","12":"shipping-taxable","13":"purchasable","14":"product-type-simple","15":"entry","16":"content-bg","17":"loop-entry"},"_links":{"self":[{"href":"https:\/\/futllermo.com\/tienda\/wp-json\/wp\/v2\/product\/83677","targetHints":{"allow":["GET"]}}],"collection":[{"href":"https:\/\/futllermo.com\/tienda\/wp-json\/wp\/v2\/product"}],"about":[{"href":"https:\/\/futllermo.com\/tienda\/wp-json\/wp\/v2\/types\/product"}],"replies":[{"embeddable":true,"href":"https:\/\/futllermo.com\/tienda\/wp-json\/wp\/v2\/comments?post=83677"}],"wp:featuredmedia":[{"embeddable":true,"href":"https:\/\/futllermo.com\/tienda\/wp-json\/wp\/v2\/media\/83680"}],"wp:attachment":[{"href":"https:\/\/futllermo.com\/tienda\/wp-json\/wp\/v2\/media?parent=83677"}],"wp:term":[{"taxonomy":"product_brand","embeddable":true,"href":"https:\/\/futllermo.com\/tienda\/wp-json\/wp\/v2\/product_brand?post=83677"},{"taxonomy":"product_cat","embeddable":true,"href":"https:\/\/futllermo.com\/tienda\/wp-json\/wp\/v2\/product_cat?post=83677"},{"taxonomy":"product_tag","embeddable":true,"href":"https:\/\/futllermo.com\/tienda\/wp-json\/wp\/v2\/product_tag?post=83677"}],"curies":[{"name":"wp","href":"https:\/\/api.w.org\/{rel}","templated":true}]}}