{"id":83660,"date":"2021-01-13T13:13:01","date_gmt":"2021-01-13T13:13:01","guid":{"rendered":"https:\/\/futllermo.com\/tienda\/producto\/babolat-pure-drive-raqueta-de-tenis\/"},"modified":"2022-01-13T10:00:08","modified_gmt":"2022-01-13T10:00:08","slug":"babolat-pure-drive-raqueta-de-tenis","status":"publish","type":"product","link":"https:\/\/futllermo.com\/tienda\/producto\/babolat-pure-drive-raqueta-de-tenis\/","title":{"rendered":"Babolat Pure Drive Raqueta de tenis"},"content":{"rendered":"<div class=\"disclaim\"> Tama\u00f1o de la empu\u00f1adura:<strong>3<\/strong> <\/div>\n<p> <!-- show up to 2 reviews by default --> <\/p>\n<p>El nuevo Babolat Pure Drive Unstrung No Co se reinventa con un nuevo aspecto y un nuevo dise\u00f1o. Un nuevo sistema mejorado de amortiguaci\u00f3n de vibraciones llamado Cortex Pure Feel. <\/p>\n<p>Un nuevo sistema mejorado de amortiguaci\u00f3n de vibraciones llamado cortex pure feel<br \/>\nGran raqueta para jugadores que buscan m\u00e1s potencia sin vibraciones excesivas<br \/>\nLa nueva tecnolog\u00eda woofer tambi\u00e9n est\u00e1 integrada en el marco<br \/>\nLa tecnolog\u00eda fsi ahora se actualiza para dar m\u00e1s espacio entre los ojales para mayor potencia<br \/>\nTipo de deporte: Tenis<br \/>\n<\/p>\n","protected":false},"excerpt":{"rendered":"<p>Un nuevo sistema mejorado de amortiguaci\u00f3n de vibraciones llamado cortex pure feel<br \/>\nGran raqueta para jugadores que buscan m\u00e1s potencia sin vibraciones excesivas<br \/>\nLa nueva tecnolog\u00eda woofer tambi\u00e9n est\u00e1 integrada en el marco<\/p>\n","protected":false},"featured_media":83661,"comment_status":"open","ping_status":"closed","template":"","meta":{"_kadence_starter_templates_imported_post":false,"_kad_post_transparent":"","_kad_post_title":"","_kad_post_layout":"","_kad_post_sidebar_id":"","_kad_post_content_style":"","_kad_post_vertical_padding":"","_kad_post_feature":"","_kad_post_feature_position":"","_kad_post_header":false,"_kad_post_footer":false},"product_brand":[],"product_cat":[500,422],"product_tag":[],"class_list":{"0":"post-83660","1":"product","2":"type-product","3":"status-publish","4":"has-post-thumbnail","6":"product_cat-babolat","7":"product_cat-tenis","8":"pa_brand-marca-babolat","10":"first","11":"instock","12":"shipping-taxable","13":"purchasable","14":"product-type-simple","15":"entry","16":"content-bg","17":"loop-entry"},"_links":{"self":[{"href":"https:\/\/futllermo.com\/tienda\/wp-json\/wp\/v2\/product\/83660","targetHints":{"allow":["GET"]}}],"collection":[{"href":"https:\/\/futllermo.com\/tienda\/wp-json\/wp\/v2\/product"}],"about":[{"href":"https:\/\/futllermo.com\/tienda\/wp-json\/wp\/v2\/types\/product"}],"replies":[{"embeddable":true,"href":"https:\/\/futllermo.com\/tienda\/wp-json\/wp\/v2\/comments?post=83660"}],"wp:featuredmedia":[{"embeddable":true,"href":"https:\/\/futllermo.com\/tienda\/wp-json\/wp\/v2\/media\/83661"}],"wp:attachment":[{"href":"https:\/\/futllermo.com\/tienda\/wp-json\/wp\/v2\/media?parent=83660"}],"wp:term":[{"taxonomy":"product_brand","embeddable":true,"href":"https:\/\/futllermo.com\/tienda\/wp-json\/wp\/v2\/product_brand?post=83660"},{"taxonomy":"product_cat","embeddable":true,"href":"https:\/\/futllermo.com\/tienda\/wp-json\/wp\/v2\/product_cat?post=83660"},{"taxonomy":"product_tag","embeddable":true,"href":"https:\/\/futllermo.com\/tienda\/wp-json\/wp\/v2\/product_tag?post=83660"}],"curies":[{"name":"wp","href":"https:\/\/api.w.org\/{rel}","templated":true}]}}