{"id":83656,"date":"2021-01-13T13:12:55","date_gmt":"2021-01-13T13:12:55","guid":{"rendered":"https:\/\/futllermo.com\/tienda\/producto\/babolat-nadal-junior-raqueta-de-tenis\/"},"modified":"2022-01-13T10:00:08","modified_gmt":"2022-01-13T10:00:08","slug":"babolat-nadal-junior-raqueta-de-tenis","status":"publish","type":"product","link":"https:\/\/futllermo.com\/tienda\/producto\/babolat-nadal-junior-raqueta-de-tenis\/","title":{"rendered":"Babolat Nadal Junior Raqueta de Tenis"},"content":{"rendered":"<div class=\"disclaim\"> Color:<strong>yellow<\/strong> | Tama\u00f1o:<strong>00<\/strong> <\/div>\n<p> <!-- show up to 2 reviews by default --> <\/p>\n<p>Babolat Nadal Junior Raqueta de Tenis &#8211; Amarillo, 23 Inches<\/p>\n<p> &#8211; ESPECIFICACIONES: Composici\u00f3n: Grafito Compuesto; Peso: 250 g \/ 8.8 oz .; Tama\u00f1o de la cabeza: 645 cm2 \/ 100 pulgadas cuadradas .; Punto de equilibrio: 310 mm; Longitud: 660 mm \/ 26 in<br \/> &#8211; Con colores id\u00e9nticos a los de la raqueta de Rafa, la gama Nadal Junior est\u00e1 destinada a todos los jugadores principiantes j\u00f3venes que quieran seguir los pasos de su campe\u00f3n favorito.<br \/> &#8211; Disponible en cinco tama\u00f1os seg\u00fan la altura del ni\u00f1o: 140-145 cm: Nadal Jr 26; 125-140 cm: Nadal Jr 25; 110-125 cm: Nadal Jr 23; 100-110 cm: Nadal Jr 21; Hasta 100 cm: Nadal Jr 19<br \/> &#8211; UNA GAMA DE ALUMINIO CON LOS MISMOS COLORES QUE EL AERO PURO, PARA SEGUIR LOS PASOS DE RAFA<br \/> &#8211; La construcci\u00f3n de aluminio de la raqueta aporta ligereza, manejo y resistencia, lo que facilita el aprendizaje del tenis.<\/p>\n<p>Junior racket &#8211; Peso sin cordaje (gr): 215<br \/>\nTama\u00f1o de la cabeza (cm\u00b2): 630<br \/>\nPerfil: mm<br \/>\nEncordado: No<br \/>\nBabolat Junior rackets<br \/>\n<\/p>\n","protected":false},"excerpt":{"rendered":"<p>Junior racket &#8211; Peso sin cordaje (gr): 215<br \/>\nTama\u00f1o de la cabeza (cm\u00b2): 630<br \/>\nPerfil: mm<\/p>\n","protected":false},"featured_media":83657,"comment_status":"open","ping_status":"closed","template":"","meta":{"_kadence_starter_templates_imported_post":false,"_kad_post_transparent":"","_kad_post_title":"","_kad_post_layout":"","_kad_post_sidebar_id":"","_kad_post_content_style":"","_kad_post_vertical_padding":"","_kad_post_feature":"","_kad_post_feature_position":"","_kad_post_header":false,"_kad_post_footer":false},"product_brand":[],"product_cat":[500,422],"product_tag":[],"class_list":{"0":"post-83656","1":"product","2":"type-product","3":"status-publish","4":"has-post-thumbnail","6":"product_cat-babolat","7":"product_cat-tenis","8":"pa_brand-marca-babolat","10":"first","11":"instock","12":"shipping-taxable","13":"purchasable","14":"product-type-simple","15":"entry","16":"content-bg","17":"loop-entry"},"_links":{"self":[{"href":"https:\/\/futllermo.com\/tienda\/wp-json\/wp\/v2\/product\/83656","targetHints":{"allow":["GET"]}}],"collection":[{"href":"https:\/\/futllermo.com\/tienda\/wp-json\/wp\/v2\/product"}],"about":[{"href":"https:\/\/futllermo.com\/tienda\/wp-json\/wp\/v2\/types\/product"}],"replies":[{"embeddable":true,"href":"https:\/\/futllermo.com\/tienda\/wp-json\/wp\/v2\/comments?post=83656"}],"wp:featuredmedia":[{"embeddable":true,"href":"https:\/\/futllermo.com\/tienda\/wp-json\/wp\/v2\/media\/83657"}],"wp:attachment":[{"href":"https:\/\/futllermo.com\/tienda\/wp-json\/wp\/v2\/media?parent=83656"}],"wp:term":[{"taxonomy":"product_brand","embeddable":true,"href":"https:\/\/futllermo.com\/tienda\/wp-json\/wp\/v2\/product_brand?post=83656"},{"taxonomy":"product_cat","embeddable":true,"href":"https:\/\/futllermo.com\/tienda\/wp-json\/wp\/v2\/product_cat?post=83656"},{"taxonomy":"product_tag","embeddable":true,"href":"https:\/\/futllermo.com\/tienda\/wp-json\/wp\/v2\/product_tag?post=83656"}],"curies":[{"name":"wp","href":"https:\/\/api.w.org\/{rel}","templated":true}]}}