{"id":83639,"date":"2021-01-13T13:12:24","date_gmt":"2021-01-13T13:12:24","guid":{"rendered":"https:\/\/futllermo.com\/tienda\/producto\/babolat-drive-g-lite-unstrung-raqueta-unisex-adulto\/"},"modified":"2022-01-13T10:00:07","modified_gmt":"2022-01-13T10:00:07","slug":"babolat-drive-g-lite-unstrung-raqueta-unisex-adulto","status":"publish","type":"product","link":"https:\/\/futllermo.com\/tienda\/producto\/babolat-drive-g-lite-unstrung-raqueta-unisex-adulto\/","title":{"rendered":"Babolat Drive G Lite Unstrung Raqueta, Unisex Adulto"},"content":{"rendered":"<p><!-- show up to 2 reviews by default --> <\/p>\n<p>La l\u00ednea Babolat Drive G ha sido dise\u00f1ada para jugadores de tenis que buscan raquetas con las mismas caracter\u00edsticas y tecnolog\u00edas utilizadas en las raquetas de los mejores jugadores, pero tambi\u00e9n accesibles para principiantes y \/ o aficionados. <\/p>\n<p>El impacto de la pelota en la raqueta genera miles de vibraciones tanto en el cordaje como en el marco, algunas molestas, otras sin\u00f3nimos de verdaderas sensaciones de juego. La Tecnolog\u00eda CORTEX permite que cada tenista, en funci\u00f3n del nivel y de su estilo de juego, obtenga una respuesta adecuada a sus aspectativas. Gracias a una interfaz de C.D.S. (Cortex Damping System) y a un dise\u00f1o inovador, garantiza la perfecta transmisi\u00f3n de la informaci\u00f3n a la mano del jugador ofreciendo sensaci\u00f3n de potencia y control sin precedentes.<br \/>\nLa tecnolog\u00eda Woofer es una patente exclusiva de Babolat. Es la primera tecnolog\u00eda que hace que marco y cuerdas enteractuen en el momento del impacto con la pelota. El tiempo de contacto entre la pelota y el cordaje aumenta del 25%. Eso garantiza m\u00e1s control y asegura una sensaci\u00f3n de confort elevada.<br \/>\nElliptic Geometry Para aumentar la resistencia a torsi\u00f3n y flexi\u00f3n, Babolat ha hecho un marco el 20% m\u00e1s r\u00edgido que las raquetas tradicionales, para que los jugadores disfruten de a\u00fan m\u00e1s potencia.<br \/>\nLa caracter\u00edstica que distingue a estas raquetas es el aumento de la cadena en comparaci\u00f3n con la l\u00ednea cl\u00e1sica Pure Drive.<br \/>\n<\/p>\n","protected":false},"excerpt":{"rendered":"<p>El impacto de la pelota en la raqueta genera miles de vibraciones tanto en el cordaje como en el marco, algunas molestas, otras sin\u00f3nimos de verdaderas sensaciones de juego. La Tecnolog\u00eda CORTEX permite que cada tenista, en funci\u00f3n del nivel y de su estilo de juego, obtenga una respuesta adecuada a sus aspectativas. Gracias a una interfaz de C.D.S. (Cortex Damping System) y a un dise\u00f1o inovador, garantiza la perfecta transmisi\u00f3n de la informaci\u00f3n a la mano del jugador ofreciendo sensaci\u00f3n de potencia y control sin precedentes.<br \/>\nLa tecnolog\u00eda Woofer es una patente exclusiva de Babolat. Es la primera tecnolog\u00eda que hace que marco y cuerdas enteractuen en el momento del impacto con la pelota. El tiempo de contacto entre la pelota y el cordaje aumenta del 25%. Eso garantiza m\u00e1s control y asegura una sensaci\u00f3n de confort elevada.<br \/>\nElliptic Geometry Para aumentar la resistencia a torsi\u00f3n y flexi\u00f3n, Babolat ha hecho un marco el 20% m\u00e1s r\u00edgido que las raquetas tradicionales, para que los jugadores disfruten de a\u00fan m\u00e1s potencia.<\/p>\n","protected":false},"featured_media":83641,"comment_status":"open","ping_status":"closed","template":"","meta":{"_kadence_starter_templates_imported_post":false,"_kad_post_transparent":"","_kad_post_title":"","_kad_post_layout":"","_kad_post_sidebar_id":"","_kad_post_content_style":"","_kad_post_vertical_padding":"","_kad_post_feature":"","_kad_post_feature_position":"","_kad_post_header":false,"_kad_post_footer":false},"product_brand":[],"product_cat":[500,422],"product_tag":[],"class_list":{"0":"post-83639","1":"product","2":"type-product","3":"status-publish","4":"has-post-thumbnail","6":"product_cat-babolat","7":"product_cat-tenis","8":"pa_brand-marca-babolat","10":"first","11":"instock","12":"shipping-taxable","13":"purchasable","14":"product-type-simple","15":"entry","16":"content-bg","17":"loop-entry"},"_links":{"self":[{"href":"https:\/\/futllermo.com\/tienda\/wp-json\/wp\/v2\/product\/83639","targetHints":{"allow":["GET"]}}],"collection":[{"href":"https:\/\/futllermo.com\/tienda\/wp-json\/wp\/v2\/product"}],"about":[{"href":"https:\/\/futllermo.com\/tienda\/wp-json\/wp\/v2\/types\/product"}],"replies":[{"embeddable":true,"href":"https:\/\/futllermo.com\/tienda\/wp-json\/wp\/v2\/comments?post=83639"}],"wp:featuredmedia":[{"embeddable":true,"href":"https:\/\/futllermo.com\/tienda\/wp-json\/wp\/v2\/media\/83641"}],"wp:attachment":[{"href":"https:\/\/futllermo.com\/tienda\/wp-json\/wp\/v2\/media?parent=83639"}],"wp:term":[{"taxonomy":"product_brand","embeddable":true,"href":"https:\/\/futllermo.com\/tienda\/wp-json\/wp\/v2\/product_brand?post=83639"},{"taxonomy":"product_cat","embeddable":true,"href":"https:\/\/futllermo.com\/tienda\/wp-json\/wp\/v2\/product_cat?post=83639"},{"taxonomy":"product_tag","embeddable":true,"href":"https:\/\/futllermo.com\/tienda\/wp-json\/wp\/v2\/product_tag?post=83639"}],"curies":[{"name":"wp","href":"https:\/\/api.w.org\/{rel}","templated":true}]}}