{"id":83626,"date":"2021-01-13T13:11:55","date_gmt":"2021-01-13T13:11:55","guid":{"rendered":"https:\/\/futllermo.com\/tienda\/producto\/babolat-pure-drive-unstrung-no-co-raqueta-varie\/"},"modified":"2022-01-13T10:00:07","modified_gmt":"2022-01-13T10:00:07","slug":"babolat-pure-drive-unstrung-no-co-raqueta-varie","status":"publish","type":"product","link":"https:\/\/futllermo.com\/tienda\/producto\/babolat-pure-drive-unstrung-no-co-raqueta-varie\/","title":{"rendered":"Babolat Pure Drive Unstrung No Co Raqueta, Varie"},"content":{"rendered":"<div class=\"disclaim\"> Tama\u00f1o:<strong>2<\/strong> | Color:<strong>bleu (Azul)<\/strong> <\/div>\n<p> <!-- show up to 2 reviews by default --> <\/p>\n<p>El nuevo Babolat Pure Drive Unstrung No Co se reinventa con un nuevo aspecto y un nuevo dise\u00f1o. Un nuevo sistema mejorado de amortiguaci\u00f3n de vibraciones llamado Cortex Pure Feel. <\/p>\n<p>Un nuevo sistema mejorado de amortiguaci\u00f3n de vibraciones llamado Cortex Pure Feel.<br \/>\nGran raqueta para jugadores que buscan m\u00e1s potencia sin vibraciones excesivas.<br \/>\nLa nueva tecnolog\u00eda Woofer tambi\u00e9n est\u00e1 integrada en el marco<br \/>\nLa tecnolog\u00eda FSI ahora se actualiza para dar m\u00e1s espacio entre los ojales para mayor potencia.<br \/>\n<\/p>\n","protected":false},"excerpt":{"rendered":"<p>Un nuevo sistema mejorado de amortiguaci\u00f3n de vibraciones llamado Cortex Pure Feel.<br \/>\nGran raqueta para jugadores que buscan m\u00e1s potencia sin vibraciones excesivas.<br \/>\nLa nueva tecnolog\u00eda Woofer tambi\u00e9n est\u00e1 integrada en el marco<\/p>\n","protected":false},"featured_media":83628,"comment_status":"open","ping_status":"closed","template":"","meta":{"_kadence_starter_templates_imported_post":false,"_kad_post_transparent":"","_kad_post_title":"","_kad_post_layout":"","_kad_post_sidebar_id":"","_kad_post_content_style":"","_kad_post_vertical_padding":"","_kad_post_feature":"","_kad_post_feature_position":"","_kad_post_header":false,"_kad_post_footer":false},"product_brand":[],"product_cat":[500,422],"product_tag":[],"class_list":{"0":"post-83626","1":"product","2":"type-product","3":"status-publish","4":"has-post-thumbnail","6":"product_cat-babolat","7":"product_cat-tenis","8":"pa_brand-marca-babolat","10":"first","11":"instock","12":"shipping-taxable","13":"purchasable","14":"product-type-simple","15":"entry","16":"content-bg","17":"loop-entry"},"_links":{"self":[{"href":"https:\/\/futllermo.com\/tienda\/wp-json\/wp\/v2\/product\/83626","targetHints":{"allow":["GET"]}}],"collection":[{"href":"https:\/\/futllermo.com\/tienda\/wp-json\/wp\/v2\/product"}],"about":[{"href":"https:\/\/futllermo.com\/tienda\/wp-json\/wp\/v2\/types\/product"}],"replies":[{"embeddable":true,"href":"https:\/\/futllermo.com\/tienda\/wp-json\/wp\/v2\/comments?post=83626"}],"wp:featuredmedia":[{"embeddable":true,"href":"https:\/\/futllermo.com\/tienda\/wp-json\/wp\/v2\/media\/83628"}],"wp:attachment":[{"href":"https:\/\/futllermo.com\/tienda\/wp-json\/wp\/v2\/media?parent=83626"}],"wp:term":[{"taxonomy":"product_brand","embeddable":true,"href":"https:\/\/futllermo.com\/tienda\/wp-json\/wp\/v2\/product_brand?post=83626"},{"taxonomy":"product_cat","embeddable":true,"href":"https:\/\/futllermo.com\/tienda\/wp-json\/wp\/v2\/product_cat?post=83626"},{"taxonomy":"product_tag","embeddable":true,"href":"https:\/\/futllermo.com\/tienda\/wp-json\/wp\/v2\/product_tag?post=83626"}],"curies":[{"name":"wp","href":"https:\/\/api.w.org\/{rel}","templated":true}]}}