{"id":83623,"date":"2021-01-13T13:11:49","date_gmt":"2021-01-13T13:11:49","guid":{"rendered":"https:\/\/futllermo.com\/tienda\/producto\/babolat-pure-aero-team-u-nc-raqueta-unisex-adulto\/"},"modified":"2022-01-13T10:00:07","modified_gmt":"2022-01-13T10:00:07","slug":"babolat-pure-aero-team-u-nc-raqueta-unisex-adulto","status":"publish","type":"product","link":"https:\/\/futllermo.com\/tienda\/producto\/babolat-pure-aero-team-u-nc-raqueta-unisex-adulto\/","title":{"rendered":"Babolat Pure Aero Team U NC Raqueta, Unisex Adulto"},"content":{"rendered":"<p><!-- show up to 2 reviews by default --> <\/p>\n<p>La raqueta Babolat Pure Aero tiene nuevo dise\u00f1o conservando sus caracter\u00edsticas principales. La raqueta m\u00e1s conocida en el mundo por su calidad y su toma de efectos regresa conservando los colores que han hecho de \u00e9sta un \u00e9xito: el amarillo y negro con un toque nacarado. La gama de raquetas utilizadas por Rafael Nadal, Jo-Wilfried Tsonga, Benoit Paire y Caroline Wozniacki conserva su legendaria toma de efectos dando m\u00e1s control. <\/p>\n<p>La.raqueta babolat pure aero team.es el arma para los jugadores que buscan.toma de efectos conservando la ligereza y manejabilidad.estudiada para ser m\u00e1s.aerodin\u00e1mica,.trabajada con varias.tecnolog\u00edas.orientadas hacia la ganancia de.spin<br \/>\nEquiPada de un peso de.285g.asociada a un equilibrio de.32cm, esta.raqueta babolat pure aero team.ofrecer\u00e1.manejabilidad para su toma de efectos y hacer retroceder a tus adversarios<br \/>\nEl.tamiz 645cm\u00b2.es perfecto para dar una.tolerancia interesante.conservando un buen.equilibrio entre potencia y control; el patr\u00f3n de cordaje.16&#215;19.optimiza el movimiento de cuerdas y aumenta la potencia de golpe para sobrepasar a tus adversarios con golpes poderosos y liftados<br \/>\nLas diferencias con el antiguo modelo se encuentra en su ligereza.perdida de rigidez.(71 ra.en lugar de 72 ra) ofreciendo.m\u00e1s control.y.mejores sensaciones.as\u00ed como el agregado de.materiales innovadores.para m\u00e1s confort<br \/>\nNombre de departamento: Unisex adulto<br \/>\nTipo de deporte: Tenis<br \/>\n<\/p>\n","protected":false},"excerpt":{"rendered":"<p>La.raqueta babolat pure aero team.es el arma para los jugadores que buscan.toma de efectos conservando la ligereza y manejabilidad.estudiada para ser m\u00e1s.aerodin\u00e1mica,.trabajada con varias.tecnolog\u00edas.orientadas hacia la ganancia de.spin<br \/>\nEquiPada de un peso de.285g.asociada a un equilibrio de.32cm, esta.raqueta babolat pure aero team.ofrecer\u00e1.manejabilidad para su toma de efectos y hacer retroceder a tus adversarios<br \/>\nEl.tamiz 645cm\u00b2.es perfecto para dar una.tolerancia interesante.conservando un buen.equilibrio entre potencia y control; el patr\u00f3n de cordaje.16&#215;19.optimiza el movimiento de cuerdas y aumenta la potencia de golpe para sobrepasar a tus adversarios con golpes poderosos y liftados<\/p>\n","protected":false},"featured_media":83624,"comment_status":"open","ping_status":"closed","template":"","meta":{"_kadence_starter_templates_imported_post":false,"_kad_post_transparent":"","_kad_post_title":"","_kad_post_layout":"","_kad_post_sidebar_id":"","_kad_post_content_style":"","_kad_post_vertical_padding":"","_kad_post_feature":"","_kad_post_feature_position":"","_kad_post_header":false,"_kad_post_footer":false},"product_brand":[],"product_cat":[500,422],"product_tag":[],"class_list":{"0":"post-83623","1":"product","2":"type-product","3":"status-publish","4":"has-post-thumbnail","6":"product_cat-babolat","7":"product_cat-tenis","8":"pa_brand-marca-babolat","10":"first","11":"instock","12":"shipping-taxable","13":"purchasable","14":"product-type-simple","15":"entry","16":"content-bg","17":"loop-entry"},"_links":{"self":[{"href":"https:\/\/futllermo.com\/tienda\/wp-json\/wp\/v2\/product\/83623","targetHints":{"allow":["GET"]}}],"collection":[{"href":"https:\/\/futllermo.com\/tienda\/wp-json\/wp\/v2\/product"}],"about":[{"href":"https:\/\/futllermo.com\/tienda\/wp-json\/wp\/v2\/types\/product"}],"replies":[{"embeddable":true,"href":"https:\/\/futllermo.com\/tienda\/wp-json\/wp\/v2\/comments?post=83623"}],"wp:featuredmedia":[{"embeddable":true,"href":"https:\/\/futllermo.com\/tienda\/wp-json\/wp\/v2\/media\/83624"}],"wp:attachment":[{"href":"https:\/\/futllermo.com\/tienda\/wp-json\/wp\/v2\/media?parent=83623"}],"wp:term":[{"taxonomy":"product_brand","embeddable":true,"href":"https:\/\/futllermo.com\/tienda\/wp-json\/wp\/v2\/product_brand?post=83623"},{"taxonomy":"product_cat","embeddable":true,"href":"https:\/\/futllermo.com\/tienda\/wp-json\/wp\/v2\/product_cat?post=83623"},{"taxonomy":"product_tag","embeddable":true,"href":"https:\/\/futllermo.com\/tienda\/wp-json\/wp\/v2\/product_tag?post=83623"}],"curies":[{"name":"wp","href":"https:\/\/api.w.org\/{rel}","templated":true}]}}