{"id":83601,"date":"2021-01-13T13:11:19","date_gmt":"2021-01-13T13:11:19","guid":{"rendered":"https:\/\/futllermo.com\/tienda\/producto\/babolat-pure-strike-100-unstrung-raquetas-de-tenis-hombre\/"},"modified":"2022-01-13T09:59:24","modified_gmt":"2022-01-13T09:59:24","slug":"babolat-pure-strike-100-unstrung-raquetas-de-tenis-hombre","status":"publish","type":"product","link":"https:\/\/futllermo.com\/tienda\/producto\/babolat-pure-strike-100-unstrung-raquetas-de-tenis-hombre\/","title":{"rendered":"Babolat Pure Strike 100 Unstrung Raquetas de Tenis, Hombre"},"content":{"rendered":"<p><!-- show up to 2 reviews by default --> <\/p>\n<p>Raqueta de tenis Babolat Pure Strike 102. <br \/> Nuevo modelo 2017. Este modelo cuenta con la tecnolog\u00eda FSI Power, que cuenta con m\u00e1s espacio entre las cuerdas horizontales superiores para ofrecer m\u00e1s dinamismo y efectos. En los golpes de fondo, la Strike 100 se mueve con facilidad y m\u00e1s r\u00e1pidamente que la Pure Strike 16&#215;19, y adem\u00e1s ofrece un incre\u00edble nivel de control y sensaciones. Babolat actualiza la Pure Strike 100 para crear una raqueta que ofrece una incre\u00edble combinaci\u00f3n de efectos, control y sensaciones en un dise\u00f1o muy manejable. <\/p>\n<p>Nuevo modelo 2017. Este modelo cuenta con la tecnolog\u00eda FSI Power, que cuenta con m\u00e1s espacio entre las cuerdas horizontales superiores para ofrecer m\u00e1s dinamismo y efectos<br \/>\nEn los golpes de fondo, la Strike 100 se mueve con facilidad y m\u00e1s r\u00e1pidamente que la Pure Strike 16&#215;19, y adem\u00e1s ofrece un incre\u00edble nivel de control y sensaciones<br \/>\nBabolat actualiza la Pure Strike 100 para crear una raqueta que ofrece una incre\u00edble combinaci\u00f3n de efectos, control y sensaciones en un dise\u00f1o muy manejable<br \/>\n<\/p>\n","protected":false},"excerpt":{"rendered":"<p>Nuevo modelo 2017. Este modelo cuenta con la tecnolog\u00eda FSI Power, que cuenta con m\u00e1s espacio entre las cuerdas horizontales superiores para ofrecer m\u00e1s dinamismo y efectos<br \/>\nEn los golpes de fondo, la Strike 100 se mueve con facilidad y m\u00e1s r\u00e1pidamente que la Pure Strike 16&#215;19, y adem\u00e1s ofrece un incre\u00edble nivel de control y sensaciones<br \/>\nBabolat actualiza la Pure Strike 100 para crear una raqueta que ofrece una incre\u00edble combinaci\u00f3n de efectos, control y sensaciones en un dise\u00f1o muy manejable<\/p>\n","protected":false},"featured_media":83603,"comment_status":"open","ping_status":"closed","template":"","meta":{"_kadence_starter_templates_imported_post":false,"_kad_post_transparent":"","_kad_post_title":"","_kad_post_layout":"","_kad_post_sidebar_id":"","_kad_post_content_style":"","_kad_post_vertical_padding":"","_kad_post_feature":"","_kad_post_feature_position":"","_kad_post_header":false,"_kad_post_footer":false},"product_brand":[],"product_cat":[500,422],"product_tag":[],"class_list":{"0":"post-83601","1":"product","2":"type-product","3":"status-publish","4":"has-post-thumbnail","6":"product_cat-babolat","7":"product_cat-tenis","8":"pa_brand-marca-babolat","10":"first","11":"instock","12":"shipping-taxable","13":"purchasable","14":"product-type-simple","15":"entry","16":"content-bg","17":"loop-entry"},"_links":{"self":[{"href":"https:\/\/futllermo.com\/tienda\/wp-json\/wp\/v2\/product\/83601","targetHints":{"allow":["GET"]}}],"collection":[{"href":"https:\/\/futllermo.com\/tienda\/wp-json\/wp\/v2\/product"}],"about":[{"href":"https:\/\/futllermo.com\/tienda\/wp-json\/wp\/v2\/types\/product"}],"replies":[{"embeddable":true,"href":"https:\/\/futllermo.com\/tienda\/wp-json\/wp\/v2\/comments?post=83601"}],"wp:featuredmedia":[{"embeddable":true,"href":"https:\/\/futllermo.com\/tienda\/wp-json\/wp\/v2\/media\/83603"}],"wp:attachment":[{"href":"https:\/\/futllermo.com\/tienda\/wp-json\/wp\/v2\/media?parent=83601"}],"wp:term":[{"taxonomy":"product_brand","embeddable":true,"href":"https:\/\/futllermo.com\/tienda\/wp-json\/wp\/v2\/product_brand?post=83601"},{"taxonomy":"product_cat","embeddable":true,"href":"https:\/\/futllermo.com\/tienda\/wp-json\/wp\/v2\/product_cat?post=83601"},{"taxonomy":"product_tag","embeddable":true,"href":"https:\/\/futllermo.com\/tienda\/wp-json\/wp\/v2\/product_tag?post=83601"}],"curies":[{"name":"wp","href":"https:\/\/api.w.org\/{rel}","templated":true}]}}