{"id":83594,"date":"2021-01-13T13:11:07","date_gmt":"2021-01-13T13:11:07","guid":{"rendered":"https:\/\/futllermo.com\/tienda\/producto\/babolat-pure-strike-junior-26-s-c-raqueta-juventud-unisex\/"},"modified":"2022-01-13T09:59:24","modified_gmt":"2022-01-13T09:59:24","slug":"babolat-pure-strike-junior-26-s-c-raqueta-juventud-unisex","status":"publish","type":"product","link":"https:\/\/futllermo.com\/tienda\/producto\/babolat-pure-strike-junior-26-s-c-raqueta-juventud-unisex\/","title":{"rendered":"Babolat Pure Strike Junior 26 S C Raqueta, Juventud Unisex"},"content":{"rendered":"<p><!-- show up to 2 reviews by default --> <\/p>\n<p>Con una tecnolog\u00eda h\u00edbrida en el marco, la serie Babolat Pure Strike ofrece mayor control y mejores sensaciones que las series Pure Drive y Aero. Estas raquetas ofrecen tambi\u00e9n una estabilidad impresionante, a pesar de su peso, y una tecnolog\u00eda FSI (en modelos de 2016) que mejora el espacio entre el cordaje en favor de los efectos y la potencia. <\/p>\n<p>Cuenta con la tecnolog\u00eda Control Frame<br \/>\nTrae la tecnolog\u00eda FSI Power, con un cordaje m\u00e1s espaciado en la parte superior de las horizontales para generar m\u00e1s efectos y velocidad.<br \/>\nDesde la l\u00ednea de fondo, la Pure Strike no se achanta cuando el juego empieza a coger velocidad<br \/>\n<\/p>\n","protected":false},"excerpt":{"rendered":"<p>Cuenta con la tecnolog\u00eda Control Frame<br \/>\nTrae la tecnolog\u00eda FSI Power, con un cordaje m\u00e1s espaciado en la parte superior de las horizontales para generar m\u00e1s efectos y velocidad.<br \/>\nDesde la l\u00ednea de fondo, la Pure Strike no se achanta cuando el juego empieza a coger velocidad<\/p>\n","protected":false},"featured_media":83596,"comment_status":"open","ping_status":"closed","template":"","meta":{"_kadence_starter_templates_imported_post":false,"_kad_post_transparent":"","_kad_post_title":"","_kad_post_layout":"","_kad_post_sidebar_id":"","_kad_post_content_style":"","_kad_post_vertical_padding":"","_kad_post_feature":"","_kad_post_feature_position":"","_kad_post_header":false,"_kad_post_footer":false},"product_brand":[],"product_cat":[500,422],"product_tag":[],"class_list":{"0":"post-83594","1":"product","2":"type-product","3":"status-publish","4":"has-post-thumbnail","6":"product_cat-babolat","7":"product_cat-tenis","8":"pa_brand-marca-babolat","10":"first","11":"instock","12":"shipping-taxable","13":"purchasable","14":"product-type-simple","15":"entry","16":"content-bg","17":"loop-entry"},"_links":{"self":[{"href":"https:\/\/futllermo.com\/tienda\/wp-json\/wp\/v2\/product\/83594","targetHints":{"allow":["GET"]}}],"collection":[{"href":"https:\/\/futllermo.com\/tienda\/wp-json\/wp\/v2\/product"}],"about":[{"href":"https:\/\/futllermo.com\/tienda\/wp-json\/wp\/v2\/types\/product"}],"replies":[{"embeddable":true,"href":"https:\/\/futllermo.com\/tienda\/wp-json\/wp\/v2\/comments?post=83594"}],"wp:featuredmedia":[{"embeddable":true,"href":"https:\/\/futllermo.com\/tienda\/wp-json\/wp\/v2\/media\/83596"}],"wp:attachment":[{"href":"https:\/\/futllermo.com\/tienda\/wp-json\/wp\/v2\/media?parent=83594"}],"wp:term":[{"taxonomy":"product_brand","embeddable":true,"href":"https:\/\/futllermo.com\/tienda\/wp-json\/wp\/v2\/product_brand?post=83594"},{"taxonomy":"product_cat","embeddable":true,"href":"https:\/\/futllermo.com\/tienda\/wp-json\/wp\/v2\/product_cat?post=83594"},{"taxonomy":"product_tag","embeddable":true,"href":"https:\/\/futllermo.com\/tienda\/wp-json\/wp\/v2\/product_tag?post=83594"}],"curies":[{"name":"wp","href":"https:\/\/api.w.org\/{rel}","templated":true}]}}