{"id":83585,"date":"2021-01-13T13:08:42","date_gmt":"2021-01-13T13:08:42","guid":{"rendered":"https:\/\/futllermo.com\/tienda\/producto\/wilson-raqueta-de-tenis-roland-garros-team-jugador-junior\/"},"modified":"2022-01-13T09:59:24","modified_gmt":"2022-01-13T09:59:24","slug":"wilson-raqueta-de-tenis-roland-garros-team-jugador-junior","status":"publish","type":"product","link":"https:\/\/futllermo.com\/tienda\/producto\/wilson-raqueta-de-tenis-roland-garros-team-jugador-junior\/","title":{"rendered":"Wilson Bolsa para raquetas de tenis, Roland Garros Team 3, Hasta 3 raquetas"},"content":{"rendered":"<p><!-- show up to 2 reviews by default --> <\/p>\n<p>Raqueta de tenis Roland Garros Team de Wilson &#8211; Tecnolog\u00eda Parallel Drilling en los ojales para una respuesta constante del tamiz, Tecnolog\u00eda Doble Hole para una potencia aumentada &#8211; Equilibrio en la cabeza, Tama\u00f1o de cabeza: 658 cm\u00b2, Peso: 267 g &#8211; Longitud: 69,22 cm, Patr\u00f3n del cordaje: 16\u00d720, Talla del pu\u00f1o: 2, Con cordaje, Sin funda &#8211; Contenido: 1\u00d7 raqueta de tenis Roland Garros Team de Wilson, Tama\u00f1o de cabeza: 658 cm\u00b2, Peso: 267 g, Equilibrio en la cabeza, Longitud: 69,22 cm, Talla del pu\u00f1o: 2, Naranja\/azul\/blanco, WR030310U2 <\/p>\n<p>Raqueta de tenis Roland Garros Team de Wilson<br \/>\nTecnolog\u00eda Parallel Drilling en los ojales para una respuesta constante del tamiz, Tecnolog\u00eda Doble Hole para una potencia aumentada<br \/>\nEquilibrio en la cabeza, Tama\u00f1o de cabeza: 658 cm\u00b2, Peso: 267 g<br \/>\nLongitud: 69,22 cm, Patr\u00f3n del cordaje: 16\u00d720, Talla del pu\u00f1o: 2, Con cordaje, Sin funda<br \/>\nContenido: 1\u00d7 raqueta de tenis Roland Garros Team de Wilson, Tama\u00f1o de cabeza: 658 cm\u00b2, Peso: 267 g, Longitud: 69,22 cm, Talla del pu\u00f1o: 2, Naranja\/azul\/blanco, WR030310U2<br \/>\n<\/p>\n","protected":false},"excerpt":{"rendered":"<p>Raqueta de tenis Roland Garros Team de Wilson<br \/>\nTecnolog\u00eda Parallel Drilling en los ojales para una respuesta constante del tamiz, Tecnolog\u00eda Doble Hole para una potencia aumentada<br \/>\nEquilibrio en la cabeza, Tama\u00f1o de cabeza: 658 cm\u00b2, Peso: 267 g<\/p>\n","protected":false},"featured_media":83586,"comment_status":"open","ping_status":"closed","template":"","meta":{"_kadence_starter_templates_imported_post":false,"_kad_post_transparent":"","_kad_post_title":"","_kad_post_layout":"","_kad_post_sidebar_id":"","_kad_post_content_style":"","_kad_post_vertical_padding":"","_kad_post_feature":"","_kad_post_feature_position":"","_kad_post_header":false,"_kad_post_footer":false},"product_brand":[],"product_cat":[422,499],"product_tag":[],"class_list":{"0":"post-83585","1":"product","2":"type-product","3":"status-publish","4":"has-post-thumbnail","6":"product_cat-tenis","7":"product_cat-wilson","8":"pa_brand-visita-la-store-de-wilson","10":"first","11":"instock","12":"shipping-taxable","13":"purchasable","14":"product-type-simple","15":"entry","16":"content-bg","17":"loop-entry"},"_links":{"self":[{"href":"https:\/\/futllermo.com\/tienda\/wp-json\/wp\/v2\/product\/83585","targetHints":{"allow":["GET"]}}],"collection":[{"href":"https:\/\/futllermo.com\/tienda\/wp-json\/wp\/v2\/product"}],"about":[{"href":"https:\/\/futllermo.com\/tienda\/wp-json\/wp\/v2\/types\/product"}],"replies":[{"embeddable":true,"href":"https:\/\/futllermo.com\/tienda\/wp-json\/wp\/v2\/comments?post=83585"}],"wp:featuredmedia":[{"embeddable":true,"href":"https:\/\/futllermo.com\/tienda\/wp-json\/wp\/v2\/media\/83586"}],"wp:attachment":[{"href":"https:\/\/futllermo.com\/tienda\/wp-json\/wp\/v2\/media?parent=83585"}],"wp:term":[{"taxonomy":"product_brand","embeddable":true,"href":"https:\/\/futllermo.com\/tienda\/wp-json\/wp\/v2\/product_brand?post=83585"},{"taxonomy":"product_cat","embeddable":true,"href":"https:\/\/futllermo.com\/tienda\/wp-json\/wp\/v2\/product_cat?post=83585"},{"taxonomy":"product_tag","embeddable":true,"href":"https:\/\/futllermo.com\/tienda\/wp-json\/wp\/v2\/product_tag?post=83585"}],"curies":[{"name":"wp","href":"https:\/\/api.w.org\/{rel}","templated":true}]}}