{"id":83583,"date":"2021-01-13T13:08:39","date_gmt":"2021-01-13T13:08:39","guid":{"rendered":"https:\/\/futllermo.com\/tienda\/producto\/wilson-ultra-raqueta-de-tenis\/"},"modified":"2022-01-13T09:59:24","modified_gmt":"2022-01-13T09:59:24","slug":"wilson-ultra-raqueta-de-tenis","status":"publish","type":"product","link":"https:\/\/futllermo.com\/tienda\/producto\/wilson-ultra-raqueta-de-tenis\/","title":{"rendered":"Wilson Ultra Raqueta de tenis"},"content":{"rendered":"<p><!-- show up to 2 reviews by default --> <\/p>\n<p>Raqueta de tenis con dise\u00f1o minimalista y depurado &#8211; Ligera, F\u00e1cil de maniobrar para todos los \u00e1ngulos posible en la pista, Garganta con geometr\u00eda Power Rib que proporciona m\u00e1s potencia, estabilidad y rigidez para mejores maniobras &#8211; Marco con sistema de ojales Crush Zone que se comprime en el momento del impacto para potenciar el golpe y el tiempo de contacto de la pelota con el cordaje, Patr\u00f3n del cordaje: 16 x 19 &#8211; Tecnolog\u00eda Parallel Drilling: taladrado paralelo en el marco para un cordaje con una respuesta uniforme, mayor tolerancia a los fallos y punto \u00f3ptimo incrementado &#8211; Contenido: 1x Raqueta de tenis para adultos Ultra 100L de Wilson, Longitud: 68,6 cm, Cabeza: 645,2 cm2, Peso (sin cordaje): 277 g, Empu\u00f1adura: 4 1\/8\u2019\u2019, Material: grafito, Negro\/azul, WRT73741U1. <\/p>\n<p>Raqueta de tenis con dise\u00f1o minimalista y depurado<br \/>\nLigera, F\u00e1cil de maniobrar para todos los \u00e1ngulos posible en la pista, Garganta con geometr\u00eda Power Rib que proporciona m\u00e1s potencia, estabilidad y rigidez para mejores maniobras<br \/>\nMarco con sistema de ojales Crush Zone que se comprime en el momento del impacto para potenciar el golpe y el tiempo de contacto de la pelota con el cordaje, Patr\u00f3n del cordaje: 16 x 19<br \/>\nTecnolog\u00eda Parallel Drilling: taladrado paralelo en el marco para un cordaje con una respuesta uniforme, mayor tolerancia a los fallos y punto \u00f3ptimo incrementado<br \/>\nContenido: 1x Raqueta de tenis para adultos Ultra 100L de Wilson, Longitud: 68,6 cm, Cabeza: 645,2 cm2, Peso (sin cordaje): 277 g, Empu\u00f1adura: 4 1\/8\u2019\u2019, Material: grafito, Negro\/azul, WRT73741U1<br \/>\n<\/p>\n","protected":false},"excerpt":{"rendered":"<p>Raqueta de tenis con dise\u00f1o minimalista y depurado<br \/>\nLigera, F\u00e1cil de maniobrar para todos los \u00e1ngulos posible en la pista, Garganta con geometr\u00eda Power Rib que proporciona m\u00e1s potencia, estabilidad y rigidez para mejores maniobras<br \/>\nMarco con sistema de ojales Crush Zone que se comprime en el momento del impacto para potenciar el golpe y el tiempo de contacto de la pelota con el cordaje, Patr\u00f3n del cordaje: 16 x 19<\/p>\n","protected":false},"featured_media":83584,"comment_status":"open","ping_status":"closed","template":"","meta":{"_kadence_starter_templates_imported_post":false,"_kad_post_transparent":"","_kad_post_title":"","_kad_post_layout":"","_kad_post_sidebar_id":"","_kad_post_content_style":"","_kad_post_vertical_padding":"","_kad_post_feature":"","_kad_post_feature_position":"","_kad_post_header":false,"_kad_post_footer":false},"product_brand":[],"product_cat":[422,499],"product_tag":[],"class_list":{"0":"post-83583","1":"product","2":"type-product","3":"status-publish","4":"has-post-thumbnail","6":"product_cat-tenis","7":"product_cat-wilson","8":"pa_brand-visita-la-store-de-wilson","10":"first","11":"instock","12":"shipping-taxable","13":"purchasable","14":"product-type-simple","15":"entry","16":"content-bg","17":"loop-entry"},"_links":{"self":[{"href":"https:\/\/futllermo.com\/tienda\/wp-json\/wp\/v2\/product\/83583","targetHints":{"allow":["GET"]}}],"collection":[{"href":"https:\/\/futllermo.com\/tienda\/wp-json\/wp\/v2\/product"}],"about":[{"href":"https:\/\/futllermo.com\/tienda\/wp-json\/wp\/v2\/types\/product"}],"replies":[{"embeddable":true,"href":"https:\/\/futllermo.com\/tienda\/wp-json\/wp\/v2\/comments?post=83583"}],"wp:featuredmedia":[{"embeddable":true,"href":"https:\/\/futllermo.com\/tienda\/wp-json\/wp\/v2\/media\/83584"}],"wp:attachment":[{"href":"https:\/\/futllermo.com\/tienda\/wp-json\/wp\/v2\/media?parent=83583"}],"wp:term":[{"taxonomy":"product_brand","embeddable":true,"href":"https:\/\/futllermo.com\/tienda\/wp-json\/wp\/v2\/product_brand?post=83583"},{"taxonomy":"product_cat","embeddable":true,"href":"https:\/\/futllermo.com\/tienda\/wp-json\/wp\/v2\/product_cat?post=83583"},{"taxonomy":"product_tag","embeddable":true,"href":"https:\/\/futllermo.com\/tienda\/wp-json\/wp\/v2\/product_tag?post=83583"}],"curies":[{"name":"wp","href":"https:\/\/api.w.org\/{rel}","templated":true}]}}