{"id":83577,"date":"2021-01-13T13:08:29","date_gmt":"2021-01-13T13:08:29","guid":{"rendered":"https:\/\/futllermo.com\/tienda\/producto\/wilson-wrt20300u-us-open-19-raqueta-de-tenis-para-ninos-blanco-verde-a-partir-de-3-anos-hasta-100-cm-de-altura\/"},"modified":"2022-01-13T09:59:24","modified_gmt":"2022-01-13T09:59:24","slug":"wilson-wrt20300u-us-open-19-raqueta-de-tenis-para-ninos-blanco-verde-a-partir-de-3-anos-hasta-100-cm-de-altura","status":"publish","type":"product","link":"https:\/\/futllermo.com\/tienda\/producto\/wilson-wrt20300u-us-open-19-raqueta-de-tenis-para-ninos-blanco-verde-a-partir-de-3-anos-hasta-100-cm-de-altura\/","title":{"rendered":"US OPEN TNS RKT W\/O CVR"},"content":{"rendered":"<div class=\"disclaim\"> Tama\u00f1o:<strong>Altura de los ni\u00f1os: hasta 100 cm<\/strong> <\/div>\n<p> <!-- show up to 2 reviews by default --> <\/p>\n<p>Con cuatro tama\u00f1os diferentes dependiendo de la edad, el tama\u00f1o y el nivel de habilidad, el frasco abierto de EE. UU. Es una excelente opci\u00f3n para cualquier jugador j\u00fanior joven que desee ingresar al deporte. Detr\u00e1s del Patrimonio y el apoyo de los Usta, estas raquetas se utilizan en muchos eventos juveniles. Marco liviano Con un alto nivel de jugabilidad. Contenido: 1 x raqueta de tenis para ni\u00f1os Wilson US OPEN. <\/p>\n<p>Ligera y estable: adecuada para ni\u00f1os gracias a su ligereza y construcci\u00f3n robusta<br \/>\nVersatilidad: manejo f\u00e1cil y c\u00f3modo independientemente del nivel de juego<br \/>\nDise\u00f1o \u00f3ptico: moderno dise\u00f1o con llamativos colores con el logo de Wilson en el cordaje<br \/>\n<\/p>\n","protected":false},"excerpt":{"rendered":"<p>Ligera y estable: adecuada para ni\u00f1os gracias a su ligereza y construcci\u00f3n robusta<br \/>\nVersatilidad: manejo f\u00e1cil y c\u00f3modo independientemente del nivel de juego<br \/>\nDise\u00f1o \u00f3ptico: moderno dise\u00f1o con llamativos colores con el logo de Wilson en el cordaje<\/p>\n","protected":false},"featured_media":83579,"comment_status":"open","ping_status":"closed","template":"","meta":{"_kadence_starter_templates_imported_post":false,"_kad_post_transparent":"","_kad_post_title":"","_kad_post_layout":"","_kad_post_sidebar_id":"","_kad_post_content_style":"","_kad_post_vertical_padding":"","_kad_post_feature":"","_kad_post_feature_position":"","_kad_post_header":false,"_kad_post_footer":false},"product_brand":[],"product_cat":[422,499],"product_tag":[],"class_list":{"0":"post-83577","1":"product","2":"type-product","3":"status-publish","4":"has-post-thumbnail","6":"product_cat-tenis","7":"product_cat-wilson","8":"pa_brand-visita-la-store-de-wilson","10":"first","11":"instock","12":"shipping-taxable","13":"purchasable","14":"product-type-simple","15":"entry","16":"content-bg","17":"loop-entry"},"_links":{"self":[{"href":"https:\/\/futllermo.com\/tienda\/wp-json\/wp\/v2\/product\/83577","targetHints":{"allow":["GET"]}}],"collection":[{"href":"https:\/\/futllermo.com\/tienda\/wp-json\/wp\/v2\/product"}],"about":[{"href":"https:\/\/futllermo.com\/tienda\/wp-json\/wp\/v2\/types\/product"}],"replies":[{"embeddable":true,"href":"https:\/\/futllermo.com\/tienda\/wp-json\/wp\/v2\/comments?post=83577"}],"wp:featuredmedia":[{"embeddable":true,"href":"https:\/\/futllermo.com\/tienda\/wp-json\/wp\/v2\/media\/83579"}],"wp:attachment":[{"href":"https:\/\/futllermo.com\/tienda\/wp-json\/wp\/v2\/media?parent=83577"}],"wp:term":[{"taxonomy":"product_brand","embeddable":true,"href":"https:\/\/futllermo.com\/tienda\/wp-json\/wp\/v2\/product_brand?post=83577"},{"taxonomy":"product_cat","embeddable":true,"href":"https:\/\/futllermo.com\/tienda\/wp-json\/wp\/v2\/product_cat?post=83577"},{"taxonomy":"product_tag","embeddable":true,"href":"https:\/\/futllermo.com\/tienda\/wp-json\/wp\/v2\/product_tag?post=83577"}],"curies":[{"name":"wp","href":"https:\/\/api.w.org\/{rel}","templated":true}]}}