{"id":83570,"date":"2021-01-13T13:08:17","date_gmt":"2021-01-13T13:08:17","guid":{"rendered":"https:\/\/futllermo.com\/tienda\/producto\/wilson-tour-slam-lite-raqueta-de-tennis\/"},"modified":"2022-01-13T09:59:24","modified_gmt":"2022-01-13T09:59:24","slug":"wilson-tour-slam-lite-raqueta-de-tennis","status":"publish","type":"product","link":"https:\/\/futllermo.com\/tienda\/producto\/wilson-tour-slam-lite-raqueta-de-tennis\/","title":{"rendered":"Wilson Tour Slam Lite Raqueta de Tennis"},"content":{"rendered":"<p><!-- show up to 2 reviews by default --> <\/p>\n<p>Raqueta de tenis Tour Slam Lite para jugadores de tenis recreativo en busca de potencia y uniformidad. Fabricada con aleaci\u00f3n AirLite para un marco ligero con mayor potencia y durabilidad. Cabeza de tama\u00f1o extra para mayor potencia, tolerancia y un punto dulce m\u00e1s amplio. Tecnolog\u00eda V-Matrix para un punto dulce m\u00e1s amplio y mayor potencia, patr\u00f3n de cordaje: 16\u00d719. Equilibrio en la empu\u00f1adura (33 cm). Tecnolog\u00eda Power Bridge para optimizar la velocidad de rebote. Almohadillas Stop Shock ubicadas en la garganta para reducir las vibraciones. Contenido: 1\u00d7 raqueta de tenis Tour Slam Lite de Wilson, tenis recreativo, aleaci\u00f3n AirLite, cabeza: 723 cm\u00b2, 291 g, 69.85 cm, pu\u00f1o tama\u00f1o 2, con cordaje, morado y azul, WRT30210U2. <\/p>\n<p>Raqueta de tenis Tour Slam Lite para jugadores de tenis recreativo en busca de potencia y uniformidad<br \/>\nFabricada con aleaci\u00f3n AirLite para un marco ligero con mayor potencia y durabilidad; cabeza de tama\u00f1o extra para mayor potencia, tolerancia y un punto dulce m\u00e1s amplio<br \/>\nTecnolog\u00eda V-Matrix para un punto dulce m\u00e1s amplio y mayor potencia; patr\u00f3n de cordaje: 16\u00d719; equilibrio en la empu\u00f1adura (33 cm)<br \/>\nTecnolog\u00eda Power Bridge para optimizar la velocidad de rebote; almohadillas Stop Shock ubicadas en la garganta para reducir las vibraciones; con cordaje<br \/>\nContenido: 1\u00d7 raqueta de tenis Tour Slam Lite de Wilson, tenis recreativo, aleaci\u00f3n AirLite, cabeza: 723 cm\u00b2, 291 g, 69.85 cm, pu\u00f1o tama\u00f1o 2, morado y azul, WRT30210U2<br \/>\n<\/p>\n","protected":false},"excerpt":{"rendered":"<p>Raqueta de tenis Tour Slam Lite para jugadores de tenis recreativo en busca de potencia y uniformidad<br \/>\nFabricada con aleaci\u00f3n AirLite para un marco ligero con mayor potencia y durabilidad; cabeza de tama\u00f1o extra para mayor potencia, tolerancia y un punto dulce m\u00e1s amplio<br \/>\nTecnolog\u00eda V-Matrix para un punto dulce m\u00e1s amplio y mayor potencia; patr\u00f3n de cordaje: 16\u00d719; equilibrio en la empu\u00f1adura (33 cm)<\/p>\n","protected":false},"featured_media":83572,"comment_status":"open","ping_status":"closed","template":"","meta":{"_kadence_starter_templates_imported_post":false,"_kad_post_transparent":"","_kad_post_title":"","_kad_post_layout":"","_kad_post_sidebar_id":"","_kad_post_content_style":"","_kad_post_vertical_padding":"","_kad_post_feature":"","_kad_post_feature_position":"","_kad_post_header":false,"_kad_post_footer":false},"product_brand":[],"product_cat":[422,499],"product_tag":[],"class_list":{"0":"post-83570","1":"product","2":"type-product","3":"status-publish","4":"has-post-thumbnail","6":"product_cat-tenis","7":"product_cat-wilson","8":"pa_brand-visita-la-store-de-wilson","10":"first","11":"instock","12":"shipping-taxable","13":"purchasable","14":"product-type-simple","15":"entry","16":"content-bg","17":"loop-entry"},"_links":{"self":[{"href":"https:\/\/futllermo.com\/tienda\/wp-json\/wp\/v2\/product\/83570","targetHints":{"allow":["GET"]}}],"collection":[{"href":"https:\/\/futllermo.com\/tienda\/wp-json\/wp\/v2\/product"}],"about":[{"href":"https:\/\/futllermo.com\/tienda\/wp-json\/wp\/v2\/types\/product"}],"replies":[{"embeddable":true,"href":"https:\/\/futllermo.com\/tienda\/wp-json\/wp\/v2\/comments?post=83570"}],"wp:featuredmedia":[{"embeddable":true,"href":"https:\/\/futllermo.com\/tienda\/wp-json\/wp\/v2\/media\/83572"}],"wp:attachment":[{"href":"https:\/\/futllermo.com\/tienda\/wp-json\/wp\/v2\/media?parent=83570"}],"wp:term":[{"taxonomy":"product_brand","embeddable":true,"href":"https:\/\/futllermo.com\/tienda\/wp-json\/wp\/v2\/product_brand?post=83570"},{"taxonomy":"product_cat","embeddable":true,"href":"https:\/\/futllermo.com\/tienda\/wp-json\/wp\/v2\/product_cat?post=83570"},{"taxonomy":"product_tag","embeddable":true,"href":"https:\/\/futllermo.com\/tienda\/wp-json\/wp\/v2\/product_tag?post=83570"}],"curies":[{"name":"wp","href":"https:\/\/api.w.org\/{rel}","templated":true}]}}