{"id":83569,"date":"2021-01-13T13:08:15","date_gmt":"2021-01-13T13:08:15","guid":{"rendered":"https:\/\/futllermo.com\/tienda\/producto\/wilson-blade-raqueta-de-tenis-101l\/"},"modified":"2022-01-13T09:59:24","modified_gmt":"2022-01-13T09:59:24","slug":"wilson-blade-raqueta-de-tenis-101l","status":"publish","type":"product","link":"https:\/\/futllermo.com\/tienda\/producto\/wilson-blade-raqueta-de-tenis-101l\/","title":{"rendered":"Wilson Blade Raqueta de tenis 101L"},"content":{"rendered":"<p><!-- show up to 2 reviews by default --> <\/p>\n<p>Raqueta de tenis para jugadores adultos en busca de la combinaci\u00f3n \u00f3ptima de fuerza y precisi\u00f3n &#8211; Cabeza de tama\u00f1o ligeramente superior, Marco m\u00e1s grueso, Tecnolog\u00eda Top Grip Taper: mayor comodidad para golpes de rev\u00e9s con dos manos &#8211; Tecnolog\u00eda Parallel Drilling para una respuesta m\u00e1s constante del cordaje, Patr\u00f3n del cordaje: 16 x 19 &#8211; Marco con FeelFlex, tecnolog\u00eda propia de Wilson de colocaci\u00f3n estrat\u00e9gica carbono en el marco para m\u00e1s estabilidad y flexibilidad adicional, as\u00ed como una mejor sensaci\u00f3n de conexi\u00f3n con la pelota &#8211; Contenido: 1x Raqueta de tenis Blade 101L V7.0 de Wilson, Cabeza: 652 cm2, Peso (sin cordaje): 274 g, Empu\u00f1adura: 4\u00bb, Equilibro sin cordaje: 33 cm, Grafito, negro\/gris\/verde lima, WR022910U0. <\/p>\n<p>Raqueta de tenis para jugadores adultos en busca de la combinaci\u00f3n \u00f3ptima de fuerza y precisi\u00f3n<br \/>\nCabeza de tama\u00f1o ligeramente superior, Marco m\u00e1s grueso, Tecnolog\u00eda Top Grip Taper: mayor comodidad para golpes de rev\u00e9s con dos manos<br \/>\nTecnolog\u00eda Parallel Drilling para una respuesta m\u00e1s constante del cordaje, Patr\u00f3n del cordaje: 16 x 19<br \/>\nMarco con FeelFlex, tecnolog\u00eda propia de Wilson de colocaci\u00f3n estrat\u00e9gica carbono en el marco para m\u00e1s estabilidad y flexibilidad adicional, as\u00ed como una mejor sensaci\u00f3n de conexi\u00f3n con la pelota<br \/>\nContenido: 1x Raqueta de tenis Blade 101L V7.0 de Wilson, Cabeza: 652 cm2, Peso (sin cordaje): 274 g, Empu\u00f1adura: 4\u00bb, Equilibro sin cordaje: 33 cm, Grafito, negro\/gris\/verde lima, WR022910U0<br \/>\n<\/p>\n","protected":false},"excerpt":{"rendered":"<p>Raqueta de tenis para jugadores adultos en busca de la combinaci\u00f3n \u00f3ptima de fuerza y precisi\u00f3n<br \/>\nCabeza de tama\u00f1o ligeramente superior, Marco m\u00e1s grueso, Tecnolog\u00eda Top Grip Taper: mayor comodidad para golpes de rev\u00e9s con dos manos<br \/>\nTecnolog\u00eda Parallel Drilling para una respuesta m\u00e1s constante del cordaje, Patr\u00f3n del cordaje: 16 x 19<\/p>\n","protected":false},"featured_media":83571,"comment_status":"open","ping_status":"closed","template":"","meta":{"_kadence_starter_templates_imported_post":false,"_kad_post_transparent":"","_kad_post_title":"","_kad_post_layout":"","_kad_post_sidebar_id":"","_kad_post_content_style":"","_kad_post_vertical_padding":"","_kad_post_feature":"","_kad_post_feature_position":"","_kad_post_header":false,"_kad_post_footer":false},"product_brand":[],"product_cat":[422,499],"product_tag":[],"class_list":{"0":"post-83569","1":"product","2":"type-product","3":"status-publish","4":"has-post-thumbnail","6":"product_cat-tenis","7":"product_cat-wilson","8":"pa_brand-visita-la-store-de-wilson","10":"first","11":"instock","12":"shipping-taxable","13":"purchasable","14":"product-type-simple","15":"entry","16":"content-bg","17":"loop-entry"},"_links":{"self":[{"href":"https:\/\/futllermo.com\/tienda\/wp-json\/wp\/v2\/product\/83569","targetHints":{"allow":["GET"]}}],"collection":[{"href":"https:\/\/futllermo.com\/tienda\/wp-json\/wp\/v2\/product"}],"about":[{"href":"https:\/\/futllermo.com\/tienda\/wp-json\/wp\/v2\/types\/product"}],"replies":[{"embeddable":true,"href":"https:\/\/futllermo.com\/tienda\/wp-json\/wp\/v2\/comments?post=83569"}],"wp:featuredmedia":[{"embeddable":true,"href":"https:\/\/futllermo.com\/tienda\/wp-json\/wp\/v2\/media\/83571"}],"wp:attachment":[{"href":"https:\/\/futllermo.com\/tienda\/wp-json\/wp\/v2\/media?parent=83569"}],"wp:term":[{"taxonomy":"product_brand","embeddable":true,"href":"https:\/\/futllermo.com\/tienda\/wp-json\/wp\/v2\/product_brand?post=83569"},{"taxonomy":"product_cat","embeddable":true,"href":"https:\/\/futllermo.com\/tienda\/wp-json\/wp\/v2\/product_cat?post=83569"},{"taxonomy":"product_tag","embeddable":true,"href":"https:\/\/futllermo.com\/tienda\/wp-json\/wp\/v2\/product_tag?post=83569"}],"curies":[{"name":"wp","href":"https:\/\/api.w.org\/{rel}","templated":true}]}}