{"id":83558,"date":"2021-01-13T13:07:51","date_gmt":"2021-01-13T13:07:51","guid":{"rendered":"https:\/\/futllermo.com\/tienda\/producto\/wilson-blade-feel-pro-105-raqueta-de-tennis-unisex-adulto\/"},"modified":"2022-01-13T09:59:24","modified_gmt":"2022-01-13T09:59:24","slug":"wilson-blade-feel-pro-105-raqueta-de-tennis-unisex-adulto","status":"publish","type":"product","link":"https:\/\/futllermo.com\/tienda\/producto\/wilson-blade-feel-pro-105-raqueta-de-tennis-unisex-adulto\/","title":{"rendered":"Wilson Blade Feel Pro 105 Raqueta de Tennis, Unisex Adulto"},"content":{"rendered":"<p><!-- show up to 2 reviews by default --> <\/p>\n<p>Raqueta de tenis Blade Feel Pro 105 para jugadores de tenis recreativo en busca de mejorar. Cabeza mediana superior para mas maniobrabilidad y un punto dulce m\u00e1s amplio. Fabricada con compuesto de grafito y aluminio combina rigidez y flexibilidad para una mejor jugabilidad. Tecnolog\u00eda Arc 2 para mayor estabilidad y control. Ojales con tecnolog\u00eda Double Hole que permite un mayor movimiento del cordaje para una mayor absorci\u00f3n de impactos y un punto dulce m\u00e1s amplio. Protector ligero AirLite. Agarre perforado de la empu\u00f1adura para mejorar a la absorci\u00f3n de la humedad. Atractivo dise\u00f1o inspirado en la colecci\u00f3n Blade de Wilson. Contenido: 1\u00d7 raqueta de tenis Blade Feel Pro 105 de Wilson, fibra de vidrio y aluminio, cabeza: 677 cm\u00b2, 69.22 cm, 278 g, pu\u00f1o tama\u00f1o 1, con cordaje, lima y negro, WR018810U1. <\/p>\n<p>Raqueta de tenis Blade Feel Pro 105 para jugadores de tenis recreativo en busca de mejorar; cabeza mediana superior para mas maniobrabilidad y un punto dulce m\u00e1s amplio<br \/>\nFabricada con compuesto de grafito y aluminio combina rigidez y flexibilidad para una mejor jugabilidad; tecnolog\u00eda Arc 2 para mayor estabilidad y control<br \/>\nOjales con tecnolog\u00eda Double Hole que permite un mayor movimiento del cordaje para una mayor absorci\u00f3n de impactos y un punto dulce m\u00e1s amplio; con cordaje<br \/>\nProtector ligero AirLite; agarre perforado de la empu\u00f1adura para mejorar a la absorci\u00f3n de la humedad; atractivo dise\u00f1o inspirado en la colecci\u00f3n Blade de Wilson<br \/>\nContenido: 1\u00d7 raqueta de tenis Blade Feel Pro 105 de Wilson, fibra de vidrio y aluminio, cabeza: 677 cm\u00b2, 69.22 cm, 278 g, pu\u00f1o tama\u00f1o 1, con cordaje, lima y negro, WR018810U1<br \/>\n<\/p>\n","protected":false},"excerpt":{"rendered":"<p>Raqueta de tenis Blade Feel Pro 105 para jugadores de tenis recreativo en busca de mejorar; cabeza mediana superior para mas maniobrabilidad y un punto dulce m\u00e1s amplio<br \/>\nFabricada con compuesto de grafito y aluminio combina rigidez y flexibilidad para una mejor jugabilidad; tecnolog\u00eda Arc 2 para mayor estabilidad y control<br \/>\nOjales con tecnolog\u00eda Double Hole que permite un mayor movimiento del cordaje para una mayor absorci\u00f3n de impactos y un punto dulce m\u00e1s amplio; con cordaje<\/p>\n","protected":false},"featured_media":83560,"comment_status":"open","ping_status":"closed","template":"","meta":{"_kadence_starter_templates_imported_post":false,"_kad_post_transparent":"","_kad_post_title":"","_kad_post_layout":"","_kad_post_sidebar_id":"","_kad_post_content_style":"","_kad_post_vertical_padding":"","_kad_post_feature":"","_kad_post_feature_position":"","_kad_post_header":false,"_kad_post_footer":false},"product_brand":[],"product_cat":[422,499],"product_tag":[],"class_list":{"0":"post-83558","1":"product","2":"type-product","3":"status-publish","4":"has-post-thumbnail","6":"product_cat-tenis","7":"product_cat-wilson","8":"pa_brand-visita-la-store-de-wilson","10":"first","11":"instock","12":"shipping-taxable","13":"purchasable","14":"product-type-simple","15":"entry","16":"content-bg","17":"loop-entry"},"_links":{"self":[{"href":"https:\/\/futllermo.com\/tienda\/wp-json\/wp\/v2\/product\/83558","targetHints":{"allow":["GET"]}}],"collection":[{"href":"https:\/\/futllermo.com\/tienda\/wp-json\/wp\/v2\/product"}],"about":[{"href":"https:\/\/futllermo.com\/tienda\/wp-json\/wp\/v2\/types\/product"}],"replies":[{"embeddable":true,"href":"https:\/\/futllermo.com\/tienda\/wp-json\/wp\/v2\/comments?post=83558"}],"wp:featuredmedia":[{"embeddable":true,"href":"https:\/\/futllermo.com\/tienda\/wp-json\/wp\/v2\/media\/83560"}],"wp:attachment":[{"href":"https:\/\/futllermo.com\/tienda\/wp-json\/wp\/v2\/media?parent=83558"}],"wp:term":[{"taxonomy":"product_brand","embeddable":true,"href":"https:\/\/futllermo.com\/tienda\/wp-json\/wp\/v2\/product_brand?post=83558"},{"taxonomy":"product_cat","embeddable":true,"href":"https:\/\/futllermo.com\/tienda\/wp-json\/wp\/v2\/product_cat?post=83558"},{"taxonomy":"product_tag","embeddable":true,"href":"https:\/\/futllermo.com\/tienda\/wp-json\/wp\/v2\/product_tag?post=83558"}],"curies":[{"name":"wp","href":"https:\/\/api.w.org\/{rel}","templated":true}]}}