{"id":83557,"date":"2021-01-13T13:07:50","date_gmt":"2021-01-13T13:07:50","guid":{"rendered":"https:\/\/futllermo.com\/tienda\/producto\/wilson-tour-slam-pelotas-de-tenis\/"},"modified":"2022-01-13T09:59:24","modified_gmt":"2022-01-13T09:59:24","slug":"wilson-tour-slam-pelotas-de-tenis","status":"publish","type":"product","link":"https:\/\/futllermo.com\/tienda\/producto\/wilson-tour-slam-pelotas-de-tenis\/","title":{"rendered":"Wilson Tour Slam Pelotas de tenis"},"content":{"rendered":"<div class=\"disclaim\"> Tama\u00f1o:<strong>3<\/strong> | Color:<strong>negro \/ azul<\/strong> <\/div>\n<p> <!-- show up to 2 reviews by default --> <\/p>\n<p>Despu\u00e9s de casi un siglo en el coraz\u00f3n de la historia del deporte, ninguna otra compa\u00f1\u00eda ha tenido tanta influencia ni se ha implicado tanto en dar forma a los partidos de tenis, golf, b\u00e9isbol y f\u00fatbol americano como Wilson. Como art\u00edfice de las mejores tecnolog\u00edas, Wilson ha fabricado cl\u00e1sicos legendarios y se ha ganado una reputaci\u00f3n a nivel internacional en todos los deportes en los que participa. Respaldada por generaciones de atletas, la marca Wilson es un verdadero icono americano en el mundo del equipamiento deportivo. Wilson es uno de los principales fabricantes mundiales de equipamiento deportivo. Las principales categor\u00edas deportivas de Wilson son: tenis, b\u00e9isbol, f\u00fatbol americano, golf, baloncesto, s\u00f3ftbol, b\u00e1dminton y squash. El negocio de Wilson est\u00e1 estructurado en tres unidades empresariales: Racquet Sports, Team Sports y Golf. Con sede en Chicago, Estados Unidos, Wilson tiene m\u00e1s de 1.600 empleados en todo el mundo. Nuestra red de ventas sirve a clientes de m\u00e1s de 100 pa\u00edses. <\/p>\n<p>Raqueta de tenis para jugadores principiantes, Baricentro 32 cm, Apta para todas las \u00e1reas de la pista<br \/>\nPotencia y estabilidad gracias a la tecnolog\u00eda Volcanic Frame, Amplio punto dulce que permite una gran tolerancia, Marco: 723cm\u00b2, Cordaje: 16&#215;19<br \/>\nVibraciones reducidas para un mayor control gracias a la tecnolog\u00eda Stop Shock Pads<br \/>\nMedida de la empu\u00f1adura L3, Cuerdas verticales m\u00e1s largas para conseguir mayor potencia<br \/>\nContenido: 1 Raqueta de tenis Wilson, Tour Slam Lite, Largo: 70 cm, Peso sin cordaje: 274 g, Tensi\u00f3n del cordaje: 22-26 kg, Medida: 3, Color: Azul\/Negro, WRT30230U3<br \/>\n<\/p>\n","protected":false},"excerpt":{"rendered":"<p>Raqueta de tenis para jugadores principiantes, Baricentro 32 cm, Apta para todas las \u00e1reas de la pista<br \/>\nPotencia y estabilidad gracias a la tecnolog\u00eda Volcanic Frame, Amplio punto dulce que permite una gran tolerancia, Marco: 723cm\u00b2, Cordaje: 16&#215;19<br \/>\nVibraciones reducidas para un mayor control gracias a la tecnolog\u00eda Stop Shock Pads<\/p>\n","protected":false},"featured_media":83559,"comment_status":"open","ping_status":"closed","template":"","meta":{"_kadence_starter_templates_imported_post":false,"_kad_post_transparent":"","_kad_post_title":"","_kad_post_layout":"","_kad_post_sidebar_id":"","_kad_post_content_style":"","_kad_post_vertical_padding":"","_kad_post_feature":"","_kad_post_feature_position":"","_kad_post_header":false,"_kad_post_footer":false},"product_brand":[],"product_cat":[422,499],"product_tag":[],"class_list":{"0":"post-83557","1":"product","2":"type-product","3":"status-publish","4":"has-post-thumbnail","6":"product_cat-tenis","7":"product_cat-wilson","8":"pa_brand-visita-la-store-de-wilson","10":"first","11":"instock","12":"shipping-taxable","13":"purchasable","14":"product-type-simple","15":"entry","16":"content-bg","17":"loop-entry"},"_links":{"self":[{"href":"https:\/\/futllermo.com\/tienda\/wp-json\/wp\/v2\/product\/83557","targetHints":{"allow":["GET"]}}],"collection":[{"href":"https:\/\/futllermo.com\/tienda\/wp-json\/wp\/v2\/product"}],"about":[{"href":"https:\/\/futllermo.com\/tienda\/wp-json\/wp\/v2\/types\/product"}],"replies":[{"embeddable":true,"href":"https:\/\/futllermo.com\/tienda\/wp-json\/wp\/v2\/comments?post=83557"}],"wp:featuredmedia":[{"embeddable":true,"href":"https:\/\/futllermo.com\/tienda\/wp-json\/wp\/v2\/media\/83559"}],"wp:attachment":[{"href":"https:\/\/futllermo.com\/tienda\/wp-json\/wp\/v2\/media?parent=83557"}],"wp:term":[{"taxonomy":"product_brand","embeddable":true,"href":"https:\/\/futllermo.com\/tienda\/wp-json\/wp\/v2\/product_brand?post=83557"},{"taxonomy":"product_cat","embeddable":true,"href":"https:\/\/futllermo.com\/tienda\/wp-json\/wp\/v2\/product_cat?post=83557"},{"taxonomy":"product_tag","embeddable":true,"href":"https:\/\/futllermo.com\/tienda\/wp-json\/wp\/v2\/product_tag?post=83557"}],"curies":[{"name":"wp","href":"https:\/\/api.w.org\/{rel}","templated":true}]}}