{"id":83550,"date":"2021-01-13T13:07:41","date_gmt":"2021-01-13T13:07:41","guid":{"rendered":"https:\/\/futllermo.com\/tienda\/producto\/wilson-clash-100-raqueta-de-tenis\/"},"modified":"2022-01-13T09:59:23","modified_gmt":"2022-01-13T09:59:23","slug":"wilson-clash-100-raqueta-de-tenis","status":"publish","type":"product","link":"https:\/\/futllermo.com\/tienda\/producto\/wilson-clash-100-raqueta-de-tenis\/","title":{"rendered":"Wilson Raqueta de tenis Clash 100"},"content":{"rendered":"<div class=\"disclaim\"> Tama\u00f1o de la empu\u00f1adura:<strong>4 3\/8<\/strong> <\/div>\n<p> <!-- show up to 2 reviews by default --> <\/p>\n<p>Raqueta clash 100 frm de unisex adulto para tenis de la marca wilson. Wilson cuenta con gran cantidad de accesorios deportivos fabricados con la m\u00e1xima tecnolog\u00eda, cuidado y materiales de primera calidad para que puedas practicar tu deporte favorito. <\/p>\n<p>Raqueta de para unisex adulto<br \/>\nAccesorios deportivos de tenis de la marca wilson<br \/>\nModelo clash 100 frm, referencia wr005611u3<br \/>\nLos accesorios deportivos de la marca wilson est\u00e1n dise\u00f1ados para que disfrutes de tu deporte favorito sin preocuparte de nada m\u00e1s que rendir al m\u00e1ximo<br \/>\nRaqueta accesorios deportivos wilson fabricados con materiales de primera calidad que se adaptan perfectamente a ti<br \/>\n<\/p>\n","protected":false},"excerpt":{"rendered":"<p>Raqueta de para unisex adulto<br \/>\nAccesorios deportivos de tenis de la marca wilson<br \/>\nModelo clash 100 frm, referencia wr005611u3<\/p>\n","protected":false},"featured_media":83552,"comment_status":"open","ping_status":"closed","template":"","meta":{"_kadence_starter_templates_imported_post":false,"_kad_post_transparent":"","_kad_post_title":"","_kad_post_layout":"","_kad_post_sidebar_id":"","_kad_post_content_style":"","_kad_post_vertical_padding":"","_kad_post_feature":"","_kad_post_feature_position":"","_kad_post_header":false,"_kad_post_footer":false},"product_brand":[],"product_cat":[422,499],"product_tag":[],"class_list":{"0":"post-83550","1":"product","2":"type-product","3":"status-publish","4":"has-post-thumbnail","6":"product_cat-tenis","7":"product_cat-wilson","8":"pa_brand-visita-la-store-de-wilson","10":"first","11":"instock","12":"shipping-taxable","13":"purchasable","14":"product-type-simple","15":"entry","16":"content-bg","17":"loop-entry"},"_links":{"self":[{"href":"https:\/\/futllermo.com\/tienda\/wp-json\/wp\/v2\/product\/83550","targetHints":{"allow":["GET"]}}],"collection":[{"href":"https:\/\/futllermo.com\/tienda\/wp-json\/wp\/v2\/product"}],"about":[{"href":"https:\/\/futllermo.com\/tienda\/wp-json\/wp\/v2\/types\/product"}],"replies":[{"embeddable":true,"href":"https:\/\/futllermo.com\/tienda\/wp-json\/wp\/v2\/comments?post=83550"}],"wp:featuredmedia":[{"embeddable":true,"href":"https:\/\/futllermo.com\/tienda\/wp-json\/wp\/v2\/media\/83552"}],"wp:attachment":[{"href":"https:\/\/futllermo.com\/tienda\/wp-json\/wp\/v2\/media?parent=83550"}],"wp:term":[{"taxonomy":"product_brand","embeddable":true,"href":"https:\/\/futllermo.com\/tienda\/wp-json\/wp\/v2\/product_brand?post=83550"},{"taxonomy":"product_cat","embeddable":true,"href":"https:\/\/futllermo.com\/tienda\/wp-json\/wp\/v2\/product_cat?post=83550"},{"taxonomy":"product_tag","embeddable":true,"href":"https:\/\/futllermo.com\/tienda\/wp-json\/wp\/v2\/product_tag?post=83550"}],"curies":[{"name":"wp","href":"https:\/\/api.w.org\/{rel}","templated":true}]}}