{"id":83549,"date":"2021-01-13T13:07:40","date_gmt":"2021-01-13T13:07:40","guid":{"rendered":"https:\/\/futllermo.com\/tienda\/producto\/wilson-blade-feel-105-raqueta-de-tennis-unisex-adulto\/"},"modified":"2022-01-13T09:59:23","modified_gmt":"2022-01-13T09:59:23","slug":"wilson-blade-feel-105-raqueta-de-tennis-unisex-adulto","status":"publish","type":"product","link":"https:\/\/futllermo.com\/tienda\/producto\/wilson-blade-feel-105-raqueta-de-tennis-unisex-adulto\/","title":{"rendered":"Wilson Blade Feel 105 Raqueta de Tennis, Unisex Adulto"},"content":{"rendered":"<p><!-- show up to 2 reviews by default --> <\/p>\n<p>Raqueta de tenis Blade Feel 105 de Wilson para jugadores ambiciosos de tenis recreativo, con longitud adicional para un mayor alcance y mejor cobertura de la pista. Fabricada con un compuesto de grafito y aluminio que brinda una combinaci\u00f3n de rigidez y flexibilidad para una mejor jugabilidad. Ligera y con cabeza de tama\u00f1o mediano superior para un punto dulce m\u00e1s amplio y mayor tolerancia. Equilibrio en la empu\u00f1adura (34 cm). Empu\u00f1adura con tecnolog\u00eda Cushion-Aire para mayor comodidad. Atractivo dise\u00f1o inspirado en la colecci\u00f3n Blade de Wilson, patr\u00f3n del cordaje: 16\u00d719 cm. Contenido: 1\u00d7 raqueta de tenis Blade Feel 105 de Wilson, fibra de vidrio y aluminio, cabeza: 677 cm\u00b2, 69.2 cm, 275 g, pu\u00f1o tama\u00f1o 1, con cordaje, negro y lima, WR018710U1. <\/p>\n<p>Raqueta de tenis Blade Feel 105 de Wilson para jugadores ambiciosos de tenis recreativo; con longitud adicional para un mayor alcance y mejor cobertura de la pista<br \/>\nFabricada con un compuesto de grafito y aluminio que brinda una combinaci\u00f3n de rigidez y flexibilidad para una mejor jugabilidad<br \/>\nLigera y con cabeza de tama\u00f1o mediano superior para un punto dulce m\u00e1s amplio y mayor tolerancia; con cordaje; equilibrio en la empu\u00f1adura (34 cm)<br \/>\nEmpu\u00f1adura con tecnolog\u00eda Cushion-Aire para mayor comodidad; atractivo dise\u00f1o inspirado en la colecci\u00f3n Blade de Wilson; patr\u00f3n del cordaje: 16\u00d719 cm<br \/>\nContenido: 1\u00d7 raqueta de tenis Blade Feel 105 de Wilson, fibra de vidrio y aluminio, cabeza: 677 cm\u00b2, 69.2 cm, 275 g, pu\u00f1o tama\u00f1o 1, con cordaje, negro y lima, WR018710U1<br \/>\n<\/p>\n","protected":false},"excerpt":{"rendered":"<p>Raqueta de tenis Blade Feel 105 de Wilson para jugadores ambiciosos de tenis recreativo; con longitud adicional para un mayor alcance y mejor cobertura de la pista<br \/>\nFabricada con un compuesto de grafito y aluminio que brinda una combinaci\u00f3n de rigidez y flexibilidad para una mejor jugabilidad<br \/>\nLigera y con cabeza de tama\u00f1o mediano superior para un punto dulce m\u00e1s amplio y mayor tolerancia; con cordaje; equilibrio en la empu\u00f1adura (34 cm)<\/p>\n","protected":false},"featured_media":83551,"comment_status":"open","ping_status":"closed","template":"","meta":{"_kadence_starter_templates_imported_post":false,"_kad_post_transparent":"","_kad_post_title":"","_kad_post_layout":"","_kad_post_sidebar_id":"","_kad_post_content_style":"","_kad_post_vertical_padding":"","_kad_post_feature":"","_kad_post_feature_position":"","_kad_post_header":false,"_kad_post_footer":false},"product_brand":[],"product_cat":[422,499],"product_tag":[],"class_list":{"0":"post-83549","1":"product","2":"type-product","3":"status-publish","4":"has-post-thumbnail","6":"product_cat-tenis","7":"product_cat-wilson","8":"pa_brand-visita-la-store-de-wilson","10":"first","11":"instock","12":"shipping-taxable","13":"purchasable","14":"product-type-simple","15":"entry","16":"content-bg","17":"loop-entry"},"_links":{"self":[{"href":"https:\/\/futllermo.com\/tienda\/wp-json\/wp\/v2\/product\/83549","targetHints":{"allow":["GET"]}}],"collection":[{"href":"https:\/\/futllermo.com\/tienda\/wp-json\/wp\/v2\/product"}],"about":[{"href":"https:\/\/futllermo.com\/tienda\/wp-json\/wp\/v2\/types\/product"}],"replies":[{"embeddable":true,"href":"https:\/\/futllermo.com\/tienda\/wp-json\/wp\/v2\/comments?post=83549"}],"wp:featuredmedia":[{"embeddable":true,"href":"https:\/\/futllermo.com\/tienda\/wp-json\/wp\/v2\/media\/83551"}],"wp:attachment":[{"href":"https:\/\/futllermo.com\/tienda\/wp-json\/wp\/v2\/media?parent=83549"}],"wp:term":[{"taxonomy":"product_brand","embeddable":true,"href":"https:\/\/futllermo.com\/tienda\/wp-json\/wp\/v2\/product_brand?post=83549"},{"taxonomy":"product_cat","embeddable":true,"href":"https:\/\/futllermo.com\/tienda\/wp-json\/wp\/v2\/product_cat?post=83549"},{"taxonomy":"product_tag","embeddable":true,"href":"https:\/\/futllermo.com\/tienda\/wp-json\/wp\/v2\/product_tag?post=83549"}],"curies":[{"name":"wp","href":"https:\/\/api.w.org\/{rel}","templated":true}]}}