{"id":83539,"date":"2021-01-13T13:03:03","date_gmt":"2021-01-13T13:03:03","guid":{"rendered":"https:\/\/futllermo.com\/tienda\/producto\/ylovow-profesional-maquina-de-lanzamiento-de-pelotas-para-tenis-maquina-de-lanzamiento-automatica-para-servir-con-control-remoto\/"},"modified":"2022-01-13T09:59:23","modified_gmt":"2022-01-13T09:59:23","slug":"ylovow-profesional-maquina-de-lanzamiento-de-pelotas-para-tenis-maquina-de-lanzamiento-automatica-para-servir-con-control-remoto","status":"publish","type":"product","link":"https:\/\/futllermo.com\/tienda\/producto\/ylovow-profesional-maquina-de-lanzamiento-de-pelotas-para-tenis-maquina-de-lanzamiento-automatica-para-servir-con-control-remoto\/","title":{"rendered":"YLOVOW Profesional M\u00e1quina De Lanzamiento De Pelotas para Tenis, M\u00e1quina De Lanzamiento Autom\u00e1tica para Servir con\u2026"},"content":{"rendered":"<p><!-- show up to 2 reviews by default --> <\/p>\n<p>Informaci\u00f3n del Producto<br \/>Potencia de uso: CA 100 \/ 240V, CC 12V (opcional)<br \/>Potencia: 120 W<br \/>Capacidad de carga: 150PS<br \/>Peso: 22 kg<br \/>Velocidad de servicio: 20-140 km\/ h<br \/>Frecuencia de servicio: 1.8-6 segundos \/ bola<br \/>Direccion de servicio: incorporado<br \/>color: rojo<br \/>Accesorios del producto: un control remoto, un cable de alimentacion de CA<\/p>\n<p>Lista de productos:<br \/>1 *M\u00e1quina para Tenis <\/p>\n<p>Puede contener hasta 180 pelotas de tenis de tama\u00f1o est\u00e1ndar<br \/>\nSOCIO PR\u00c1CTICO: Pelotas Tenis m\u00e1quina de Entrenamiento funciona autom\u00e1ticamente, la salida de la pelota grande proporciona una acci\u00f3n suave, no es f\u00e1cil de bloquear. Puedes ponerlo en cualquier lugar para entrenar tu habilidad.<br \/>\nM\u00e1quina profesional de entrenamiento de tenis: con velocidad, frecuencia, \u00e1ngulo, pelota giratoria, funci\u00f3n aleatoria, adecuada para el entrenamiento profesional de atletas.<br \/>\nGRAN HERRAMIENTA: esta m\u00e1quina es pr\u00e1ctica y conveniente, control remoto disponible, m\u00faltiples funciones, tu herramienta de entrenamiento ideal, adecuada para amantes del Tenis.<br \/>\n[Garant\u00eda]: Si usted tiene alguna pregunta sobre la calidad del producto, no dude en ponerse en contacto con nosotros. Una vez que hayamos confirmado el problema, se resolver\u00e1 a coste cero.<br \/>\n<\/p>\n","protected":false},"excerpt":{"rendered":"<p>Puede contener hasta 180 pelotas de tenis de tama\u00f1o est\u00e1ndar<br \/>\nSOCIO PR\u00c1CTICO: Pelotas Tenis m\u00e1quina de Entrenamiento funciona autom\u00e1ticamente, la salida de la pelota grande proporciona una acci\u00f3n suave, no es f\u00e1cil de bloquear. Puedes ponerlo en cualquier lugar para entrenar tu habilidad.<br \/>\nM\u00e1quina profesional de entrenamiento de tenis: con velocidad, frecuencia, \u00e1ngulo, pelota giratoria, funci\u00f3n aleatoria, adecuada para el entrenamiento profesional de atletas.<\/p>\n","protected":false},"featured_media":83542,"comment_status":"open","ping_status":"closed","template":"","meta":{"_kadence_starter_templates_imported_post":false,"_kad_post_transparent":"","_kad_post_title":"","_kad_post_layout":"","_kad_post_sidebar_id":"","_kad_post_content_style":"","_kad_post_vertical_padding":"","_kad_post_feature":"","_kad_post_feature_position":"","_kad_post_header":false,"_kad_post_footer":false},"product_brand":[],"product_cat":[497,422],"product_tag":[],"class_list":{"0":"post-83539","1":"product","2":"type-product","3":"status-publish","4":"has-post-thumbnail","6":"product_cat-lanzapelotas","7":"product_cat-tenis","8":"pa_brand-marca-ylovow","9":"pa_clasificacion-en-los-mas-vend-no923738-en-deportes-y-aire-libre-ver-el-top-100-en-deportes-y-aire-libre-no20-en-maquinas-de-pelotas-para-tenis","10":"pa_marca-ylovow","11":"pa_numero-de-modelo-691-149-580","12":"pa_producto-en-amazon-es-desde-23-noviembre-2019","14":"first","15":"instock","16":"shipping-taxable","17":"purchasable","18":"product-type-simple","19":"entry","20":"content-bg","21":"loop-entry"},"_links":{"self":[{"href":"https:\/\/futllermo.com\/tienda\/wp-json\/wp\/v2\/product\/83539","targetHints":{"allow":["GET"]}}],"collection":[{"href":"https:\/\/futllermo.com\/tienda\/wp-json\/wp\/v2\/product"}],"about":[{"href":"https:\/\/futllermo.com\/tienda\/wp-json\/wp\/v2\/types\/product"}],"replies":[{"embeddable":true,"href":"https:\/\/futllermo.com\/tienda\/wp-json\/wp\/v2\/comments?post=83539"}],"wp:featuredmedia":[{"embeddable":true,"href":"https:\/\/futllermo.com\/tienda\/wp-json\/wp\/v2\/media\/83542"}],"wp:attachment":[{"href":"https:\/\/futllermo.com\/tienda\/wp-json\/wp\/v2\/media?parent=83539"}],"wp:term":[{"taxonomy":"product_brand","embeddable":true,"href":"https:\/\/futllermo.com\/tienda\/wp-json\/wp\/v2\/product_brand?post=83539"},{"taxonomy":"product_cat","embeddable":true,"href":"https:\/\/futllermo.com\/tienda\/wp-json\/wp\/v2\/product_cat?post=83539"},{"taxonomy":"product_tag","embeddable":true,"href":"https:\/\/futllermo.com\/tienda\/wp-json\/wp\/v2\/product_tag?post=83539"}],"curies":[{"name":"wp","href":"https:\/\/api.w.org\/{rel}","templated":true}]}}