{"id":83533,"date":"2021-01-13T13:02:54","date_gmt":"2021-01-13T13:02:54","guid":{"rendered":"https:\/\/futllermo.com\/tienda\/producto\/gspose-comida-automatica-para-mascotas-lanzador-de-pelotas-de-tenis-de-fetch-maquina-interactiva-para-perros-juguete-rompecabezas-para-entrenamiento-iq-de-perros-2-pelotas-de-tenis-1-pala\/"},"modified":"2022-01-13T09:59:23","modified_gmt":"2022-01-13T09:59:23","slug":"gspose-comida-automatica-para-mascotas-lanzador-de-pelotas-de-tenis-de-fetch-maquina-interactiva-para-perros-juguete-rompecabezas-para-entrenamiento-iq-de-perros-2-pelotas-de-tenis-1-pala","status":"publish","type":"product","link":"https:\/\/futllermo.com\/tienda\/producto\/gspose-comida-automatica-para-mascotas-lanzador-de-pelotas-de-tenis-de-fetch-maquina-interactiva-para-perros-juguete-rompecabezas-para-entrenamiento-iq-de-perros-2-pelotas-de-tenis-1-pala\/","title":{"rendered":"Gspose Comida autom\u00e1tica para mascotas, lanzador de pelotas de tenis de fetch, m\u00e1quina interactiva para perros, juguete\u2026"},"content":{"rendered":"<p><!-- show up to 2 reviews by default --> <\/p>\n<p>Especificaciones: <\/p>\n<p>Material: ABS. <\/p>\n<p>Color: verde. <\/p>\n<p>Tama\u00f1o del producto: aprox. 30 x 18 x 20 cm \/ 11,81 x 7,09 x 7,87 pulgadas. <\/p>\n<p>Tama\u00f1o del paquete: aprox. 20 x 20 cm. <\/p>\n<p>Di\u00e1metro de la bola: aprox. 6 cm. <\/p>\n<p>Bandeja: 8 cm de di\u00e1metro. <\/p>\n<p>Contenido del env\u00edo: <\/p>\n<p>1 m\u00e1quina de recompensa <\/p>\n<p>2 tenis. <\/p>\n<p>1 cuchara de alimentaci\u00f3n. <\/p>\n<p>2 placas extra\u00edbles. <\/p>\n<p>Nota: <\/p>\n<p>Debido a los diferentes monitores y efectos de luz, el color real puede diferir ligeramente del color de la imagen. <\/p>\n<p>Puede haber una diferencia de 1-2 cm respecto a las medidas especificadas. <\/p>\n<\/p>\n<p>\u3010Dise\u00f1o autom\u00e1tico\u3011: sin necesidad de electricidad, alimentaci\u00f3n autom\u00e1tica, juguete interactivo, a tu perro le encantar\u00e1.<br \/>\n\u3010Juego favorito del perro\u3011Cuando su perro inserte la pelota despu\u00e9s de iniciar, el alimento saldr\u00e1 autom\u00e1ticamente.<br \/>\nMant\u00e9n a tu mascota ocupada: incluso si est\u00e1s muy ocupada, puede ayudar a tu mascota a mantenerse sana y llena de energ\u00eda y aliviar el estr\u00e9s.<br \/>\n\u3010Ahorro de espacio\u3011: f\u00e1cil de colocar en interiores o exteriores, adecuado para esquinas libres.<br \/>\n\u3010M\u00e1quina de recompensa \u3011: pelota de tenis el\u00e1stica de 6 cm, adecuada para mascotas de diferentes edades. Con un disco duro f\u00edsico intercambiable en ambos lados, es limpio e higi\u00e9nico.<br \/>\n<\/p>\n","protected":false},"excerpt":{"rendered":"<p>\u3010Dise\u00f1o autom\u00e1tico\u3011: sin necesidad de electricidad, alimentaci\u00f3n autom\u00e1tica, juguete interactivo, a tu perro le encantar\u00e1.<br \/>\n\u3010Juego favorito del perro\u3011Cuando su perro inserte la pelota despu\u00e9s de iniciar, el alimento saldr\u00e1 autom\u00e1ticamente.<br \/>\nMant\u00e9n a tu mascota ocupada: incluso si est\u00e1s muy ocupada, puede ayudar a tu mascota a mantenerse sana y llena de energ\u00eda y aliviar el estr\u00e9s.<\/p>\n","protected":false},"featured_media":83534,"comment_status":"open","ping_status":"closed","template":"","meta":{"_kadence_starter_templates_imported_post":false,"_kad_post_transparent":"","_kad_post_title":"","_kad_post_layout":"","_kad_post_sidebar_id":"","_kad_post_content_style":"","_kad_post_vertical_padding":"","_kad_post_feature":"","_kad_post_feature_position":"","_kad_post_header":false,"_kad_post_footer":false},"product_brand":[],"product_cat":[497,422],"product_tag":[],"class_list":{"0":"post-83533","1":"product","2":"type-product","3":"status-publish","4":"has-post-thumbnail","6":"product_cat-lanzapelotas","7":"product_cat-tenis","8":"pa_brand-marca-gspose","9":"pa_marca-gspose","10":"pa_producto-en-amazon-es-desde-12-enero-2021","12":"first","13":"instock","14":"shipping-taxable","15":"purchasable","16":"product-type-simple","17":"entry","18":"content-bg","19":"loop-entry"},"_links":{"self":[{"href":"https:\/\/futllermo.com\/tienda\/wp-json\/wp\/v2\/product\/83533","targetHints":{"allow":["GET"]}}],"collection":[{"href":"https:\/\/futllermo.com\/tienda\/wp-json\/wp\/v2\/product"}],"about":[{"href":"https:\/\/futllermo.com\/tienda\/wp-json\/wp\/v2\/types\/product"}],"replies":[{"embeddable":true,"href":"https:\/\/futllermo.com\/tienda\/wp-json\/wp\/v2\/comments?post=83533"}],"wp:featuredmedia":[{"embeddable":true,"href":"https:\/\/futllermo.com\/tienda\/wp-json\/wp\/v2\/media\/83534"}],"wp:attachment":[{"href":"https:\/\/futllermo.com\/tienda\/wp-json\/wp\/v2\/media?parent=83533"}],"wp:term":[{"taxonomy":"product_brand","embeddable":true,"href":"https:\/\/futllermo.com\/tienda\/wp-json\/wp\/v2\/product_brand?post=83533"},{"taxonomy":"product_cat","embeddable":true,"href":"https:\/\/futllermo.com\/tienda\/wp-json\/wp\/v2\/product_cat?post=83533"},{"taxonomy":"product_tag","embeddable":true,"href":"https:\/\/futllermo.com\/tienda\/wp-json\/wp\/v2\/product_tag?post=83533"}],"curies":[{"name":"wp","href":"https:\/\/api.w.org\/{rel}","templated":true}]}}