{"id":83518,"date":"2021-01-13T13:02:31","date_gmt":"2021-01-13T13:02:31","guid":{"rendered":"https:\/\/futllermo.com\/tienda\/producto\/eighty-lanzador-de-pelotas-de-tenis-para-mascotas-juguete-de-lanzamiento-lanzador-automatico-de-bolas-de-juguete-para-perro-lanzador-automatico-de-bolas-con-2-bolas-y-cuchara\/"},"modified":"2022-01-13T09:59:23","modified_gmt":"2022-01-13T09:59:23","slug":"eighty-lanzador-de-pelotas-de-tenis-para-mascotas-juguete-de-lanzamiento-lanzador-automatico-de-bolas-de-juguete-para-perro-lanzador-automatico-de-bolas-con-2-bolas-y-cuchara","status":"publish","type":"product","link":"https:\/\/futllermo.com\/tienda\/producto\/eighty-lanzador-de-pelotas-de-tenis-para-mascotas-juguete-de-lanzamiento-lanzador-automatico-de-bolas-de-juguete-para-perro-lanzador-automatico-de-bolas-con-2-bolas-y-cuchara\/","title":{"rendered":"Eighty Lanzador de pelotas de tenis para mascotas, juguete de lanzamiento, lanzador autom\u00e1tico de bolas de juguete para\u2026"},"content":{"rendered":"<p><!-- show up to 2 reviews by default --> <\/p>\n<p>Descripci\u00f3n: <\/p>\n<p>Caracter\u00edsticas: <\/p>\n<\/p>\n<p>1. Toda la m\u00e1quina de recompensa adopta material ABS, que es respetuoso con el medio ambiente y sin olor. <\/p>\n<\/p>\n<p>2. Este producto puede ayudar a los perros a alimentar intelectualmente y entrenar su modo de pensamiento. <\/p>\n<\/p>\n<p>3. Este producto centra la atenci\u00f3n del perro y reduce el da\u00f1o a los muebles al recompensar la alimentaci\u00f3n. <\/p>\n<\/p>\n<p>4. El lado de la m\u00e1quina de recompensa est\u00e1 dise\u00f1ado para recibir recipientes de alimentos para evitar residuos y garantizar un ambiente limpio y ordenado. <\/p>\n<p>Especificaciones: <\/p>\n<\/p>\n<p>Material: ABS y policarbonato. <\/p>\n<p>Color: gris y blanco. <\/p>\n<p>Tama\u00f1o: 18,5 x 18 x 18 cm. <\/p>\n<p>Categor\u00eda de producto: juguetes para perros. <\/p>\n<p>Informaci\u00f3n del paquete: 1 producto + 2 pelotas de tenis + 1 cuchara. <\/p>\n<p>Peso: 900 g. Peso bruto. <\/p>\n<\/p>\n<p>El paquete incluye: <\/p>\n<\/p>\n<p>1 m\u00e1quina de recompensa de alimentaci\u00f3n, 2 pelotas de tenis, 1 manual de instrucciones (idioma espa\u00f1ol no garantizado), 1 cuchara. <\/p>\n<p>Notas: <\/p>\n<p>1. Puede darse una diferencia de 0.5 a 1 pulgada debido a la medici\u00f3n manual. (1 pulgada = 2.54 cm) <\/p>\n<p>2. El color de los art\u00edculos reales puede ser ligeramente diferente al de las im\u00e1genes debido a las diferentes pantallas de ordenador. <\/p>\n<p>3. Gracias por tu comprensi\u00f3n. <\/p>\n<\/p>\n<p>Cuando tu perro pone la bola, despu\u00e9s del lanzamiento, la comida saldr\u00e1 autom\u00e1ticamente. Juega a buscar con tu perro, las caracter\u00edsticas interactivas ayudan en el entrenamiento.<br \/>\nEstimula la mente de los perros lanzador autom\u00e1tico de bolas desafi\u00e1ndolos a aprender algo nuevo. Juega a buscar con tu perro, las caracter\u00edsticas interactivas ayudan en el entrenamiento.<br \/>\nF\u00e1cil de colocar en interiores o exteriores, ideal para esquinas libres. A\u00f1ade diversi\u00f3n a tu mascota cuando sea aburrido.<br \/>\nToda la m\u00e1quina de recompensa adopta material ABS, que es respetuoso con el medio ambiente y sin olor<br \/>\nServicio \u00edntimo: Bienvenido a contactar con nosotros, si tienes alguna pregunta sobre nuestro producto.<br \/>\n<\/p>\n","protected":false},"excerpt":{"rendered":"<p>Cuando tu perro pone la bola, despu\u00e9s del lanzamiento, la comida saldr\u00e1 autom\u00e1ticamente. Juega a buscar con tu perro, las caracter\u00edsticas interactivas ayudan en el entrenamiento.<br \/>\nEstimula la mente de los perros lanzador autom\u00e1tico de bolas desafi\u00e1ndolos a aprender algo nuevo. Juega a buscar con tu perro, las caracter\u00edsticas interactivas ayudan en el entrenamiento.<br \/>\nF\u00e1cil de colocar en interiores o exteriores, ideal para esquinas libres. A\u00f1ade diversi\u00f3n a tu mascota cuando sea aburrido.<\/p>\n","protected":false},"featured_media":83520,"comment_status":"open","ping_status":"closed","template":"","meta":{"_kadence_starter_templates_imported_post":false,"_kad_post_transparent":"","_kad_post_title":"","_kad_post_layout":"","_kad_post_sidebar_id":"","_kad_post_content_style":"","_kad_post_vertical_padding":"","_kad_post_feature":"","_kad_post_feature_position":"","_kad_post_header":false,"_kad_post_footer":false},"product_brand":[],"product_cat":[497,422],"product_tag":[],"class_list":{"0":"post-83518","1":"product","2":"type-product","3":"status-publish","4":"has-post-thumbnail","6":"product_cat-lanzapelotas","7":"product_cat-tenis","8":"pa_brand-marca-eighty","10":"first","11":"instock","12":"shipping-taxable","13":"purchasable","14":"product-type-simple","15":"entry","16":"content-bg","17":"loop-entry"},"_links":{"self":[{"href":"https:\/\/futllermo.com\/tienda\/wp-json\/wp\/v2\/product\/83518","targetHints":{"allow":["GET"]}}],"collection":[{"href":"https:\/\/futllermo.com\/tienda\/wp-json\/wp\/v2\/product"}],"about":[{"href":"https:\/\/futllermo.com\/tienda\/wp-json\/wp\/v2\/types\/product"}],"replies":[{"embeddable":true,"href":"https:\/\/futllermo.com\/tienda\/wp-json\/wp\/v2\/comments?post=83518"}],"wp:featuredmedia":[{"embeddable":true,"href":"https:\/\/futllermo.com\/tienda\/wp-json\/wp\/v2\/media\/83520"}],"wp:attachment":[{"href":"https:\/\/futllermo.com\/tienda\/wp-json\/wp\/v2\/media?parent=83518"}],"wp:term":[{"taxonomy":"product_brand","embeddable":true,"href":"https:\/\/futllermo.com\/tienda\/wp-json\/wp\/v2\/product_brand?post=83518"},{"taxonomy":"product_cat","embeddable":true,"href":"https:\/\/futllermo.com\/tienda\/wp-json\/wp\/v2\/product_cat?post=83518"},{"taxonomy":"product_tag","embeddable":true,"href":"https:\/\/futllermo.com\/tienda\/wp-json\/wp\/v2\/product_tag?post=83518"}],"curies":[{"name":"wp","href":"https:\/\/api.w.org\/{rel}","templated":true}]}}