{"id":83517,"date":"2021-01-13T13:02:30","date_gmt":"2021-01-13T13:02:30","guid":{"rendered":"https:\/\/futllermo.com\/tienda\/producto\/noband-jsfgfsdh-lanzador-de-bolas-para-perro-para-mascotas-juguete-de-tenis-lanzador-de-pesas-molar-interactivo-entretenimiento-para-cachorros-suministros-de-entrenamiento\/"},"modified":"2022-01-13T09:59:23","modified_gmt":"2022-01-13T09:59:23","slug":"noband-jsfgfsdh-lanzador-de-bolas-para-perro-para-mascotas-juguete-de-tenis-lanzador-de-pesas-molar-interactivo-entretenimiento-para-cachorros-suministros-de-entrenamiento","status":"publish","type":"product","link":"https:\/\/futllermo.com\/tienda\/producto\/noband-jsfgfsdh-lanzador-de-bolas-para-perro-para-mascotas-juguete-de-tenis-lanzador-de-pesas-molar-interactivo-entretenimiento-para-cachorros-suministros-de-entrenamiento\/","title":{"rendered":"Noband JSFGFSDH &#8211; Lanzador de bolas para perro para mascotas, juguete de tenis, lanzador de pesas molar, interactivo\u2026"},"content":{"rendered":"<p><!-- show up to 2 reviews by default --> <\/p>\n<p>Lanzador de pelotas de perro para mascotas, juguete para lanzar pelotas de tenis, barra molar, entretenimiento interactivo, piezas de entrenamiento para cachorros <\/p>\n<p>Descripci\u00f3n: <br \/>Producto de alta calidad. <br \/>Caracter\u00edsticas: <br \/>Lanza m\u00e1s lejos con el lanzador de pelotas para perros, puedes aumentar el rango y la velocidad de tu lanzamiento y ejercitar a tu perro en una fracci\u00f3n del tiempo. <br \/>El juego activo anima a tu perro a hacer ejercicio, manteni\u00e9ndolo comprometido a cualquier edad. <br \/>Lanzador de pelotas ligero y port\u00e1til para perro mide 45 cm de largo, por lo que es f\u00e1cil de colocar en el maletero o asiento trasero cuando t\u00fa y tu perro est\u00e1n en movimiento. <br \/>El lanzador sujeta firmemente las bolas de perro cubiertas de barro y baba para una recogida c\u00f3moda sin ensuciar. <br \/>Mant\u00e9n tus manos limpias y evita recoger pelotas de tenis masticadas. <br \/>Evita el dolor en la espalda y los hombros de doblarse y recoger pelotas de tenis mojadas. <\/p>\n<p>Especificaciones: <br \/>Tipo: lanzador de bolas para perro. <br \/>Material: pl\u00e1stico. <br \/>Aplicaciones: entrenamiento interactivo para mascotas y perros. <br \/>Caracter\u00edsticas: lanzador de pelotas de perro, juguete para mascotas, lanzador de pelotas de tenis, palo interactivo molar, suministros de entrenamiento para jugar. <br \/>Dimensiones: 45 cm aproximadamente. <br \/>Color: entrega aleatoria (si compras m\u00e1s de uno, los colores que recibas ser\u00e1n iguales o diferentes). <br \/>Cantidad: 1 unidad. <\/p>\n<p>Nota: <br \/>1. Puede darse una diferencia de 0 a 1 cm respecto a las medidas especificadas. Aseg\u00farate de que no te importa antes de comprar. <br \/>2. Debido a la diferencia entre diversos monitores, la imagen puede no reflejar el color real del art\u00edculo. \u00a1Gracias! <br \/>3. Solo lanzador de pelotas, la pelota de tenis no est\u00e1 incluida. <\/p>\n<p>El paquete incluye: <br \/>1 lanzador de pelotas de tenis. <\/p>\n<p>1. Descripci\u00f3n: Producto de alta calidad. Caracter\u00edsticas: Lanza m\u00e1s lejos con el lanzador de bolas de perro, puedes aumentar el rango y la velocidad de tu lanzamiento y ejercitar a tu perro en una fracci\u00f3n del tiempo. El juego activo anima a tu perro a hacer ejercicio, manteni\u00e9ndolo comprometido a cualquier edad.<br \/>\n2. Lanzador de bolas ligero y port\u00e1til para perro mide 45 cm de largo, por lo que es f\u00e1cil de colocar en el maletero o asiento trasero cuando t\u00fa y tu perro est\u00e1n en movimiento. El lanzador sujeta firmemente las bolas de perro cubiertas de barro y babero para una c\u00f3moda recogida sin el desorden.<br \/>\n3. Mant\u00e9n tus manos limpias y evita recoger pelotas de tenis masticadas. Evita que el dolor en la espalda y los hombros se agachen y recogan pelotas de tenis mojadas.<br \/>\n4. Caracter\u00edsticas: lanzador de bolas para perro, juguete para recoger mascotas, lanzador de pelotas de tenis, palo interactivo molar, suministros de entrenamiento de juego.<br \/>\n5. Tipo: lanzador de bolas para perro. Material: pl\u00e1stico. Aplicaciones: entrenamiento interactivo molar para perros y mascotas. Dimensiones: 45 cm aproximadamente. Color: al azar. Cantidad: 1 unidad.<br \/>\n<\/p>\n","protected":false},"excerpt":{"rendered":"<p>1. Descripci\u00f3n: Producto de alta calidad. Caracter\u00edsticas: Lanza m\u00e1s lejos con el lanzador de bolas de perro, puedes aumentar el rango y la velocidad de tu lanzamiento y ejercitar a tu perro en una fracci\u00f3n del tiempo. El juego activo anima a tu perro a hacer ejercicio, manteni\u00e9ndolo comprometido a cualquier edad.<br \/>\n2. Lanzador de bolas ligero y port\u00e1til para perro mide 45 cm de largo, por lo que es f\u00e1cil de colocar en el maletero o asiento trasero cuando t\u00fa y tu perro est\u00e1n en movimiento. El lanzador sujeta firmemente las bolas de perro cubiertas de barro y babero para una c\u00f3moda recogida sin el desorden.<br \/>\n3. Mant\u00e9n tus manos limpias y evita recoger pelotas de tenis masticadas. Evita que el dolor en la espalda y los hombros se agachen y recogan pelotas de tenis mojadas.<\/p>\n","protected":false},"featured_media":83519,"comment_status":"open","ping_status":"closed","template":"","meta":{"_kadence_starter_templates_imported_post":false,"_kad_post_transparent":"","_kad_post_title":"","_kad_post_layout":"","_kad_post_sidebar_id":"","_kad_post_content_style":"","_kad_post_vertical_padding":"","_kad_post_feature":"","_kad_post_feature_position":"","_kad_post_header":false,"_kad_post_footer":false},"product_brand":[],"product_cat":[497,422],"product_tag":[],"class_list":{"0":"post-83517","1":"product","2":"type-product","3":"status-publish","4":"has-post-thumbnail","6":"product_cat-lanzapelotas","7":"product_cat-tenis","8":"pa_brand-marca-noband","9":"pa_marca-noband","10":"pa_numero-de-modelo-noband","11":"pa_producto-en-amazon-es-desde-7-diciembre-2020","13":"first","14":"instock","15":"shipping-taxable","16":"purchasable","17":"product-type-simple","18":"entry","19":"content-bg","20":"loop-entry"},"_links":{"self":[{"href":"https:\/\/futllermo.com\/tienda\/wp-json\/wp\/v2\/product\/83517","targetHints":{"allow":["GET"]}}],"collection":[{"href":"https:\/\/futllermo.com\/tienda\/wp-json\/wp\/v2\/product"}],"about":[{"href":"https:\/\/futllermo.com\/tienda\/wp-json\/wp\/v2\/types\/product"}],"replies":[{"embeddable":true,"href":"https:\/\/futllermo.com\/tienda\/wp-json\/wp\/v2\/comments?post=83517"}],"wp:featuredmedia":[{"embeddable":true,"href":"https:\/\/futllermo.com\/tienda\/wp-json\/wp\/v2\/media\/83519"}],"wp:attachment":[{"href":"https:\/\/futllermo.com\/tienda\/wp-json\/wp\/v2\/media?parent=83517"}],"wp:term":[{"taxonomy":"product_brand","embeddable":true,"href":"https:\/\/futllermo.com\/tienda\/wp-json\/wp\/v2\/product_brand?post=83517"},{"taxonomy":"product_cat","embeddable":true,"href":"https:\/\/futllermo.com\/tienda\/wp-json\/wp\/v2\/product_cat?post=83517"},{"taxonomy":"product_tag","embeddable":true,"href":"https:\/\/futllermo.com\/tienda\/wp-json\/wp\/v2\/product_tag?post=83517"}],"curies":[{"name":"wp","href":"https:\/\/api.w.org\/{rel}","templated":true}]}}