{"id":83470,"date":"2021-01-13T13:00:27","date_gmt":"2021-01-13T13:00:27","guid":{"rendered":"https:\/\/futllermo.com\/tienda\/producto\/sagladiolus-pelota-de-tenis-inflable-de-203-cm-de-203-cm-de-la-firma-grande-de-la-pelota-de-tenis-rosa-roja-de-los-ninos\/"},"modified":"2022-01-13T09:59:23","modified_gmt":"2022-01-13T09:59:23","slug":"sagladiolus-pelota-de-tenis-inflable-de-203-cm-de-203-cm-de-la-firma-grande-de-la-pelota-de-tenis-rosa-roja-de-los-ninos","status":"publish","type":"product","link":"https:\/\/futllermo.com\/tienda\/producto\/sagladiolus-pelota-de-tenis-inflable-de-203-cm-de-203-cm-de-la-firma-grande-de-la-pelota-de-tenis-rosa-roja-de-los-ninos\/","title":{"rendered":"Sagladiolus Bola de tenis roja de la franela de los ni\u00f1os de la marca grande de la bola de tenis de la pulgada 8 de la\u2026"},"content":{"rendered":"<p><!-- show up to 2 reviews by default --> <\/p>\n<p>Caracter\u00edsticas: <br \/>Tenis inflables con excelente rebote y durabilidad. <br \/>Para ni\u00f1os y adultos. <br \/>Caucho natural y materiales de lana especiales. <br \/>Sensaci\u00f3n consistente y reducci\u00f3n de impacto, duradero y resistente al desgaste. <br \/>Este tipo de tenis es compatible con la bille, y no tiene presi\u00f3n de aire en la bola, por lo que la elasticidad de la bola viene de la presi\u00f3n dentro de la vejiga. <\/p>\n<p>Especificaciones: <br \/>N\u00famero de art\u00edculo: 20,32 cm Signature Tennis <br \/>Material: goma. <br \/>Color: rosa rojo. <br \/>Tama\u00f1o: 200 x 150 x 50 mm. <\/p>\n<p>El paquete incluye: <br \/>1 pelota de tenis (sin inflar). <\/p>\n<p>Notas: <br \/>1. Debido a la diferencia entre diferentes monitores, la imagen puede no reflejar el color actual del art\u00edculo. Garantizamos que el estilo es el mismo que se muestra en las im\u00e1genes. <br \/>2. Debido a la medici\u00f3n manual y diferentes m\u00e9todos de medici\u00f3n, puede haber una diferencia de 1 a 3 cm. \u00a1Gracias! <\/p>\n<p>Tenis inflables con excelente rebote y durabilidad.<br \/>\nDiversi\u00f3n para ni\u00f1os y adultos.<br \/>\nCaucho natural y materiales de lana especiales.<br \/>\nSensaci\u00f3n consistente y reducci\u00f3n de impacto, duradero y resistente al desgaste.<br \/>\nEste tipo de tenis est\u00e1 soportado por la bilis, y no hay presi\u00f3n de aire en la pelota, por lo que la elasticidad de la pelota proviene de la presi\u00f3n dentro de la vejiga.<br \/>\n<\/p>\n","protected":false},"excerpt":{"rendered":"<p>Tenis inflables con excelente rebote y durabilidad.<br \/>\nDiversi\u00f3n para ni\u00f1os y adultos.<br \/>\nCaucho natural y materiales de lana especiales.<\/p>\n","protected":false},"featured_media":83472,"comment_status":"open","ping_status":"closed","template":"","meta":{"_kadence_starter_templates_imported_post":false,"_kad_post_transparent":"","_kad_post_title":"","_kad_post_layout":"","_kad_post_sidebar_id":"","_kad_post_content_style":"","_kad_post_vertical_padding":"","_kad_post_feature":"","_kad_post_feature_position":"","_kad_post_header":false,"_kad_post_footer":false},"product_brand":[],"product_cat":[496,422],"product_tag":[],"class_list":{"0":"post-83470","1":"product","2":"type-product","3":"status-publish","4":"has-post-thumbnail","6":"product_cat-pelotas","7":"product_cat-tenis","8":"pa_brand-marca-sagladiolus","10":"first","11":"instock","12":"shipping-taxable","13":"purchasable","14":"product-type-simple","15":"entry","16":"content-bg","17":"loop-entry"},"_links":{"self":[{"href":"https:\/\/futllermo.com\/tienda\/wp-json\/wp\/v2\/product\/83470","targetHints":{"allow":["GET"]}}],"collection":[{"href":"https:\/\/futllermo.com\/tienda\/wp-json\/wp\/v2\/product"}],"about":[{"href":"https:\/\/futllermo.com\/tienda\/wp-json\/wp\/v2\/types\/product"}],"replies":[{"embeddable":true,"href":"https:\/\/futllermo.com\/tienda\/wp-json\/wp\/v2\/comments?post=83470"}],"wp:featuredmedia":[{"embeddable":true,"href":"https:\/\/futllermo.com\/tienda\/wp-json\/wp\/v2\/media\/83472"}],"wp:attachment":[{"href":"https:\/\/futllermo.com\/tienda\/wp-json\/wp\/v2\/media?parent=83470"}],"wp:term":[{"taxonomy":"product_brand","embeddable":true,"href":"https:\/\/futllermo.com\/tienda\/wp-json\/wp\/v2\/product_brand?post=83470"},{"taxonomy":"product_cat","embeddable":true,"href":"https:\/\/futllermo.com\/tienda\/wp-json\/wp\/v2\/product_cat?post=83470"},{"taxonomy":"product_tag","embeddable":true,"href":"https:\/\/futllermo.com\/tienda\/wp-json\/wp\/v2\/product_tag?post=83470"}],"curies":[{"name":"wp","href":"https:\/\/api.w.org\/{rel}","templated":true}]}}