{"id":83450,"date":"2021-01-13T12:56:37","date_gmt":"2021-01-13T12:56:37","guid":{"rendered":"https:\/\/futllermo.com\/tienda\/producto\/hdgap-set-de-boxeo-saco-de-boxeo-pesado-lleno-duradero-saco-de-boxeo-pesado-impermeable-pu-funcional-saco-de-boxeo-saco-de-boxeo-con-cadena-para-entrenamiento-fitness-mma-kickboxingsize180cm\/"},"modified":"2022-01-13T09:59:22","modified_gmt":"2022-01-13T09:59:22","slug":"hdgap-set-de-boxeo-saco-de-boxeo-pesado-lleno-duradero-saco-de-boxeo-pesado-impermeable-pu-funcional-saco-de-boxeo-saco-de-boxeo-con-cadena-para-entrenamiento-fitness-mma-kickboxingsize180cm","status":"publish","type":"product","link":"https:\/\/futllermo.com\/tienda\/producto\/hdgap-set-de-boxeo-saco-de-boxeo-pesado-lleno-duradero-saco-de-boxeo-pesado-impermeable-pu-funcional-saco-de-boxeo-saco-de-boxeo-con-cadena-para-entrenamiento-fitness-mma-kickboxingsize180cm\/","title":{"rendered":"HDGAP Set De Boxeo Saco De Boxeo Pesado Lleno, Duradero Saco De Boxeo Pesado Impermeable PU Funcional Saco De Boxeo Saco\u2026"},"content":{"rendered":"<div class=\"disclaim\"> Tama\u00f1o:<strong>180cm<\/strong> <\/div>\n<p> <!-- show up to 2 reviews by default --> <\/p>\n<p> Caracter\u00edsticas \uff1a <\/p>\n<p> &#8211; El saco de arena est\u00e1 vac\u00edo, puede poner cosas como un trapo, aserr\u00edn, arena, frijoles en \u00e9l. Despu\u00e9s del acolchado, la bolsa de arena puede absorber los golpes para disminuir los impactos y proteger sus huesos. <\/p>\n<p> &#8211; La costura es s\u00f3lida y delicada, no debe preocuparse de que se parta o se rompa. Sello de cremallera, conveniente y seguro. La cadena de metal es resistente y resistente, puede colgarla en la pared u otros art\u00edculos. <\/p>\n<\/p>\n<p> Especificaciones \uff1a <\/p>\n<p> Material: PU de alta calidad <\/p>\n<p> Caracter\u00edsticas: resistente al desgaste y duradero <\/p>\n<p> Adecuado para: boxeo, sanda, lucha, fitness <\/p>\n<p> Opci\u00f3n de color: negro <\/p>\n<\/p>\n<p> Paquete incluido: <\/p>\n<p> 1 x Saco de boxeo (hueco sin relleno) <\/p>\n<p> 1 x gancho <\/p>\n<\/p>\n<p> Notas: <\/p>\n<p> Debido a la diferencia de configuraci\u00f3n de la luz y la pantalla, el color del art\u00edculo puede ser ligeramente diferente al de las im\u00e1genes. <\/p>\n<p> Permita una ligera diferencia de dimensi\u00f3n debido a las diferentes medidas manuales. <\/p>\n<\/p>\n<p>MATERIAL DE CALIDAD: El material de cuero se mantendr\u00e1 resistente y conservar\u00e1 su forma. Asegura que resistir\u00e1 fracturas, grietas y rasgaduras. Ideal para boxeo, kickboxing, muay thai y m\u00e1s.<br \/>\nSEGURO Y F\u00c1CIL DE USAR: Material suave, liviano y lleno de aire, es f\u00e1cil para las manos y los pies y no lastimar\u00e1 sus nudillos. Con un dise\u00f1o de fondo engrosado, resistente al desgaste, f\u00e1cil de inflar y desinflar, se puede plegar en un tama\u00f1o peque\u00f1o para su almacenamiento.<br \/>\nDURADERO: Las costuras de este saco de arena son s\u00f3lidas y delicadas, no debe preocuparse de que se parta o se rompa. Las hebillas de metal pueden conectar firmemente el saco de arena y la cadena de metal.<br \/>\nROTACI\u00d3N LIBRE DE 360 GRADOS: Cadena antioxidante larga y gruesa, rotaci\u00f3n libre de 360 \u200b\u200bgrados sin nudos, le permite golpear el saco de boxeo a fondo sin torcer, cerca de los est\u00e1ndares de entrenamiento profesional.<br \/>\nBOLSA PARA COLGAR DE DISE\u00d1O DE BRICOLAJE: el saco de boxeo colgante est\u00e1 dise\u00f1ado para ser hecho por diferentes jugadores de demanda, puede llenar el saco de boxeo vac\u00edo con tela vieja, papel triturado o alfombra triturada con diferentes proporciones para obtener diferentes pesos y durezas y diferentes sensaciones de golpes.<br \/>\n<\/p>\n","protected":false},"excerpt":{"rendered":"<p>MATERIAL DE CALIDAD: El material de cuero se mantendr\u00e1 resistente y conservar\u00e1 su forma. Asegura que resistir\u00e1 fracturas, grietas y rasgaduras. Ideal para boxeo, kickboxing, muay thai y m\u00e1s.<br \/>\nSEGURO Y F\u00c1CIL DE USAR: Material suave, liviano y lleno de aire, es f\u00e1cil para las manos y los pies y no lastimar\u00e1 sus nudillos. Con un dise\u00f1o de fondo engrosado, resistente al desgaste, f\u00e1cil de inflar y desinflar, se puede plegar en un tama\u00f1o peque\u00f1o para su almacenamiento.<br \/>\nDURADERO: Las costuras de este saco de arena son s\u00f3lidas y delicadas, no debe preocuparse de que se parta o se rompa. Las hebillas de metal pueden conectar firmemente el saco de arena y la cadena de metal.<\/p>\n","protected":false},"featured_media":83453,"comment_status":"open","ping_status":"closed","template":"","meta":{"_kadence_starter_templates_imported_post":false,"_kad_post_transparent":"","_kad_post_title":"","_kad_post_layout":"","_kad_post_sidebar_id":"","_kad_post_content_style":"","_kad_post_vertical_padding":"","_kad_post_feature":"","_kad_post_feature_position":"","_kad_post_header":false,"_kad_post_footer":false},"product_brand":[],"product_cat":[494,421],"product_tag":[],"class_list":{"0":"post-83450","1":"product","2":"type-product","3":"status-publish","4":"has-post-thumbnail","6":"product_cat-saco-mma","7":"product_cat-mma","8":"pa_brand-marca-hdgap","9":"pa_marca-hdgap","10":"pa_numero-de-modelo-hdgap","11":"pa_producto-en-amazon-es-desde-13-enero-2021","13":"first","14":"instock","15":"shipping-taxable","16":"purchasable","17":"product-type-simple","18":"entry","19":"content-bg","20":"loop-entry"},"_links":{"self":[{"href":"https:\/\/futllermo.com\/tienda\/wp-json\/wp\/v2\/product\/83450","targetHints":{"allow":["GET"]}}],"collection":[{"href":"https:\/\/futllermo.com\/tienda\/wp-json\/wp\/v2\/product"}],"about":[{"href":"https:\/\/futllermo.com\/tienda\/wp-json\/wp\/v2\/types\/product"}],"replies":[{"embeddable":true,"href":"https:\/\/futllermo.com\/tienda\/wp-json\/wp\/v2\/comments?post=83450"}],"wp:featuredmedia":[{"embeddable":true,"href":"https:\/\/futllermo.com\/tienda\/wp-json\/wp\/v2\/media\/83453"}],"wp:attachment":[{"href":"https:\/\/futllermo.com\/tienda\/wp-json\/wp\/v2\/media?parent=83450"}],"wp:term":[{"taxonomy":"product_brand","embeddable":true,"href":"https:\/\/futllermo.com\/tienda\/wp-json\/wp\/v2\/product_brand?post=83450"},{"taxonomy":"product_cat","embeddable":true,"href":"https:\/\/futllermo.com\/tienda\/wp-json\/wp\/v2\/product_cat?post=83450"},{"taxonomy":"product_tag","embeddable":true,"href":"https:\/\/futllermo.com\/tienda\/wp-json\/wp\/v2\/product_tag?post=83450"}],"curies":[{"name":"wp","href":"https:\/\/api.w.org\/{rel}","templated":true}]}}