{"id":83429,"date":"2021-01-13T12:56:05","date_gmt":"2021-01-13T12:56:05","guid":{"rendered":"https:\/\/futllermo.com\/tienda\/producto\/hsy-shop-sacos-de-boxeo-independientes-artes-marciales-kick-boxing-tailandes-karate-mma-fitness-entrenamiento-multigimnasios-para-el-hogar-maniqui-de-pedestal-objetivo-de-equipo\/"},"modified":"2022-01-13T09:59:22","modified_gmt":"2022-01-13T09:59:22","slug":"hsy-shop-sacos-de-boxeo-independientes-artes-marciales-kick-boxing-tailandes-karate-mma-fitness-entrenamiento-multigimnasios-para-el-hogar-maniqui-de-pedestal-objetivo-de-equipo","status":"publish","type":"product","link":"https:\/\/futllermo.com\/tienda\/producto\/hsy-shop-sacos-de-boxeo-independientes-artes-marciales-kick-boxing-tailandes-karate-mma-fitness-entrenamiento-multigimnasios-para-el-hogar-maniqui-de-pedestal-objetivo-de-equipo\/","title":{"rendered":"HSY SHOP Sacos de Boxeo Independientes &#8211; Artes Marciales, Kick Boxing, Tailand\u00e9s, Karate, MMA | Fitness, Entrenamiento\u2026"},"content":{"rendered":"<div class=\"disclaim\"> Color:<strong>Negro<\/strong> <\/div>\n<p> <!-- show up to 2 reviews by default --> <\/p>\n<p>Saco de boxeo Tumbler Tower de pie<\/p>\n<p>Color: rojo \/ Bluck<br \/>Material: PVC<br \/>Tama\u00f1o: Aprox. 160cm de altura<br \/>Peso aproximado. 0,8 kg<br \/>Edad recomendada: ni\u00f1os mayores de 6 a\u00f1os y adultos.<\/p>\n<p>Punching Bag es un saco de boxeo inflable que es divertido para toda la familia.<br \/>Ideal para mejorar la coordinaci\u00f3n ojo-mano, la flexibilidad, la quema de calor\u00edas y la ventilaci\u00f3n del estr\u00e9s tanto para uso en interiores como en exteriores.<br \/>Debido a su caracter\u00edstica suave, puede absorber golpes y protegerlo de lesiones por accidente.<br \/>El dise\u00f1o de bolsa pesada que no cuelga le permite hacer ejercicio donde sea m\u00e1s conveniente, perfecto para su hogar o gimnasio comercial.<br \/>Como este producto es de nueva fabricaci\u00f3n, tiene un cierto grado de sabor pl\u00e1stico y se puede utilizar durante un tiempo despu\u00e9s de colocarlo en un lugar fresco y ventilado.<\/p>\n<p>Viajes de instalaci\u00f3n:<br \/>No infle excesivamente para evitar da\u00f1os. (Toque con la mano suave, no demasiado fuerte)<br \/>La cantidad de agua inyectada depende de sus necesidades. Cuanta m\u00e1s agua se inyecta, la base es m\u00e1s estable.<br \/>Si tiene miedo de que se derrame agua al suelo, tambi\u00e9n puede inyectar arena, que es lo mismo que la operaci\u00f3n de inyecci\u00f3n de agua.<\/p>\n<p>Advertencia:<br \/>Mant\u00e9ngalo alejado de cuchillos y otras cosas afiladas.<br \/>Mant\u00e9ngalo alejado de la exposici\u00f3n al sol y el fuego.<br \/>Es f\u00e1cil de endurecer el material en invierno. Tenga cuidado al utilizar este producto cuando la temperatura ambiente desciende.<br \/>No lo monte ni le d\u00e9 vibraciones excesivas. Puede provocar fugas de aire o de agua.<br \/>Siempre inyecte agua antes de inflar. Si la capacidad de agua es baja, es posible que no suba.<\/p>\n<p>Paquete incluido:<br \/>1 * saco de boxeo<br \/>1 * bomba de aire de pie<\/p>\n<p>Si no est\u00e1 satisfecho con la calidad de nuestro saco de boxeo fitness, podemos cambiarle uno nuevo o reembolsarle todo el dinero. <\/p>\n<p>Wine Red and Bluck, hecho de material de PVC de alta calidad, port\u00e1til y duradero, la parte inferior tiene un dise\u00f1o m\u00e1s grueso, m\u00e1s ponible y adecuado tanto para uso en interiores como en exteriores. F\u00e1cil de inflar y desinflar, se puede plegar en un tama\u00f1o peque\u00f1o para su almacenamiento.<br \/>\nInflar tama\u00f1o: Aprox. 160 cm de altura, incluida 1 entrada de agua, 3 entradas de aire \uff08Contiene tres compartimentos, la base, el cuello y el cuerpo que deben inflarse por separado.<br \/>\nEl saco de boxeo adopt\u00f3 el principio de vaso. Debido a su caracter\u00edstica suave, puede absorber golpes y protegerlo de lesiones por accidente. Y su estructura estable puede mantenerlo en pie todo el tiempo despu\u00e9s de golpear. Recomendado para ni\u00f1os mayores de 6 a\u00f1os y adultos.<br \/>\nF\u00e1cil de usar: agregue agua o arena en la base primero, luego infle el cuerpo de perforaci\u00f3n, o no puede rebotar de manera efectiva. La arena ha demostrado ser m\u00e1s eficaz para ni\u00f1os grandes y adultos. Este saco de boxeo promueve el ejercicio en los ni\u00f1os al tiempo que ayuda a aumentar la agilidad y la coordinaci\u00f3n mano-ojo.<br \/>\nEs f\u00e1cil de hacer ejercicio en cualquier lugar, adecuado para el hogar, el patio y el gimnasio, etc. Si no est\u00e1 satisfecho con nuestro saco de boxeo, comun\u00edquese con nosotros para obtener un reembolso completo o un reemplazo. Ofrecemos 30 d\u00edas de devoluci\u00f3n y reenv\u00edo gratuitos.<br \/>\n<\/p>\n","protected":false},"excerpt":{"rendered":"<p>Wine Red and Bluck, hecho de material de PVC de alta calidad, port\u00e1til y duradero, la parte inferior tiene un dise\u00f1o m\u00e1s grueso, m\u00e1s ponible y adecuado tanto para uso en interiores como en exteriores. F\u00e1cil de inflar y desinflar, se puede plegar en un tama\u00f1o peque\u00f1o para su almacenamiento.<br \/>\nInflar tama\u00f1o: Aprox. 160 cm de altura, incluida 1 entrada de agua, 3 entradas de aire \uff08Contiene tres compartimentos, la base, el cuello y el cuerpo que deben inflarse por separado.<br \/>\nEl saco de boxeo adopt\u00f3 el principio de vaso. Debido a su caracter\u00edstica suave, puede absorber golpes y protegerlo de lesiones por accidente. Y su estructura estable puede mantenerlo en pie todo el tiempo despu\u00e9s de golpear. Recomendado para ni\u00f1os mayores de 6 a\u00f1os y adultos.<\/p>\n","protected":false},"featured_media":83430,"comment_status":"open","ping_status":"closed","template":"","meta":{"_kadence_starter_templates_imported_post":false,"_kad_post_transparent":"","_kad_post_title":"","_kad_post_layout":"","_kad_post_sidebar_id":"","_kad_post_content_style":"","_kad_post_vertical_padding":"","_kad_post_feature":"","_kad_post_feature_position":"","_kad_post_header":false,"_kad_post_footer":false},"product_brand":[],"product_cat":[494,421],"product_tag":[],"class_list":{"0":"post-83429","1":"product","2":"type-product","3":"status-publish","4":"has-post-thumbnail","6":"product_cat-saco-mma","7":"product_cat-mma","8":"pa_brand-marca-hsy-shop","10":"first","11":"instock","12":"shipping-taxable","13":"purchasable","14":"product-type-simple","15":"entry","16":"content-bg","17":"loop-entry"},"_links":{"self":[{"href":"https:\/\/futllermo.com\/tienda\/wp-json\/wp\/v2\/product\/83429","targetHints":{"allow":["GET"]}}],"collection":[{"href":"https:\/\/futllermo.com\/tienda\/wp-json\/wp\/v2\/product"}],"about":[{"href":"https:\/\/futllermo.com\/tienda\/wp-json\/wp\/v2\/types\/product"}],"replies":[{"embeddable":true,"href":"https:\/\/futllermo.com\/tienda\/wp-json\/wp\/v2\/comments?post=83429"}],"wp:featuredmedia":[{"embeddable":true,"href":"https:\/\/futllermo.com\/tienda\/wp-json\/wp\/v2\/media\/83430"}],"wp:attachment":[{"href":"https:\/\/futllermo.com\/tienda\/wp-json\/wp\/v2\/media?parent=83429"}],"wp:term":[{"taxonomy":"product_brand","embeddable":true,"href":"https:\/\/futllermo.com\/tienda\/wp-json\/wp\/v2\/product_brand?post=83429"},{"taxonomy":"product_cat","embeddable":true,"href":"https:\/\/futllermo.com\/tienda\/wp-json\/wp\/v2\/product_cat?post=83429"},{"taxonomy":"product_tag","embeddable":true,"href":"https:\/\/futllermo.com\/tienda\/wp-json\/wp\/v2\/product_tag?post=83429"}],"curies":[{"name":"wp","href":"https:\/\/api.w.org\/{rel}","templated":true}]}}