{"id":83414,"date":"2021-01-13T12:55:37","date_gmt":"2021-01-13T12:55:37","guid":{"rendered":"https:\/\/futllermo.com\/tienda\/producto\/aagyj-saco-de-boxeo-saco-de-boxeo-muay-thai-saco-de-boxeo-pesado-saco-de-kickboxing-independiente-para-karate-taekwondo-mma-entrenamiento-de-velocidad-de-patada-de-descompresion\/"},"modified":"2022-01-13T09:59:22","modified_gmt":"2022-01-13T09:59:22","slug":"aagyj-saco-de-boxeo-saco-de-boxeo-muay-thai-saco-de-boxeo-pesado-saco-de-kickboxing-independiente-para-karate-taekwondo-mma-entrenamiento-de-velocidad-de-patada-de-descompresion","status":"publish","type":"product","link":"https:\/\/futllermo.com\/tienda\/producto\/aagyj-saco-de-boxeo-saco-de-boxeo-muay-thai-saco-de-boxeo-pesado-saco-de-kickboxing-independiente-para-karate-taekwondo-mma-entrenamiento-de-velocidad-de-patada-de-descompresion\/","title":{"rendered":"AAGYJ Saco de Boxeo, Saco de Boxeo Muay Thai, Saco de Boxeo Pesado, Saco de Kickboxing Independiente, para Karate\u2026"},"content":{"rendered":"<p><!-- show up to 2 reviews by default --> <\/p>\n<p>Con el saco de boxeo independiente, puede realizar ejercicios extremadamente intensos. Patada redonda, patada frontal, patada lateral, esta bolsa puede contener todo. Un excelente entrenamiento para todo el cuerpo, ideal para desarrollar m\u00fasculos y quemar calor\u00edas, al mismo tiempo que mejora el equilibrio, el tiempo de reacci\u00f3n e incluso la concentraci\u00f3n.<br \/>El regalo perfecto, este saco de boxeo pesado es un regalo ideal para familiares, colegas y amigos. Ideal para Acci\u00f3n de Gracias, A\u00f1o Nuevo, Navidad, Cumplea\u00f1os, D\u00eda de San Valent\u00edn y muchas otras fiestas. \u00a1No solo material deportivo, sino tambi\u00e9n tu vida deportiva y buen compa\u00f1ero!<\/p>\n<p>Nombre del producto: Saco de boxeo<br \/>Material del producto: ABS, forro de espuma de alta elasticidad.<br \/>M\u00e9todo de absorci\u00f3n de impactos: absorci\u00f3n de impactos hidr\u00e1ulica de tracci\u00f3n en las cuatro ruedas + absorci\u00f3n de impactos del tend\u00f3n de res<br \/>Base: se puede rellenar con arena  rellenar con agua (se recomienda rellenar con arena)<br \/>Altura del producto: unos 180 cm.<br \/>Terreno aplicable: aplicable a todo terreno<br \/>Gente aplicable: todas las personas<\/p>\n<p>paquete:<br \/>1 * sacos de boxeo pesados <\/p>\n<p>Saco de boxeo independiente: mide aproximadamente 72 \u00bb de alto (180 cm), el saco de boxeo le permite desarrollar golpes de lanzamiento dirigidos a todo el rango del cuerpo, apto para entrenamiento familiar completo: adultos, adolescentes y ni\u00f1os (47-73 \u00bb \/ 120 -185cm de altura). \u00a1Gran regalo para liberar estr\u00e9s y desarrollar fuerza!<br \/>\nMateriales de alta calidad: las bolsas pesadas est\u00e1n dise\u00f1adas con una estructura de m\u00faltiples capas, cuero PU grueso y de alta densidad, capa amortiguadora de resistencia, forro de espuma de poliuretano de alta elasticidad, EPE de algod\u00f3n perlado de alta elasticidad. La sutura de doble hilo es resistente al desgarro y rebota r\u00e1pidamente, lo que puede hacer que el pu\u00f1etazo y el pu\u00f1etazo sufran un impacto a largo plazo.<br \/>\nSistema de absorci\u00f3n de impactos: los amortiguadores dobles de TPU + 4 resortes reducen efectivamente la vibraci\u00f3n y parte del ruido, y pueden proporcionar una resistencia r\u00e1pida de 15 a 45 \u00b0. Consejo: para un entrenamiento de fuerza m\u00e1s profundo, simplemente retire el resorte para reducir la vibraci\u00f3n.<br \/>\nBase de ventosa estable: la base engrosada y ensanchada, combinada con 12 ventosas resistentes, puede fijar bolsas pesadas en un piso plano y liso. Las bolsas Focus pesan hasta 220 libras cuando est\u00e1n llenas de arena para garantizar la m\u00e1xima estabilidad.<br \/>\nAmpliamente aplicable: la bolsa de kickboxing perfecta, adecuada para principiantes y boxeadores profesionales. Ayuda al entrenamiento f\u00edsico, la pr\u00e1ctica del boxeo y elimina el estr\u00e9s. \u00a1Puedes ejercitarte f\u00e1cilmente en casa, la oficina y el gimnasio, o en tu vida deportiva y buen compa\u00f1ero!<br \/>\n<\/p>\n","protected":false},"excerpt":{"rendered":"<p>Saco de boxeo independiente: mide aproximadamente 72 \u00bb de alto (180 cm), el saco de boxeo le permite desarrollar golpes de lanzamiento dirigidos a todo el rango del cuerpo, apto para entrenamiento familiar completo: adultos, adolescentes y ni\u00f1os (47-73 \u00bb \/ 120 -185cm de altura). \u00a1Gran regalo para liberar estr\u00e9s y desarrollar fuerza!<br \/>\nMateriales de alta calidad: las bolsas pesadas est\u00e1n dise\u00f1adas con una estructura de m\u00faltiples capas, cuero PU grueso y de alta densidad, capa amortiguadora de resistencia, forro de espuma de poliuretano de alta elasticidad, EPE de algod\u00f3n perlado de alta elasticidad. La sutura de doble hilo es resistente al desgarro y rebota r\u00e1pidamente, lo que puede hacer que el pu\u00f1etazo y el pu\u00f1etazo sufran un impacto a largo plazo.<br \/>\nSistema de absorci\u00f3n de impactos: los amortiguadores dobles de TPU + 4 resortes reducen efectivamente la vibraci\u00f3n y parte del ruido, y pueden proporcionar una resistencia r\u00e1pida de 15 a 45 \u00b0. Consejo: para un entrenamiento de fuerza m\u00e1s profundo, simplemente retire el resorte para reducir la vibraci\u00f3n.<\/p>\n","protected":false},"featured_media":83416,"comment_status":"open","ping_status":"closed","template":"","meta":{"_kadence_starter_templates_imported_post":false,"_kad_post_transparent":"","_kad_post_title":"","_kad_post_layout":"","_kad_post_sidebar_id":"","_kad_post_content_style":"","_kad_post_vertical_padding":"","_kad_post_feature":"","_kad_post_feature_position":"","_kad_post_header":false,"_kad_post_footer":false},"product_brand":[],"product_cat":[494,421],"product_tag":[],"class_list":{"0":"post-83414","1":"product","2":"type-product","3":"status-publish","4":"has-post-thumbnail","6":"product_cat-saco-mma","7":"product_cat-mma","8":"pa_brand-marca-aagyj","10":"first","11":"instock","12":"shipping-taxable","13":"purchasable","14":"product-type-simple","15":"entry","16":"content-bg","17":"loop-entry"},"_links":{"self":[{"href":"https:\/\/futllermo.com\/tienda\/wp-json\/wp\/v2\/product\/83414","targetHints":{"allow":["GET"]}}],"collection":[{"href":"https:\/\/futllermo.com\/tienda\/wp-json\/wp\/v2\/product"}],"about":[{"href":"https:\/\/futllermo.com\/tienda\/wp-json\/wp\/v2\/types\/product"}],"replies":[{"embeddable":true,"href":"https:\/\/futllermo.com\/tienda\/wp-json\/wp\/v2\/comments?post=83414"}],"wp:featuredmedia":[{"embeddable":true,"href":"https:\/\/futllermo.com\/tienda\/wp-json\/wp\/v2\/media\/83416"}],"wp:attachment":[{"href":"https:\/\/futllermo.com\/tienda\/wp-json\/wp\/v2\/media?parent=83414"}],"wp:term":[{"taxonomy":"product_brand","embeddable":true,"href":"https:\/\/futllermo.com\/tienda\/wp-json\/wp\/v2\/product_brand?post=83414"},{"taxonomy":"product_cat","embeddable":true,"href":"https:\/\/futllermo.com\/tienda\/wp-json\/wp\/v2\/product_cat?post=83414"},{"taxonomy":"product_tag","embeddable":true,"href":"https:\/\/futllermo.com\/tienda\/wp-json\/wp\/v2\/product_tag?post=83414"}],"curies":[{"name":"wp","href":"https:\/\/api.w.org\/{rel}","templated":true}]}}