{"id":83365,"date":"2021-01-13T12:54:31","date_gmt":"2021-01-13T12:54:31","guid":{"rendered":"https:\/\/futllermo.com\/tienda\/producto\/sacos-pesados-de-boxeo-bolsa-de-perforacion-de-boxeo-bolsa-de-arena-negra-sin-llena-bolsa-de-perforacion-de-entrenamiento-adolescente-y-adulto-kick-boxing-aptitud-objetivo-sanda-taekwondo-mma-boxin\/"},"modified":"2022-01-13T09:59:22","modified_gmt":"2022-01-13T09:59:22","slug":"sacos-pesados-de-boxeo-bolsa-de-perforacion-de-boxeo-bolsa-de-arena-negra-sin-llena-bolsa-de-perforacion-de-entrenamiento-adolescente-y-adulto-kick-boxing-aptitud-objetivo-sanda-taekwondo-mma-boxin","status":"publish","type":"product","link":"https:\/\/futllermo.com\/tienda\/producto\/sacos-pesados-de-boxeo-bolsa-de-perforacion-de-boxeo-bolsa-de-arena-negra-sin-llena-bolsa-de-perforacion-de-entrenamiento-adolescente-y-adulto-kick-boxing-aptitud-objetivo-sanda-taekwondo-mma-boxin\/","title":{"rendered":"Sacos pesados de boxeo Bolsa de perforaci\u00f3n de boxeo, bolsa de arena negra sin llena, bolsa de perforaci\u00f3n de\u2026"},"content":{"rendered":"<div class=\"disclaim\"> Tama\u00f1o:<strong>200cm<\/strong> <\/div>\n<p> <!-- show up to 2 reviews by default --> <\/p>\n<p>Una bolsa de perforaci\u00f3n es uno de los equipos de ejercicio para realizar ejercicios de resistencia y ejercicios aer\u00f3bicos intensos que fortalecen los m\u00fasculos de los brazos y las piernas.Incluso si no se convierte en un boxeador profesional o miembro del gimnasio, puede entrenar con una bolsa de perforaci\u00f3n en casa al instalar una bolsa de perforaci\u00f3n en el techo o la pared de su hogar o en un soporte autoportante.<\/p>\n<p>Informaci\u00f3n b\u00e1sica<br \/>Nombre del art\u00edculo: Bolsa de entrenamiento de perforaci\u00f3n (vac\u00edo)<br \/>Tipos: Bolsa de perforaci\u00f3n \/ bolsas pesadas \/ bolsa de arena \/ bolsa de boxeo<br \/>De color negro<br \/>Material: Microfibra + lienzo de silicona<br \/>Tama\u00f1o: 150 * 50 cm, 200 * 60 cm.<br \/>Estilo: Colgante, estilo hueco, necesitas poner las cosas.<br \/>Tipo de deporte: Karate, Artes marciales mixtas, Boxeo, Muay Thai<br \/>Uso: Entrenamiento diario de boxeo \/ TRANING TRANINING \/ GIMNIBLE<br \/>Para personas: ni\u00f1os, adultos, hombres, mujeres.<\/p>\n<p>Contenido del paquete:<br \/>Bolsa de arena vac\u00eda \u00d7 1<br \/>Vendaje de boxeo \u00d7 2<br \/>Guantes de boxeo \u00d7 1<br \/>Cadena de hierro \u00d7 1<br \/>Gran carabiner X1<br \/>Rotador de 360 \u200b\u200b\u00b0 \u00d7 1<br \/>Gancho de expansi\u00f3n \u00d7 1<\/p>\n<p>Nota:<br \/>1. Por favor, espere un error de 1-3mm debido a la medici\u00f3n manual. PLS Aseg\u00farese de que no le importa antes de ofertar.<br \/>2. La imagen puede no reflejar el color real del art\u00edculo debido a la luz de fotograf\u00edas diferentes, \u00e1ngulo. <\/p>\n<p>Tama\u00f1o: la bolsa de perforaci\u00f3n es de 150 cm \/ 200 cm de altura y 50 cm \/ 60 cm de ancho cuando est\u00e1 completamente llena.Adecuado para el boxeo para adolescentes, MMA, Muay Thai.<br \/>\nCarga de bolsas m\u00e1ximas: la bolsa de perforaci\u00f3n puede cargar m\u00e1x. 30 kg, recomendado para llenar con trapos, aserr\u00edn, esponja, espuma, coj\u00edn y arena seca, frijoles, semillas para dar pesas.<br \/>\nLas bolsas de arena deben llenarse: el cierre superior de cremallera le permite llenar la bolsa. Viene con una cadena de metal para fijar la bolsa y los anillos de metal definitivamente se han cosido en la bolsa con m\u00faltiples hilos.<br \/>\nTodos los deportes: la bolsa de boxeo pesada se puede usar para entrenar el boxeo, MMA, Kickboxing, Muaythai, Bjj, Karate, Judo, Taekwondo, Formaci\u00f3n de autodefensa, Fitness &amp; More.<br \/>\nVarios usos: Punch a la cintura, forma de la parte superior de la espalda.Patea a la cintura, muslos, caderas y abdomen inferior.Al torcer su cuerpo, \u00a1tambi\u00e9n puede dar forma a su cintura!Nalgas, muslos, alivio de estr\u00e9s, abdomen y efecto de ejercicio muscular del cuerpo entero.<br \/>\n<\/p>\n","protected":false},"excerpt":{"rendered":"<p>Tama\u00f1o: la bolsa de perforaci\u00f3n es de 150 cm \/ 200 cm de altura y 50 cm \/ 60 cm de ancho cuando est\u00e1 completamente llena.Adecuado para el boxeo para adolescentes, MMA, Muay Thai.<br \/>\nCarga de bolsas m\u00e1ximas: la bolsa de perforaci\u00f3n puede cargar m\u00e1x. 30 kg, recomendado para llenar con trapos, aserr\u00edn, esponja, espuma, coj\u00edn y arena seca, frijoles, semillas para dar pesas.<br \/>\nLas bolsas de arena deben llenarse: el cierre superior de cremallera le permite llenar la bolsa. Viene con una cadena de metal para fijar la bolsa y los anillos de metal definitivamente se han cosido en la bolsa con m\u00faltiples hilos.<\/p>\n","protected":false},"featured_media":83366,"comment_status":"open","ping_status":"closed","template":"","meta":{"_kadence_starter_templates_imported_post":false,"_kad_post_transparent":"","_kad_post_title":"","_kad_post_layout":"","_kad_post_sidebar_id":"","_kad_post_content_style":"","_kad_post_vertical_padding":"","_kad_post_feature":"","_kad_post_feature_position":"","_kad_post_header":false,"_kad_post_footer":false},"product_brand":[],"product_cat":[494,421],"product_tag":[],"class_list":{"0":"post-83365","1":"product","2":"type-product","3":"status-publish","4":"has-post-thumbnail","6":"product_cat-saco-mma","7":"product_cat-mma","8":"pa_brand-marca-sophm5","9":"pa_marca-sophm5","10":"pa_peso-del-producto-1-g","11":"pa_producto-en-amazon-es-desde-12-enero-2021","13":"first","14":"instock","15":"shipping-taxable","16":"purchasable","17":"product-type-simple","18":"entry","19":"content-bg","20":"loop-entry"},"_links":{"self":[{"href":"https:\/\/futllermo.com\/tienda\/wp-json\/wp\/v2\/product\/83365","targetHints":{"allow":["GET"]}}],"collection":[{"href":"https:\/\/futllermo.com\/tienda\/wp-json\/wp\/v2\/product"}],"about":[{"href":"https:\/\/futllermo.com\/tienda\/wp-json\/wp\/v2\/types\/product"}],"replies":[{"embeddable":true,"href":"https:\/\/futllermo.com\/tienda\/wp-json\/wp\/v2\/comments?post=83365"}],"wp:featuredmedia":[{"embeddable":true,"href":"https:\/\/futllermo.com\/tienda\/wp-json\/wp\/v2\/media\/83366"}],"wp:attachment":[{"href":"https:\/\/futllermo.com\/tienda\/wp-json\/wp\/v2\/media?parent=83365"}],"wp:term":[{"taxonomy":"product_brand","embeddable":true,"href":"https:\/\/futllermo.com\/tienda\/wp-json\/wp\/v2\/product_brand?post=83365"},{"taxonomy":"product_cat","embeddable":true,"href":"https:\/\/futllermo.com\/tienda\/wp-json\/wp\/v2\/product_cat?post=83365"},{"taxonomy":"product_tag","embeddable":true,"href":"https:\/\/futllermo.com\/tienda\/wp-json\/wp\/v2\/product_tag?post=83365"}],"curies":[{"name":"wp","href":"https:\/\/api.w.org\/{rel}","templated":true}]}}