{"id":83332,"date":"2021-01-13T12:53:39","date_gmt":"2021-01-13T12:53:39","guid":{"rendered":"https:\/\/futllermo.com\/tienda\/producto\/saco-de-boxeo-de-pie-bolsa-de-boxeo-con-soporte-y-guantes-para-adultos-ninos-freestanding-altura-ajustable-punzonado-bolsa-de-boxeo-bolsa-de-velocidad-grande-para-entrenamiento-mma-alivio-del-estres-f\/"},"modified":"2022-01-13T09:59:21","modified_gmt":"2022-01-13T09:59:21","slug":"saco-de-boxeo-de-pie-bolsa-de-boxeo-con-soporte-y-guantes-para-adultos-ninos-freestanding-altura-ajustable-punzonado-bolsa-de-boxeo-bolsa-de-velocidad-grande-para-entrenamiento-mma-alivio-del-estres-f","status":"publish","type":"product","link":"https:\/\/futllermo.com\/tienda\/producto\/saco-de-boxeo-de-pie-bolsa-de-boxeo-con-soporte-y-guantes-para-adultos-ninos-freestanding-altura-ajustable-punzonado-bolsa-de-boxeo-bolsa-de-velocidad-grande-para-entrenamiento-mma-alivio-del-estres-f\/","title":{"rendered":"Saco de Boxeo de pie Bolsa de boxeo con soporte y guantes para adultos Ni\u00f1os Freestanding Altura Ajustable Punzonado\u2026"},"content":{"rendered":"<div class=\"disclaim\"> Color:<strong>Red-kids<\/strong> <\/div>\n<p> <!-- show up to 2 reviews by default --> <\/p>\n<p>\u25a1 Descripci\u00f3n del producto<br \/>La bolsa de boxeo es perfecta para el alivio del estr\u00e9s, las sesiones de entrenamiento y se coloca en un solo guantes de boxeo y eliminen sus frustraciones o cambie su r\u00e9gimen de acondicionamiento f\u00edsico con nuestro juego de bola de boxeo.Ayudar\u00e1 a elevar la salud de vigorizaci\u00f3n de manera efectiva, adelgazante y as\u00ed sucesivamente.<\/p>\n<p>\u25a1 Caracter\u00edsticas<br \/>&#8211; Bola de boxeo s\u00f3lida<br \/>La bola de boxeo est\u00e1 moldeada integralmente con poliuretano s\u00f3lido, que tiene una buena sensaci\u00f3n de la mano, imita la sensaci\u00f3n del cuerpo humano, la fuerte resistencia al impacto y no es f\u00e1cil de deformar.La capa m\u00e1s externa est\u00e1 engrosada de cuero de PU de alta densidad, con una capa de tamp\u00f3n de potencia en el medio, y un forro de espuma de poliuretano de alto el\u00e1stico dentro, que es suave y seguro.<br \/>&#8211; Stand ajustable de altura<br \/>Afloje la perilla para ajustar la altura del soporte del boxeo.De acuerdo con la altura personal, las necesidades y las preferencias del ejercicio, el bajo se puede ajustar a 47.2 pulgadas y la altura se puede ajustar a 59 pulgadas.El dise\u00f1o ligero y ajustable en altura le da m\u00e1s diversi\u00f3n a su entrenamiento.Tanto los adultos como los ni\u00f1os pueden jugar.<br \/>&#8211; Base de servicio pesado<br \/>La base moldeada por inyecci\u00f3n de una pieza es de roca-s\u00f3lida y dif\u00edcil de derribar.La base tiene una gran capacidad interna y se puede llenar con arena o agua.El ejercicio es m\u00e1s seguro.<\/p>\n<p>\u25a1 Especificaci\u00f3n:<br \/>&#8211; Material: pl\u00e1stico, acero y piel sint\u00e9tica.<br \/>&#8211; Color: negro y rojo.<br \/>&#8211; Tama\u00f1o de la base: adulto &#8211; 45 x 13 cm \/ 17.7 x 5.1 pulgadas, ni\u00f1os-40 x 10cm \/ 15.7 x 3.9 pulgadas (D x H)<br \/>&#8211; Tama\u00f1o de la bola: 25 x 30 cm \/ 9.8 x 11.8 pulgadas (l x h)<br \/>&#8211; Altura: adulto-120 ~ 150 cm \/ 47.2 ~ 59 pulgadas, ni\u00f1os-90 ~ 120 cm \/ 35.4 ~ 47.2 pulgadas<\/p>\n<p>\u25a1 Contenido del paquete:<br \/>&#8211; 1 x bola de perforaci\u00f3n con soporte, 1 x Instrucciones de instalaci\u00f3n, 1 x par de guantes<\/p>\n<p>\u25a1 Servicio al cliente<br \/>&#8211; Ofrece <\/p>\n<p>Juego completo de boxeo para adultos y ni\u00f1os: nuestro conjunto de bolsas de perforaci\u00f3n completo es super f\u00e1cil de configurar e incluye todo lo que necesita para una sesi\u00f3n de boxeo.La bola de perforaci\u00f3n de espuma EVA s\u00f3lida viene con una base duradera, eje ajustable cargado por resorte<br \/>\nPerfecto para el alivio del estr\u00e9s, las sesiones de entrenamiento y el entrenamiento de MMA: poner en un par de guantes de boxeo y eliminar con seguridad sus frustraciones o cambiar su r\u00e9gimen de acondicionamiento f\u00edsico con nuestro juego de bola de pu\u00f1etazo.Ayudar\u00e1 a elevar su ritmo card\u00edaco para un gran entrenamiento al tiempo que lo ayuda a desarrollar el tiempo, la velocidad y la precisi\u00f3n de la coordinaci\u00f3n de manos y los ojos.<br \/>\nResorte de nuevo en su lugar con facilidad: dise\u00f1ado para un uso \u00f3ptimo y seguro, nuestra bolsa de boxeo de pie gratis cuenta con un resorte fuerte y duradero en la base del eje.Esto permite que la bolsa de perforaci\u00f3n montada en resorte se recupere en su posici\u00f3n cada vez despu\u00e9s de cada golpe.<br \/>\nSoporte de altura ajustable para su comodidad: Stand ajustable de altura: la altura del soporte de bola de perforaci\u00f3n de estilo adulto es ajustable de 47.2 pulgadas a 59 pulgadas, el estilo infantil es ajustable de 35.4 pulgadas a 47.2 pulgadas para adaptarse a las preferencias personales.Ligero con el dise\u00f1o ajustable de altura trae m\u00e1s diversi\u00f3n a su entrenamiento.Nuestra bola de pu\u00f1etazo es perfecta para adolescentes 14 y m\u00e1s, j\u00f3venes, adultos, hombres y mujeres.<br \/>\nF\u00e1cil de instalar: esta bolsa de perforaci\u00f3n es f\u00e1cil de instalar y le enviaremos la herramienta de instalaci\u00f3n, y es una demanda para todo tipo de piso<br \/>\n<\/p>\n","protected":false},"excerpt":{"rendered":"<p>Juego completo de boxeo para adultos y ni\u00f1os: nuestro conjunto de bolsas de perforaci\u00f3n completo es super f\u00e1cil de configurar e incluye todo lo que necesita para una sesi\u00f3n de boxeo.La bola de perforaci\u00f3n de espuma EVA s\u00f3lida viene con una base duradera, eje ajustable cargado por resorte<br \/>\nPerfecto para el alivio del estr\u00e9s, las sesiones de entrenamiento y el entrenamiento de MMA: poner en un par de guantes de boxeo y eliminar con seguridad sus frustraciones o cambiar su r\u00e9gimen de acondicionamiento f\u00edsico con nuestro juego de bola de pu\u00f1etazo.Ayudar\u00e1 a elevar su ritmo card\u00edaco para un gran entrenamiento al tiempo que lo ayuda a desarrollar el tiempo, la velocidad y la precisi\u00f3n de la coordinaci\u00f3n de manos y los ojos.<br \/>\nResorte de nuevo en su lugar con facilidad: dise\u00f1ado para un uso \u00f3ptimo y seguro, nuestra bolsa de boxeo de pie gratis cuenta con un resorte fuerte y duradero en la base del eje.Esto permite que la bolsa de perforaci\u00f3n montada en resorte se recupere en su posici\u00f3n cada vez despu\u00e9s de cada golpe.<\/p>\n","protected":false},"featured_media":83335,"comment_status":"open","ping_status":"closed","template":"","meta":{"_kadence_starter_templates_imported_post":false,"_kad_post_transparent":"","_kad_post_title":"","_kad_post_layout":"","_kad_post_sidebar_id":"","_kad_post_content_style":"","_kad_post_vertical_padding":"","_kad_post_feature":"","_kad_post_feature_position":"","_kad_post_header":false,"_kad_post_footer":false},"product_brand":[],"product_cat":[494,421],"product_tag":[],"class_list":{"0":"post-83332","1":"product","2":"type-product","3":"status-publish","4":"has-post-thumbnail","6":"product_cat-saco-mma","7":"product_cat-mma","8":"pa_brand-marca-suomo","9":"pa_color-red-kids","10":"pa_marca-suomo","11":"pa_peso-del-producto-1-g","12":"pa_producto-en-amazon-es-desde-11-enero-2021","14":"first","15":"instock","16":"shipping-taxable","17":"purchasable","18":"product-type-simple","19":"entry","20":"content-bg","21":"loop-entry"},"_links":{"self":[{"href":"https:\/\/futllermo.com\/tienda\/wp-json\/wp\/v2\/product\/83332","targetHints":{"allow":["GET"]}}],"collection":[{"href":"https:\/\/futllermo.com\/tienda\/wp-json\/wp\/v2\/product"}],"about":[{"href":"https:\/\/futllermo.com\/tienda\/wp-json\/wp\/v2\/types\/product"}],"replies":[{"embeddable":true,"href":"https:\/\/futllermo.com\/tienda\/wp-json\/wp\/v2\/comments?post=83332"}],"wp:featuredmedia":[{"embeddable":true,"href":"https:\/\/futllermo.com\/tienda\/wp-json\/wp\/v2\/media\/83335"}],"wp:attachment":[{"href":"https:\/\/futllermo.com\/tienda\/wp-json\/wp\/v2\/media?parent=83332"}],"wp:term":[{"taxonomy":"product_brand","embeddable":true,"href":"https:\/\/futllermo.com\/tienda\/wp-json\/wp\/v2\/product_brand?post=83332"},{"taxonomy":"product_cat","embeddable":true,"href":"https:\/\/futllermo.com\/tienda\/wp-json\/wp\/v2\/product_cat?post=83332"},{"taxonomy":"product_tag","embeddable":true,"href":"https:\/\/futllermo.com\/tienda\/wp-json\/wp\/v2\/product_tag?post=83332"}],"curies":[{"name":"wp","href":"https:\/\/api.w.org\/{rel}","templated":true}]}}