{"id":83326,"date":"2021-01-13T12:53:28","date_gmt":"2021-01-13T12:53:28","guid":{"rendered":"https:\/\/futllermo.com\/tienda\/producto\/sacos-pesados-de-boxeo-bolsa-de-perforacion-de-boxeo-para-adultos-aliviar-la-presion-de-entrenamiento-de-entrenamiento-de-entrenamiento-de-aptitud-taekwondo-mma-muay-muay-thai-sanda-boxing-sandbag\/"},"modified":"2022-01-13T09:59:21","modified_gmt":"2022-01-13T09:59:21","slug":"sacos-pesados-de-boxeo-bolsa-de-perforacion-de-boxeo-para-adultos-aliviar-la-presion-de-entrenamiento-de-entrenamiento-de-entrenamiento-de-aptitud-taekwondo-mma-muay-muay-thai-sanda-boxing-sandbag","status":"publish","type":"product","link":"https:\/\/futllermo.com\/tienda\/producto\/sacos-pesados-de-boxeo-bolsa-de-perforacion-de-boxeo-para-adultos-aliviar-la-presion-de-entrenamiento-de-entrenamiento-de-entrenamiento-de-aptitud-taekwondo-mma-muay-muay-thai-sanda-boxing-sandbag\/","title":{"rendered":"Sacos pesados de boxeo Bolsa de perforaci\u00f3n de boxeo para adultos, aliviar la presi\u00f3n de entrenamiento de entrenamiento\u2026"},"content":{"rendered":"<div class=\"disclaim\"> Tama\u00f1o:<strong>180cm<\/strong> <\/div>\n<p> <!-- show up to 2 reviews by default --> <\/p>\n<p>Una bolsa de perforaci\u00f3n es uno de los equipos de ejercicio para realizar ejercicios de resistencia y ejercicios aer\u00f3bicos intensos que fortalecen los m\u00fasculos de los brazos y las piernas.Incluso si no se convierte en un boxeador profesional o miembro del gimnasio, puede entrenar con una bolsa de perforaci\u00f3n en casa al instalar una bolsa de perforaci\u00f3n en el techo o la pared de su hogar o en un soporte autoportante.<\/p>\n<p>Informaci\u00f3n b\u00e1sica<br \/>Nombre del art\u00edculo: Bolsa de entrenamiento de perforaci\u00f3n (vac\u00edo)<br \/>Tipos: Bolsa de perforaci\u00f3n \/ bolsas pesadas \/ bolsa de arena \/ bolsa de boxeo<br \/>De color negro<br \/>Material: cuero de poliuretano<br \/>Tama\u00f1o: 150 * 40 cm;180 * 45 cm<br \/>Peso: alrededor de 1,8 kg.<br \/>Estilo: Colgante, estilo hueco, necesitas poner las cosas.<br \/>Tipo de deporte: Karate, Artes marciales mixtas, Boxeo, Muay Thai<br \/>Uso: Entrenamiento diario de boxeo \/ TRANING TRANINING \/ GIMNIBLE<br \/>Para personas: ni\u00f1os, adultos, hombres, mujeres.<\/p>\n<p>Contenido del paquete:<br \/>Bolsa de arena hueca \u00d7 1<\/p>\n<p>Nota:<br \/>1. Por favor, espere un error de 1-3mm debido a la medici\u00f3n manual. PLS Aseg\u00farese de que no le importa antes de ofertar.<br \/>2. La imagen puede no reflejar el color real del art\u00edculo debido a la luz de fotograf\u00edas diferentes, \u00e1ngulo. <\/p>\n<p>Bolsa de arena de DIY sin llenar: las bolsas de arena no incluyen rellenos y deben ser llenados por s\u00ed mismos.Puede llenar esta bolsa de boxeo con rellenos textiles usados \u200b\u200b\/ antiguos, relleno de bolsas antiguas, toallas \/ mantas \/ hojas ralladas, etc.<br \/>\nTama\u00f1o: 150 * 40 cm \/ 180 * 45 cm.Peso: 1.8 kg.Fortalece la cadena con una capacidad de carga total de 25-35 kg.<br \/>\nMateriales duraderos: Hecho de cuero y lienzo duradero de PU, con tornillos fijos y costuras dobles, la bolsa de perforaci\u00f3n funciona bien y sirva para un uso prolongado.Strongas correas colgantes, ganchos cremalleras y mucho m\u00e1s.<br \/>\nMultiuso: la bolsa de perforaci\u00f3n se puede usar para punzonar, patear, artes marciales, MMA, Taekwondo, entrenamiento pesado de Muay Thai y Fitness General, apta para toda la familia, incluidos ni\u00f1os, adolescentes y adultos.<br \/>\nTOP SERVICIO: Le otorgamos gran importancia a su experiencia de compra, si tiene alguna pregunta, no dude en ponerse en contacto con nosotros, garantizamos su soluci\u00f3n perfecta y 100% de satisfacci\u00f3n.<br \/>\n<\/p>\n","protected":false},"excerpt":{"rendered":"<p>Bolsa de arena de DIY sin llenar: las bolsas de arena no incluyen rellenos y deben ser llenados por s\u00ed mismos.Puede llenar esta bolsa de boxeo con rellenos textiles usados \u200b\u200b\/ antiguos, relleno de bolsas antiguas, toallas \/ mantas \/ hojas ralladas, etc.<br \/>\nTama\u00f1o: 150 * 40 cm \/ 180 * 45 cm.Peso: 1.8 kg.Fortalece la cadena con una capacidad de carga total de 25-35 kg.<br \/>\nMateriales duraderos: Hecho de cuero y lienzo duradero de PU, con tornillos fijos y costuras dobles, la bolsa de perforaci\u00f3n funciona bien y sirva para un uso prolongado.Strongas correas colgantes, ganchos cremalleras y mucho m\u00e1s.<\/p>\n","protected":false},"featured_media":83327,"comment_status":"open","ping_status":"closed","template":"","meta":{"_kadence_starter_templates_imported_post":false,"_kad_post_transparent":"","_kad_post_title":"","_kad_post_layout":"","_kad_post_sidebar_id":"","_kad_post_content_style":"","_kad_post_vertical_padding":"","_kad_post_feature":"","_kad_post_feature_position":"","_kad_post_header":false,"_kad_post_footer":false},"product_brand":[],"product_cat":[494,421],"product_tag":[],"class_list":{"0":"post-83326","1":"product","2":"type-product","3":"status-publish","4":"has-post-thumbnail","6":"product_cat-saco-mma","7":"product_cat-mma","8":"pa_brand-marca-sophm5","9":"pa_marca-sophm5","10":"pa_peso-del-producto-1-g","11":"pa_producto-en-amazon-es-desde-11-enero-2021","13":"first","14":"instock","15":"shipping-taxable","16":"purchasable","17":"product-type-simple","18":"entry","19":"content-bg","20":"loop-entry"},"_links":{"self":[{"href":"https:\/\/futllermo.com\/tienda\/wp-json\/wp\/v2\/product\/83326","targetHints":{"allow":["GET"]}}],"collection":[{"href":"https:\/\/futllermo.com\/tienda\/wp-json\/wp\/v2\/product"}],"about":[{"href":"https:\/\/futllermo.com\/tienda\/wp-json\/wp\/v2\/types\/product"}],"replies":[{"embeddable":true,"href":"https:\/\/futllermo.com\/tienda\/wp-json\/wp\/v2\/comments?post=83326"}],"wp:featuredmedia":[{"embeddable":true,"href":"https:\/\/futllermo.com\/tienda\/wp-json\/wp\/v2\/media\/83327"}],"wp:attachment":[{"href":"https:\/\/futllermo.com\/tienda\/wp-json\/wp\/v2\/media?parent=83326"}],"wp:term":[{"taxonomy":"product_brand","embeddable":true,"href":"https:\/\/futllermo.com\/tienda\/wp-json\/wp\/v2\/product_brand?post=83326"},{"taxonomy":"product_cat","embeddable":true,"href":"https:\/\/futllermo.com\/tienda\/wp-json\/wp\/v2\/product_cat?post=83326"},{"taxonomy":"product_tag","embeddable":true,"href":"https:\/\/futllermo.com\/tienda\/wp-json\/wp\/v2\/product_tag?post=83326"}],"curies":[{"name":"wp","href":"https:\/\/api.w.org\/{rel}","templated":true}]}}