{"id":83318,"date":"2021-01-13T12:45:15","date_gmt":"2021-01-13T12:45:15","guid":{"rendered":"https:\/\/futllermo.com\/tienda\/producto\/shock-doctor-superfit-all-sport-convertible-protector-bucal-jovenes-y-adultos-tamanos-guardias-de-boca-con-sabores-disponibles\/"},"modified":"2022-01-13T09:59:20","modified_gmt":"2022-01-13T09:59:20","slug":"shock-doctor-superfit-all-sport-convertible-protector-bucal-jovenes-y-adultos-tamanos-guardias-de-boca-con-sabores-disponibles","status":"publish","type":"product","link":"https:\/\/futllermo.com\/tienda\/producto\/shock-doctor-superfit-all-sport-convertible-protector-bucal-jovenes-y-adultos-tamanos-guardias-de-boca-con-sabores-disponibles\/","title":{"rendered":"Shock Doctor Superfit All Sport Convertible Protector bucal, j\u00f3venes y adultos tama\u00f1os, guardias de boca con sabores\u2026"},"content":{"rendered":"<p><!-- show up to 2 reviews by default --> <\/p>\n<p>Slim Fit: Menos material, bajo perfil, mejor transpirabilidad para la m\u00e1xima transpirabilidad y mand\u00edbula speak-ability Gel Windows que absorbe impactos para mayor protecci\u00f3n Gel-Fit Liner para Tight, ajuste c\u00f3modo. <\/p>\n<p>gel-fitliner: moldes personalizados para los dientes para apretado, ajuste c\u00f3modo<br \/>\nDise\u00f1o bio-fit: m\u00e1xima facilidad de hablar y respiraci\u00f3n<br \/>\nInventa Tech: Boost el flujo de aire para una mayor transpirabilidad<br \/>\nGel Windows: a\u00f1ade absorci\u00f3n de golpes para protecci\u00f3n de la mand\u00edbula y total comodidad<br \/>\nSu chasis adaptado a la natural Dimensiones de cada diente<br \/>\nwarm-water hornear moldes &amp; Fit \u2013 sin hervir<br \/>\nCumple nacional y estado High School reglas<br \/>\nLibre de l\u00e1tex, libre de BPA, ftalatos gratuito<br \/>\nNo para el uso con tirantes. ver instrucciones de montaje dentro de embalaje<br \/>\n<\/p>\n","protected":false},"excerpt":{"rendered":"<p>gel-fitliner: moldes personalizados para los dientes para apretado, ajuste c\u00f3modo<br \/>\nDise\u00f1o bio-fit: m\u00e1xima facilidad de hablar y respiraci\u00f3n<br \/>\nInventa Tech: Boost el flujo de aire para una mayor transpirabilidad<\/p>\n","protected":false},"featured_media":83320,"comment_status":"open","ping_status":"closed","template":"","meta":{"_kadence_starter_templates_imported_post":false,"_kad_post_transparent":"","_kad_post_title":"","_kad_post_layout":"","_kad_post_sidebar_id":"","_kad_post_content_style":"","_kad_post_vertical_padding":"","_kad_post_feature":"","_kad_post_feature_position":"","_kad_post_header":false,"_kad_post_footer":false},"product_brand":[],"product_cat":[495,421],"product_tag":[],"class_list":{"0":"post-83318","1":"product","2":"type-product","3":"status-publish","4":"has-post-thumbnail","6":"product_cat-protector-bucal","7":"product_cat-mma","8":"pa_brand-visita-la-store-de-shock-doctor","10":"first","11":"instock","12":"shipping-taxable","13":"purchasable","14":"product-type-simple","15":"entry","16":"content-bg","17":"loop-entry"},"_links":{"self":[{"href":"https:\/\/futllermo.com\/tienda\/wp-json\/wp\/v2\/product\/83318","targetHints":{"allow":["GET"]}}],"collection":[{"href":"https:\/\/futllermo.com\/tienda\/wp-json\/wp\/v2\/product"}],"about":[{"href":"https:\/\/futllermo.com\/tienda\/wp-json\/wp\/v2\/types\/product"}],"replies":[{"embeddable":true,"href":"https:\/\/futllermo.com\/tienda\/wp-json\/wp\/v2\/comments?post=83318"}],"wp:featuredmedia":[{"embeddable":true,"href":"https:\/\/futllermo.com\/tienda\/wp-json\/wp\/v2\/media\/83320"}],"wp:attachment":[{"href":"https:\/\/futllermo.com\/tienda\/wp-json\/wp\/v2\/media?parent=83318"}],"wp:term":[{"taxonomy":"product_brand","embeddable":true,"href":"https:\/\/futllermo.com\/tienda\/wp-json\/wp\/v2\/product_brand?post=83318"},{"taxonomy":"product_cat","embeddable":true,"href":"https:\/\/futllermo.com\/tienda\/wp-json\/wp\/v2\/product_cat?post=83318"},{"taxonomy":"product_tag","embeddable":true,"href":"https:\/\/futllermo.com\/tienda\/wp-json\/wp\/v2\/product_tag?post=83318"}],"curies":[{"name":"wp","href":"https:\/\/api.w.org\/{rel}","templated":true}]}}