{"id":83305,"date":"2021-01-13T12:44:54","date_gmt":"2021-01-13T12:44:54","guid":{"rendered":"https:\/\/futllermo.com\/tienda\/producto\/sdenshi-muay-taekwondo-boxing-gum-protector-bucal-karate-mma-hockey-pieza-bucal\/"},"modified":"2022-01-13T09:59:20","modified_gmt":"2022-01-13T09:59:20","slug":"sdenshi-muay-taekwondo-boxing-gum-protector-bucal-karate-mma-hockey-pieza-bucal","status":"publish","type":"product","link":"https:\/\/futllermo.com\/tienda\/producto\/sdenshi-muay-taekwondo-boxing-gum-protector-bucal-karate-mma-hockey-pieza-bucal\/","title":{"rendered":"SDENSHI Muay Taekwondo Boxing Gum Protector Bucal Karate MMA Hockey Pieza Bucal"},"content":{"rendered":"<div class=\"disclaim\"> Color:<strong>Blanco azul<\/strong> <\/div>\n<p> <!-- show up to 2 reviews by default --> <\/p>\n<p><b>Descripci\u00f3n:<\/b><\/p>\n<p> &#8211; Este protector de goma flexible est\u00e1 dise\u00f1ado para protegerte de cualquier da\u00f1o. Es muy conveniente usarlo.<br \/> &#8211; Hecho de material de silicona de calidad, reutilizable. C\u00f3modo, un tama\u00f1o adecuado para todos.<br \/> &#8211; Adecuado para el boxeo, las artes marciales de Hockey o algunos deportes \u00e1speros.<br \/> &#8211; Instrucciones: coloque el protector de goma en agua caliente (aproximadamente 80\/176)<br \/> &#8211; Despu\u00e9s de 15 segundos, s\u00e1calo y b\u00e1jalo, aseg\u00farate de que se pegue firmemente contra la mand\u00edbula . Ponla en agua fr\u00eda y haz que tenga forma.<\/p>\n<p><b>Especificaci\u00f3n:<\/b><\/p>\n<p> &#8211; Tama\u00f1o: 83x77x32mm<br \/> &#8211; Para qu\u00e9 deportes: boxeo, Taekwondo, baloncesto, f\u00fatbol, etc.<br \/> &#8211; Para las que las personas: universal<\/p>\n<p><b>El paquete incluye:<\/b><\/p>\n<p>1x boca guardia<\/p>\n<p><b>Nota:<\/b><\/p>\n<p>Transici\u00f3n: 1cm = 10mm = 0,39 pulgadas<br \/>Permita una ligera diferencia de 0-1cm debido a la medici\u00f3n manual.<br \/>Los colores pueden parecer diferentes dependiendo de la luz y c\u00f3mo se vea la lista.<br \/>Gracias por su comprensi\u00f3n y atenci\u00f3n. \u00a1Le deseamos una experiencia de compra agradable!<\/p>\n<\/p>\n<p>Despu\u00e9s de 15 segundos, s\u00e1calo y b\u00e1jalo, aseg\u00farate de que se pegue firmemente contra la mand\u00edbula . Ponla en agua fr\u00eda y haz que tenga forma.<br \/>\nAdecuado para el boxeo, las artes marciales de Hockey o algunos deportes \u00e1speros.<br \/>\nHecho de material de silicona de calidad, reutilizable. C\u00f3modo, un tama\u00f1o adecuado para todos.<br \/>\nEste protector de goma flexible est\u00e1 dise\u00f1ado para protegerte de cualquier da\u00f1o. Es muy conveniente usarlo.<br \/>\nInstrucciones: coloque el protector de goma en agua caliente (aproximadamente 80\/176)<br \/>\n<\/p>\n","protected":false},"excerpt":{"rendered":"<p>Despu\u00e9s de 15 segundos, s\u00e1calo y b\u00e1jalo, aseg\u00farate de que se pegue firmemente contra la mand\u00edbula . Ponla en agua fr\u00eda y haz que tenga forma.<br \/>\nAdecuado para el boxeo, las artes marciales de Hockey o algunos deportes \u00e1speros.<br \/>\nHecho de material de silicona de calidad, reutilizable. C\u00f3modo, un tama\u00f1o adecuado para todos.<\/p>\n","protected":false},"featured_media":83307,"comment_status":"open","ping_status":"closed","template":"","meta":{"_kadence_starter_templates_imported_post":false,"_kad_post_transparent":"","_kad_post_title":"","_kad_post_layout":"","_kad_post_sidebar_id":"","_kad_post_content_style":"","_kad_post_vertical_padding":"","_kad_post_feature":"","_kad_post_feature_position":"","_kad_post_header":false,"_kad_post_footer":false},"product_brand":[],"product_cat":[495,421],"product_tag":[],"class_list":{"0":"post-83305","1":"product","2":"type-product","3":"status-publish","4":"has-post-thumbnail","6":"product_cat-protector-bucal","7":"product_cat-mma","8":"pa_brand-marca-sdenshi","10":"first","11":"instock","12":"shipping-taxable","13":"purchasable","14":"product-type-simple","15":"entry","16":"content-bg","17":"loop-entry"},"_links":{"self":[{"href":"https:\/\/futllermo.com\/tienda\/wp-json\/wp\/v2\/product\/83305","targetHints":{"allow":["GET"]}}],"collection":[{"href":"https:\/\/futllermo.com\/tienda\/wp-json\/wp\/v2\/product"}],"about":[{"href":"https:\/\/futllermo.com\/tienda\/wp-json\/wp\/v2\/types\/product"}],"replies":[{"embeddable":true,"href":"https:\/\/futllermo.com\/tienda\/wp-json\/wp\/v2\/comments?post=83305"}],"wp:featuredmedia":[{"embeddable":true,"href":"https:\/\/futllermo.com\/tienda\/wp-json\/wp\/v2\/media\/83307"}],"wp:attachment":[{"href":"https:\/\/futllermo.com\/tienda\/wp-json\/wp\/v2\/media?parent=83305"}],"wp:term":[{"taxonomy":"product_brand","embeddable":true,"href":"https:\/\/futllermo.com\/tienda\/wp-json\/wp\/v2\/product_brand?post=83305"},{"taxonomy":"product_cat","embeddable":true,"href":"https:\/\/futllermo.com\/tienda\/wp-json\/wp\/v2\/product_cat?post=83305"},{"taxonomy":"product_tag","embeddable":true,"href":"https:\/\/futllermo.com\/tienda\/wp-json\/wp\/v2\/product_tag?post=83305"}],"curies":[{"name":"wp","href":"https:\/\/api.w.org\/{rel}","templated":true}]}}