{"id":83295,"date":"2021-01-13T12:44:41","date_gmt":"2021-01-13T12:44:41","guid":{"rendered":"https:\/\/futllermo.com\/tienda\/producto\/amagogo-2x-protectores-bucales-de-goma-de-boxeo-con-estuche-de-almacenamiento\/"},"modified":"2022-01-13T09:59:20","modified_gmt":"2022-01-13T09:59:20","slug":"amagogo-2x-protectores-bucales-de-goma-de-boxeo-con-estuche-de-almacenamiento","status":"publish","type":"product","link":"https:\/\/futllermo.com\/tienda\/producto\/amagogo-2x-protectores-bucales-de-goma-de-boxeo-con-estuche-de-almacenamiento\/","title":{"rendered":"Amagogo 2X Protectores Bucales de Goma de Boxeo con Estuche de Almacenamiento"},"content":{"rendered":"<p><!-- show up to 2 reviews by default --> <\/p>\n<p><b>Descripci\u00f3n:<\/b><\/p>\n<p> &#8211; Hecho de EVA de grado alimenticio &#8211; respetuoso con el medio , c\u00f3modo. <\/p>\n<p> &#8211; Dise\u00f1o resistente a los golpes, evita da\u00f1os en los , labios y enc\u00edas. <\/p>\n<p> &#8211; Dise\u00f1o ajustable, f\u00e1cil de instalar y usar c\u00f3modo. <\/p>\n<p> &#8211; Protector bucal \u00fanico de calidad dise\u00f1ado para proporcionar un flujo de aire sin obstrucciones. <\/p>\n<p> &#8211; Adecuado para el boxeo, kickboxing, MMA, f\u00fatbol, baloncesto y otros deportes de contacto. <\/p>\n<p><b>Especificaci\u00f3n:<\/b><\/p>\n<p> &#8211; Material: Calidad alimenticia EVA <\/p>\n<p> &#8211; Tama\u00f1o (LxW): Aprox. 4.8 x 5 cm \/ 1.89 x 1.97 pulgadas <\/p>\n<p> &#8211; De color negro <\/p>\n<p><b>El paquete incluye:<\/b><\/p>\n<p> Protectores bucales de 2 piezas (con estuche) <\/p>\n<p><b>Nota:<\/b><\/p>\n<p> El color puede ser ligeramente diferente debido a la calibraci\u00f3n del color de cada monitor individual. <br \/> Por favor permita una ligera desviaci\u00f3n de medici\u00f3n debido a la medici\u00f3n manual. <\/p>\n<\/p>\n<p>Protector bucal \u00fanico de calidad dise\u00f1ado para proporcionar un flujo de aire sin obstrucciones.<br \/>\nAdecuado para el boxeo, kickboxing, MMA, f\u00fatbol, baloncesto y otros deportes de contacto.<br \/>\nDise\u00f1o ajustable, f\u00e1cil de instalar y usar c\u00f3modo.<br \/>\nHecho de EVA de grado alimenticio &#8211; respetuoso con el medio , c\u00f3modo.<br \/>\nDise\u00f1o resistente a los golpes, evita da\u00f1os en los , labios y enc\u00edas.<br \/>\n<\/p>\n","protected":false},"excerpt":{"rendered":"<p>Protector bucal \u00fanico de calidad dise\u00f1ado para proporcionar un flujo de aire sin obstrucciones.<br \/>\nAdecuado para el boxeo, kickboxing, MMA, f\u00fatbol, baloncesto y otros deportes de contacto.<br \/>\nDise\u00f1o ajustable, f\u00e1cil de instalar y usar c\u00f3modo.<\/p>\n","protected":false},"featured_media":83298,"comment_status":"open","ping_status":"closed","template":"","meta":{"_kadence_starter_templates_imported_post":false,"_kad_post_transparent":"","_kad_post_title":"","_kad_post_layout":"","_kad_post_sidebar_id":"","_kad_post_content_style":"","_kad_post_vertical_padding":"","_kad_post_feature":"","_kad_post_feature_position":"","_kad_post_header":false,"_kad_post_footer":false},"product_brand":[],"product_cat":[495,421],"product_tag":[],"class_list":{"0":"post-83295","1":"product","2":"type-product","3":"status-publish","4":"has-post-thumbnail","6":"product_cat-protector-bucal","7":"product_cat-mma","8":"pa_brand-marca-amagogo","10":"first","11":"instock","12":"shipping-taxable","13":"purchasable","14":"product-type-simple","15":"entry","16":"content-bg","17":"loop-entry"},"_links":{"self":[{"href":"https:\/\/futllermo.com\/tienda\/wp-json\/wp\/v2\/product\/83295","targetHints":{"allow":["GET"]}}],"collection":[{"href":"https:\/\/futllermo.com\/tienda\/wp-json\/wp\/v2\/product"}],"about":[{"href":"https:\/\/futllermo.com\/tienda\/wp-json\/wp\/v2\/types\/product"}],"replies":[{"embeddable":true,"href":"https:\/\/futllermo.com\/tienda\/wp-json\/wp\/v2\/comments?post=83295"}],"wp:featuredmedia":[{"embeddable":true,"href":"https:\/\/futllermo.com\/tienda\/wp-json\/wp\/v2\/media\/83298"}],"wp:attachment":[{"href":"https:\/\/futllermo.com\/tienda\/wp-json\/wp\/v2\/media?parent=83295"}],"wp:term":[{"taxonomy":"product_brand","embeddable":true,"href":"https:\/\/futllermo.com\/tienda\/wp-json\/wp\/v2\/product_brand?post=83295"},{"taxonomy":"product_cat","embeddable":true,"href":"https:\/\/futllermo.com\/tienda\/wp-json\/wp\/v2\/product_cat?post=83295"},{"taxonomy":"product_tag","embeddable":true,"href":"https:\/\/futllermo.com\/tienda\/wp-json\/wp\/v2\/product_tag?post=83295"}],"curies":[{"name":"wp","href":"https:\/\/api.w.org\/{rel}","templated":true}]}}