{"id":83258,"date":"2021-01-13T12:43:50","date_gmt":"2021-01-13T12:43:50","guid":{"rendered":"https:\/\/futllermo.com\/tienda\/producto\/sdkmah9-protector-bucal-de-seguridad-para-boxeo-arena-baloncesto-entrenamiento-deportivo-silicona-sin-olor\/"},"modified":"2022-01-13T09:59:20","modified_gmt":"2022-01-13T09:59:20","slug":"sdkmah9-protector-bucal-de-seguridad-para-boxeo-arena-baloncesto-entrenamiento-deportivo-silicona-sin-olor","status":"publish","type":"product","link":"https:\/\/futllermo.com\/tienda\/producto\/sdkmah9-protector-bucal-de-seguridad-para-boxeo-arena-baloncesto-entrenamiento-deportivo-silicona-sin-olor\/","title":{"rendered":"Sdkmah9 Protector bucal de seguridad para boxeo, arena, baloncesto, entrenamiento deportivo, silicona sin olor"},"content":{"rendered":"<p><!-- show up to 2 reviews by default --> <\/p>\n<p>Silicona, protector de dientes, boxeo, baloncesto. <\/p>\n<p>Tipo de art\u00edculo: protector bucal. <br \/>Material: silicona. <br \/>Color: transparente. <br \/>Condici\u00f3n: 100% nuevo <\/p>\n<p>Si el protector bucal no se ajusta a tu boca, puedes fijarlo de la siguiente manera: <br \/>1. Poner en una taza de agua caliente (70\u00b0 a 80\u00b0) hasta que est\u00e9 suave durante no m\u00e1s de 10 segundos. <br \/>2. Insertar en los dientes superiores. Para memorizar el molde de tus dientes, muerde ligeramente durante 10 a 15 segundos. <br \/>3. Usa las manos y la lengua para presionar firmemente, mantener medio minuto y luego lavar con agua fr\u00eda para completar completamente la forma. <\/p>\n<p>El paquete incluye: <br \/>1 protector bucal. <\/p>\n<p>Necesitas el protector de dientes \u2013 necesitas estar protegido de los golpes, impactos y golpes que encuentras al realizar lo mejor posible, ya sea boxeo, MMA, rugby, karate, judo, kickboxing, hockey o lacrosse.<br \/>\nLo que hace el protector de dientes \u2013 ofrece una protecci\u00f3n inmejorable para las enc\u00edas y la boca \u2013 para que puedas concentrarte en el rendimiento de tu potencial.<br \/>\n\u00bfQui\u00e9n protege el protector de dientes para cualquier persona que necesite protecci\u00f3n adicional para la boca, enc\u00edas y mand\u00edbula, artistas marciales, jugadores de rugby, boxeadores, futbolistas americanos, taekwondo y jiu jitsu, etc.<br \/>\nC\u00f3mo funciona el protector de dientes: se ajusta de forma segura en la boca para proteger los dientes y las enc\u00edas utilizando nuestra tecnolog\u00eda de automoldeo.<br \/>\nNuestra promesa: utilizamos solo materiales de la m\u00e1s alta calidad. El protector de dientes es de silicona, no da\u00f1a a las personas y es respetuoso con el medio ambiente.<br \/>\n<\/p>\n","protected":false},"excerpt":{"rendered":"<p>Necesitas el protector de dientes \u2013 necesitas estar protegido de los golpes, impactos y golpes que encuentras al realizar lo mejor posible, ya sea boxeo, MMA, rugby, karate, judo, kickboxing, hockey o lacrosse.<br \/>\nLo que hace el protector de dientes \u2013 ofrece una protecci\u00f3n inmejorable para las enc\u00edas y la boca \u2013 para que puedas concentrarte en el rendimiento de tu potencial.<br \/>\n\u00bfQui\u00e9n protege el protector de dientes para cualquier persona que necesite protecci\u00f3n adicional para la boca, enc\u00edas y mand\u00edbula, artistas marciales, jugadores de rugby, boxeadores, futbolistas americanos, taekwondo y jiu jitsu, etc.<\/p>\n","protected":false},"featured_media":83260,"comment_status":"open","ping_status":"closed","template":"","meta":{"_kadence_starter_templates_imported_post":false,"_kad_post_transparent":"","_kad_post_title":"","_kad_post_layout":"","_kad_post_sidebar_id":"","_kad_post_content_style":"","_kad_post_vertical_padding":"","_kad_post_feature":"","_kad_post_feature_position":"","_kad_post_header":false,"_kad_post_footer":false},"product_brand":[],"product_cat":[495,421],"product_tag":[],"class_list":{"0":"post-83258","1":"product","2":"type-product","3":"status-publish","4":"has-post-thumbnail","6":"product_cat-protector-bucal","7":"product_cat-mma","8":"pa_brand-marca-sdkmah9","10":"first","11":"instock","12":"shipping-taxable","13":"purchasable","14":"product-type-simple","15":"entry","16":"content-bg","17":"loop-entry"},"_links":{"self":[{"href":"https:\/\/futllermo.com\/tienda\/wp-json\/wp\/v2\/product\/83258","targetHints":{"allow":["GET"]}}],"collection":[{"href":"https:\/\/futllermo.com\/tienda\/wp-json\/wp\/v2\/product"}],"about":[{"href":"https:\/\/futllermo.com\/tienda\/wp-json\/wp\/v2\/types\/product"}],"replies":[{"embeddable":true,"href":"https:\/\/futllermo.com\/tienda\/wp-json\/wp\/v2\/comments?post=83258"}],"wp:featuredmedia":[{"embeddable":true,"href":"https:\/\/futllermo.com\/tienda\/wp-json\/wp\/v2\/media\/83260"}],"wp:attachment":[{"href":"https:\/\/futllermo.com\/tienda\/wp-json\/wp\/v2\/media?parent=83258"}],"wp:term":[{"taxonomy":"product_brand","embeddable":true,"href":"https:\/\/futllermo.com\/tienda\/wp-json\/wp\/v2\/product_brand?post=83258"},{"taxonomy":"product_cat","embeddable":true,"href":"https:\/\/futllermo.com\/tienda\/wp-json\/wp\/v2\/product_cat?post=83258"},{"taxonomy":"product_tag","embeddable":true,"href":"https:\/\/futllermo.com\/tienda\/wp-json\/wp\/v2\/product_tag?post=83258"}],"curies":[{"name":"wp","href":"https:\/\/api.w.org\/{rel}","templated":true}]}}