{"id":83203,"date":"2021-01-13T12:42:34","date_gmt":"2021-01-13T12:42:34","guid":{"rendered":"https:\/\/futllermo.com\/tienda\/producto\/fityle-escudo-deportivo-para-ninos-adultos-protector-bucal-deportivo-para-karate-muay-thai-hockey-artes-marciales-rugby-boxeo-mma-bjj\/"},"modified":"2022-01-13T09:59:20","modified_gmt":"2022-01-13T09:59:20","slug":"fityle-escudo-deportivo-para-ninos-adultos-protector-bucal-deportivo-para-karate-muay-thai-hockey-artes-marciales-rugby-boxeo-mma-bjj","status":"publish","type":"product","link":"https:\/\/futllermo.com\/tienda\/producto\/fityle-escudo-deportivo-para-ninos-adultos-protector-bucal-deportivo-para-karate-muay-thai-hockey-artes-marciales-rugby-boxeo-mma-bjj\/","title":{"rendered":"FITYLE Escudo Deportivo para ni\u00f1os\/Adultos-Protector bucal Deportivo para Karate, Muay Thai, Hockey, Artes Marciales\u2026"},"content":{"rendered":"<div class=\"disclaim\"> Color:<strong>Blanco, Negro,<\/strong> <\/div>\n<p> <!-- show up to 2 reviews by default --> <\/p>\n<p><b>Descripci\u00f3n:<\/b><\/p>\n<p> &#8211; Este protector de goma flexible est\u00e1 dise\u00f1ado para protegerte de cualquier da\u00f1o. Es muy conveniente usarlo.<br \/> &#8211; Hecho de material de silicona de alta calidad, reutilizable. C\u00f3modo, un tama\u00f1o adecuado para todos.<br \/> &#8211; Adecuado para el boxeo, las artes marciales de Hockey o algunos deportes \u00e1speros.<br \/> &#8211; Instrucciones: coloque el protector de goma en agua caliente (aproximadamente 80\/176)<br \/> &#8211; Despu\u00e9s de 15 segundos, s\u00e1calo y b\u00e1jalo, aseg\u00farate de que se pegue firmemente contra la mand\u00edbula . Ponla en agua fr\u00eda y haz que tenga forma.<\/p>\n<p><b>Especificaci\u00f3n:<\/b><\/p>\n<p> &#8211; Tama\u00f1o: 83x77x32mm<br \/> &#8211; Para qu\u00e9 deportes: boxeo, Taekwondo, baloncesto, f\u00fatbol, etc.<br \/> &#8211; Para las que las personas: universal<\/p>\n<p><b>El paquete incluye:<\/b><\/p>\n<p>1x boca guardia<\/p>\n<p><b>Nota:<\/b><\/p>\n<p>Transici\u00f3n: 1cm = 10mm = 0,39 pulgadas<br \/>Permita una ligera diferencia de 0-1cm debido a la medici\u00f3n manual.<br \/>Los colores pueden parecer diferentes dependiendo de la luz y c\u00f3mo se vea la lista.<br \/>Gracias por su comprensi\u00f3n y atenci\u00f3n. \u00a1Le deseamos una experiencia de compra agradable!<\/p>\n<p><\/p>\n<p><b>\u00a1Encuentra todo lo que quieras en Fityle! Haremos nuestro mejor esfuerzo para proporcionarle una excelente experiencia de compra en Amazon.<\/b><\/p>\n<\/p>\n<p>* Este protector de goma flexible est\u00e1 dise\u00f1ado para protegerte de cualquier da\u00f1o. Es muy conveniente usarlo.<br \/>\n* Hecho de material de silicona de alta calidad, reutilizable. C\u00f3modo, un tama\u00f1o adecuado para todos.<br \/>\n* Instrucciones: coloque el protector de goma en agua caliente (aproximadamente 80\/176)<br \/>\n* Despu\u00e9s de 15 segundos, s\u00e1calo y b\u00e1jalo, aseg\u00farate de que se pegue firmemente contra la mand\u00edbula . Ponla en agua fr\u00eda y haz que tenga forma.<br \/>\n* Adecuado para el boxeo, las artes marciales de Hockey o algunos deportes \u00e1speros.<br \/>\n<\/p>\n","protected":false},"excerpt":{"rendered":"<p>* Este protector de goma flexible est\u00e1 dise\u00f1ado para protegerte de cualquier da\u00f1o. Es muy conveniente usarlo.<br \/>\n* Hecho de material de silicona de alta calidad, reutilizable. C\u00f3modo, un tama\u00f1o adecuado para todos.<br \/>\n* Instrucciones: coloque el protector de goma en agua caliente (aproximadamente 80\/176)<\/p>\n","protected":false},"featured_media":83205,"comment_status":"open","ping_status":"closed","template":"","meta":{"_kadence_starter_templates_imported_post":false,"_kad_post_transparent":"","_kad_post_title":"","_kad_post_layout":"","_kad_post_sidebar_id":"","_kad_post_content_style":"","_kad_post_vertical_padding":"","_kad_post_feature":"","_kad_post_feature_position":"","_kad_post_header":false,"_kad_post_footer":false},"product_brand":[],"product_cat":[495,421],"product_tag":[],"class_list":{"0":"post-83203","1":"product","2":"type-product","3":"status-publish","4":"has-post-thumbnail","6":"product_cat-protector-bucal","7":"product_cat-mma","8":"pa_brand-marca-fityle","10":"first","11":"instock","12":"shipping-taxable","13":"purchasable","14":"product-type-simple","15":"entry","16":"content-bg","17":"loop-entry"},"_links":{"self":[{"href":"https:\/\/futllermo.com\/tienda\/wp-json\/wp\/v2\/product\/83203","targetHints":{"allow":["GET"]}}],"collection":[{"href":"https:\/\/futllermo.com\/tienda\/wp-json\/wp\/v2\/product"}],"about":[{"href":"https:\/\/futllermo.com\/tienda\/wp-json\/wp\/v2\/types\/product"}],"replies":[{"embeddable":true,"href":"https:\/\/futllermo.com\/tienda\/wp-json\/wp\/v2\/comments?post=83203"}],"wp:featuredmedia":[{"embeddable":true,"href":"https:\/\/futllermo.com\/tienda\/wp-json\/wp\/v2\/media\/83205"}],"wp:attachment":[{"href":"https:\/\/futllermo.com\/tienda\/wp-json\/wp\/v2\/media?parent=83203"}],"wp:term":[{"taxonomy":"product_brand","embeddable":true,"href":"https:\/\/futllermo.com\/tienda\/wp-json\/wp\/v2\/product_brand?post=83203"},{"taxonomy":"product_cat","embeddable":true,"href":"https:\/\/futllermo.com\/tienda\/wp-json\/wp\/v2\/product_cat?post=83203"},{"taxonomy":"product_tag","embeddable":true,"href":"https:\/\/futllermo.com\/tienda\/wp-json\/wp\/v2\/product_tag?post=83203"}],"curies":[{"name":"wp","href":"https:\/\/api.w.org\/{rel}","templated":true}]}}