{"id":83182,"date":"2021-01-13T12:41:46","date_gmt":"2021-01-13T12:41:46","guid":{"rendered":"https:\/\/futllermo.com\/tienda\/producto\/sbzh-protector-de-encia-boxeo-mma-karate-gum-shield-mouth\/"},"modified":"2022-01-13T09:59:19","modified_gmt":"2022-01-13T09:59:19","slug":"sbzh-protector-de-encia-boxeo-mma-karate-gum-shield-mouth","status":"publish","type":"product","link":"https:\/\/futllermo.com\/tienda\/producto\/sbzh-protector-de-encia-boxeo-mma-karate-gum-shield-mouth\/","title":{"rendered":"SBZH Protector de Enc\u00eda Boxeo\/MMA\/Karate Gum Shield Mouth"},"content":{"rendered":"<div class=\"disclaim\"> Color:<strong>13<\/strong> <\/div>\n<p> <!-- show up to 2 reviews by default --> <\/p>\n<p>caracteristicas:<\/p>\n<p> Deportes adecuados:<br \/> Este protector bucal deportivo se puede aplicar para muchas actividades deportivas, como baloncesto, f\u00fatbol, \u200b\u200bvoleibol, patinaje sobre hielo, boxeo, b\u00e9isbol, artes marciales, etc.<\/p>\n<p> Talla:<br \/> Se puede remodelar de acuerdo con la disposici\u00f3n de los dientes, la forma oral y el tama\u00f1o de los dientes diferentes, adecuado para la mayor\u00eda de los dientes, se puede recortar y ajustar para obtener m\u00e1s comodidad y puede hablar y respirar f\u00e1cilmente y obtener un mejor rendimiento. <\/p>\n<p>\u2764 DEPORTES: Nuestro protector bucal deportivo es adecuado para todos los deportes de contacto donde se requiere o recomienda un protector bucal como: f\u00fatbol, \u200b\u200bbaloncesto, lacrosse, hockey, MMA, boxeo, jiu jitsu y mucho m\u00e1s.<br \/>\n\u2764 TAMA\u00d1O: se puede remodelar de acuerdo con la disposici\u00f3n de los dientes, la forma oral y el tama\u00f1o de los dientes diferentes, adecuado para la mayor\u00eda de los dientes, se puede recortar y ajustar para obtener m\u00e1s comodidad y puede hablar y respirar f\u00e1cilmente y obtener un mejor rendimiento<br \/>\n\u2764 CARACTER\u00cdSTICAS: cuando est\u00e1 en el campo d\u00e1ndolo todo, todo lo que se necesita es una mala entrada o una ca\u00edda para que ocurra un desagradable accidente dental, pero con nuestra boquilla de primera calidad, puede asegurarse de que todos sus dientes permanezcan exactamente donde est\u00e1n sin renunciar a la comodidad ni al estilo.<br \/>\n\u2764 Protecci\u00f3n de nivel de entrenamiento: la capa exterior resistente al impacto absorbe los golpes de alto impacto y distribuye la fuerza sobre un \u00e1rea m\u00e1s grande, protegiendo sus dientes y enc\u00edas de lesiones.<br \/>\n\u2764 GARANT\u00cdA DE CALIDAD: Si tiene alguna pregunta, comun\u00edquese con nosotros a tiempo, le responderemos dentro de las 24 horas.<br \/>\n<\/p>\n","protected":false},"excerpt":{"rendered":"<p>\u2764 DEPORTES: Nuestro protector bucal deportivo es adecuado para todos los deportes de contacto donde se requiere o recomienda un protector bucal como: f\u00fatbol, \u200b\u200bbaloncesto, lacrosse, hockey, MMA, boxeo, jiu jitsu y mucho m\u00e1s.<br \/>\n\u2764 TAMA\u00d1O: se puede remodelar de acuerdo con la disposici\u00f3n de los dientes, la forma oral y el tama\u00f1o de los dientes diferentes, adecuado para la mayor\u00eda de los dientes, se puede recortar y ajustar para obtener m\u00e1s comodidad y puede hablar y respirar f\u00e1cilmente y obtener un mejor rendimiento<br \/>\n\u2764 CARACTER\u00cdSTICAS: cuando est\u00e1 en el campo d\u00e1ndolo todo, todo lo que se necesita es una mala entrada o una ca\u00edda para que ocurra un desagradable accidente dental, pero con nuestra boquilla de primera calidad, puede asegurarse de que todos sus dientes permanezcan exactamente donde est\u00e1n sin renunciar a la comodidad ni al estilo.<\/p>\n","protected":false},"featured_media":83183,"comment_status":"open","ping_status":"closed","template":"","meta":{"_kadence_starter_templates_imported_post":false,"_kad_post_transparent":"","_kad_post_title":"","_kad_post_layout":"","_kad_post_sidebar_id":"","_kad_post_content_style":"","_kad_post_vertical_padding":"","_kad_post_feature":"","_kad_post_feature_position":"","_kad_post_header":false,"_kad_post_footer":false},"product_brand":[],"product_cat":[495,421],"product_tag":[],"class_list":{"0":"post-83182","1":"product","2":"type-product","3":"status-publish","4":"has-post-thumbnail","6":"product_cat-protector-bucal","7":"product_cat-mma","8":"pa_brand-marca-sbzh","9":"pa_color-602","10":"pa_marca-sbzh","11":"pa_material-poliuretano","12":"pa_numero-de-modelo-zkl31001616","13":"pa_producto-en-amazon-es-desde-5-noviembre-2020","15":"first","16":"instock","17":"shipping-taxable","18":"purchasable","19":"product-type-simple","20":"entry","21":"content-bg","22":"loop-entry"},"_links":{"self":[{"href":"https:\/\/futllermo.com\/tienda\/wp-json\/wp\/v2\/product\/83182","targetHints":{"allow":["GET"]}}],"collection":[{"href":"https:\/\/futllermo.com\/tienda\/wp-json\/wp\/v2\/product"}],"about":[{"href":"https:\/\/futllermo.com\/tienda\/wp-json\/wp\/v2\/types\/product"}],"replies":[{"embeddable":true,"href":"https:\/\/futllermo.com\/tienda\/wp-json\/wp\/v2\/comments?post=83182"}],"wp:featuredmedia":[{"embeddable":true,"href":"https:\/\/futllermo.com\/tienda\/wp-json\/wp\/v2\/media\/83183"}],"wp:attachment":[{"href":"https:\/\/futllermo.com\/tienda\/wp-json\/wp\/v2\/media?parent=83182"}],"wp:term":[{"taxonomy":"product_brand","embeddable":true,"href":"https:\/\/futllermo.com\/tienda\/wp-json\/wp\/v2\/product_brand?post=83182"},{"taxonomy":"product_cat","embeddable":true,"href":"https:\/\/futllermo.com\/tienda\/wp-json\/wp\/v2\/product_cat?post=83182"},{"taxonomy":"product_tag","embeddable":true,"href":"https:\/\/futllermo.com\/tienda\/wp-json\/wp\/v2\/product_tag?post=83182"}],"curies":[{"name":"wp","href":"https:\/\/api.w.org\/{rel}","templated":true}]}}