{"id":83166,"date":"2021-01-13T12:41:19","date_gmt":"2021-01-13T12:41:19","guid":{"rendered":"https:\/\/futllermo.com\/tienda\/producto\/sbzh-protector-bucal-para-boxeo-mma-muay-thai-protector-de-encia\/"},"modified":"2022-01-13T09:59:19","modified_gmt":"2022-01-13T09:59:19","slug":"sbzh-protector-bucal-para-boxeo-mma-muay-thai-protector-de-encia","status":"publish","type":"product","link":"https:\/\/futllermo.com\/tienda\/producto\/sbzh-protector-bucal-para-boxeo-mma-muay-thai-protector-de-encia\/","title":{"rendered":"SBZH Protector bucal para Boxeo\/MMA\/Muay Thai Protector de Enc\u00eda"},"content":{"rendered":"<div class=\"disclaim\"> Color:<strong>A<\/strong> <\/div>\n<p> <!-- show up to 2 reviews by default --> <\/p>\n<p>caracteristicas:<\/p>\n<p> Deportes adecuados:<br \/> Este protector bucal deportivo se puede aplicar para muchas actividades deportivas, como baloncesto, f\u00fatbol, \u200b\u200bvoleibol, patinaje sobre hielo, boxeo, b\u00e9isbol, artes marciales, etc.<\/p>\n<p> Talla:<br \/> Se puede remodelar de acuerdo con la disposici\u00f3n de los dientes, la forma oral y el tama\u00f1o de los dientes diferentes, adecuado para la mayor\u00eda de los dientes, se puede recortar y ajustar para obtener m\u00e1s comodidad y puede hablar y respirar f\u00e1cilmente y obtener un mejor rendimiento.<\/p>\n<p> El paquete incluye:<br \/> Protector bucal * 1<br \/> Caja de protector bucal * 1 <\/p>\n<p>\u2764 PROTECCI\u00d3N M\u00c1XIMA: Elimina el riesgo para tu boca y dientes con nuestro protector bucal exclusivo para hombres. Probado con los m\u00e1s altos est\u00e1ndares para garantizar la m\u00e1xima durabilidad, use este protector para mantenerse en la cima de su juego y rendir al m\u00e1ximo.<br \/>\n\u2764 CARACTER\u00cdSTICAS: cuando est\u00e1 en el campo d\u00e1ndolo todo, todo lo que se necesita es una tacleada incorrecta o una ca\u00edda para que ocurra un accidente dental desagradable, pero con nuestra boquilla de calidad superior, puede asegurarse de que todos sus dientes permanezcan. exactamente donde est\u00e1n sin renunciar a la comodidad ni al estilo.<br \/>\n\u2764 F\u00c1CIL DE HABLAR: estos protectores bucales deportivos con dise\u00f1o perforado, permiten el flujo natural de aire y saliva para permitir que los atletas hablen normalmente, respiren naturalmente y se mantengan hidratados durante el juego.<br \/>\n\u2764 SUAVE Y C\u00d3MODO: f\u00e1cil de usar, hermoso y generoso, los ni\u00f1os se sentir\u00e1n c\u00f3modos y ligeros cuando lo usen. Tus dientes, lengua y barbilla est\u00e1n bien protegidos. Por lo tanto, no lastima los labios de las enc\u00edas, ni causa dolor e incomodidad.<br \/>\n\u2764 GARANT\u00cdA DE CALIDAD: Si tiene alguna pregunta, comun\u00edquese con nosotros a tiempo, le responderemos dentro de las 24 horas.<br \/>\n<\/p>\n","protected":false},"excerpt":{"rendered":"<p>\u2764 PROTECCI\u00d3N M\u00c1XIMA: Elimina el riesgo para tu boca y dientes con nuestro protector bucal exclusivo para hombres. Probado con los m\u00e1s altos est\u00e1ndares para garantizar la m\u00e1xima durabilidad, use este protector para mantenerse en la cima de su juego y rendir al m\u00e1ximo.<br \/>\n\u2764 CARACTER\u00cdSTICAS: cuando est\u00e1 en el campo d\u00e1ndolo todo, todo lo que se necesita es una tacleada incorrecta o una ca\u00edda para que ocurra un accidente dental desagradable, pero con nuestra boquilla de calidad superior, puede asegurarse de que todos sus dientes permanezcan. exactamente donde est\u00e1n sin renunciar a la comodidad ni al estilo.<br \/>\n\u2764 F\u00c1CIL DE HABLAR: estos protectores bucales deportivos con dise\u00f1o perforado, permiten el flujo natural de aire y saliva para permitir que los atletas hablen normalmente, respiren naturalmente y se mantengan hidratados durante el juego.<\/p>\n","protected":false},"featured_media":83168,"comment_status":"open","ping_status":"closed","template":"","meta":{"_kadence_starter_templates_imported_post":false,"_kad_post_transparent":"","_kad_post_title":"","_kad_post_layout":"","_kad_post_sidebar_id":"","_kad_post_content_style":"","_kad_post_vertical_padding":"","_kad_post_feature":"","_kad_post_feature_position":"","_kad_post_header":false,"_kad_post_footer":false},"product_brand":[],"product_cat":[495,421],"product_tag":[],"class_list":{"0":"post-83166","1":"product","2":"type-product","3":"status-publish","4":"has-post-thumbnail","6":"product_cat-protector-bucal","7":"product_cat-mma","8":"pa_brand-marca-sbzh","9":"pa_color-a","10":"pa_marca-sbzh","11":"pa_material-emulsion","12":"pa_numero-de-modelo-zkl31001606","13":"pa_producto-en-amazon-es-desde-4-noviembre-2020","15":"first","16":"instock","17":"shipping-taxable","18":"purchasable","19":"product-type-simple","20":"entry","21":"content-bg","22":"loop-entry"},"_links":{"self":[{"href":"https:\/\/futllermo.com\/tienda\/wp-json\/wp\/v2\/product\/83166","targetHints":{"allow":["GET"]}}],"collection":[{"href":"https:\/\/futllermo.com\/tienda\/wp-json\/wp\/v2\/product"}],"about":[{"href":"https:\/\/futllermo.com\/tienda\/wp-json\/wp\/v2\/types\/product"}],"replies":[{"embeddable":true,"href":"https:\/\/futllermo.com\/tienda\/wp-json\/wp\/v2\/comments?post=83166"}],"wp:featuredmedia":[{"embeddable":true,"href":"https:\/\/futllermo.com\/tienda\/wp-json\/wp\/v2\/media\/83168"}],"wp:attachment":[{"href":"https:\/\/futllermo.com\/tienda\/wp-json\/wp\/v2\/media?parent=83166"}],"wp:term":[{"taxonomy":"product_brand","embeddable":true,"href":"https:\/\/futllermo.com\/tienda\/wp-json\/wp\/v2\/product_brand?post=83166"},{"taxonomy":"product_cat","embeddable":true,"href":"https:\/\/futllermo.com\/tienda\/wp-json\/wp\/v2\/product_cat?post=83166"},{"taxonomy":"product_tag","embeddable":true,"href":"https:\/\/futllermo.com\/tienda\/wp-json\/wp\/v2\/product_tag?post=83166"}],"curies":[{"name":"wp","href":"https:\/\/api.w.org\/{rel}","templated":true}]}}