{"id":83160,"date":"2021-01-13T12:41:11","date_gmt":"2021-01-13T12:41:11","guid":{"rendered":"https:\/\/futllermo.com\/tienda\/producto\/sbzh-protector-de-encia-profesional-artes-marciales-rugby-boxeo-guard-proteccion\/"},"modified":"2022-01-13T09:59:19","modified_gmt":"2022-01-13T09:59:19","slug":"sbzh-protector-de-encia-profesional-artes-marciales-rugby-boxeo-guard-proteccion","status":"publish","type":"product","link":"https:\/\/futllermo.com\/tienda\/producto\/sbzh-protector-de-encia-profesional-artes-marciales-rugby-boxeo-guard-proteccion\/","title":{"rendered":"SBZH Protector de Enc\u00eda Profesional Artes Marciales\/Rugby\/Boxeo Guard protecci\u00f3n"},"content":{"rendered":"<div class=\"disclaim\"> Color:<strong>J<\/strong> <\/div>\n<p> <!-- show up to 2 reviews by default --> <\/p>\n<p>caracteristicas:<\/p>\n<p> Deportes adecuados:<br \/> Este protector bucal deportivo se puede aplicar para muchas actividades deportivas, como baloncesto, f\u00fatbol, \u200b\u200bvoleibol, patinaje sobre hielo, boxeo, b\u00e9isbol, artes marciales, etc.<\/p>\n<p> Talla:<br \/> Se puede remodelar de acuerdo con la disposici\u00f3n de los dientes, la forma oral y el tama\u00f1o de los dientes diferentes, adecuado para la mayor\u00eda de los dientes, se puede recortar y ajustar para obtener m\u00e1s comodidad y puede hablar y respirar f\u00e1cilmente y obtener un mejor rendimiento.<\/p>\n<p> Material del protector bucal: Tailandia import\u00f3 material EVA de calidad alimentaria no t\u00f3xico y respetuoso con el medio ambiente, y la impresi\u00f3n del patr\u00f3n utiliza tinta de calidad alimentaria. (El material EVA es m\u00e1s adecuado para fabricar protectores bucales que el gel de s\u00edlice, el caucho y otros materiales, y el costo es m\u00e1s caro)<\/p>\n<p> El paquete incluye:<br \/> 1 * protector bucal deportivo<br \/> 1 * caja de protector bucal<\/p>\n<p> Nota:<br \/> Permita un peque\u00f1o error en el tama\u00f1o debido a la medici\u00f3n manual.<br \/> Conservar en un lugar seco por favor. <\/p>\n<p>\u2764 DISE\u00d1O: talla \u00fanica \u00fanica, forma transpirable, podr\u00e1s intimidar a tu oponente y darlo todo durante el juego. Ya sea que juegues en ligas juveniles o en el gran juego, estamos aqu\u00ed para mantenerte seguro y c\u00f3modo sin importar cu\u00e1n dif\u00edciles se pongan las cosas.<br \/>\n\u2764 SUAVE Y C\u00d3MODO: f\u00e1cil de usar, hermoso y generoso, los ni\u00f1os se sentir\u00e1n c\u00f3modos y ligeros cuando lo usen. Tus dientes, lengua y barbilla est\u00e1n bien protegidos. Por lo tanto, no lastima los labios de las enc\u00edas, ni causa dolor e incomodidad.<br \/>\n\u2764 TAMA\u00d1O: se puede remodelar de acuerdo con la disposici\u00f3n de los dientes, la forma oral y el tama\u00f1o de los dientes diferentes, adecuado para la mayor\u00eda de los dientes, se puede recortar y ajustar para obtener m\u00e1s comodidad y puede hablar y respirar f\u00e1cilmente y obtener un mejor rendimiento<br \/>\n\u2764 PROTECCI\u00d3N: el marco de choque exoesquel\u00e9tico de alta resistencia brinda una protecci\u00f3n incre\u00edble incluso contra los impactos m\u00e1s duros<br \/>\n\u2764 DEPORTES: Nuestro protector bucal deportivo es adecuado para todos los deportes de contacto donde se requiere o recomienda un protector bucal como: f\u00fatbol, \u200b\u200bbaloncesto, lacrosse, hockey, MMA, boxeo, jiu jitsu y mucho m\u00e1s.<br \/>\n<\/p>\n","protected":false},"excerpt":{"rendered":"<p>\u2764 DISE\u00d1O: talla \u00fanica \u00fanica, forma transpirable, podr\u00e1s intimidar a tu oponente y darlo todo durante el juego. Ya sea que juegues en ligas juveniles o en el gran juego, estamos aqu\u00ed para mantenerte seguro y c\u00f3modo sin importar cu\u00e1n dif\u00edciles se pongan las cosas.<br \/>\n\u2764 SUAVE Y C\u00d3MODO: f\u00e1cil de usar, hermoso y generoso, los ni\u00f1os se sentir\u00e1n c\u00f3modos y ligeros cuando lo usen. Tus dientes, lengua y barbilla est\u00e1n bien protegidos. Por lo tanto, no lastima los labios de las enc\u00edas, ni causa dolor e incomodidad.<br \/>\n\u2764 TAMA\u00d1O: se puede remodelar de acuerdo con la disposici\u00f3n de los dientes, la forma oral y el tama\u00f1o de los dientes diferentes, adecuado para la mayor\u00eda de los dientes, se puede recortar y ajustar para obtener m\u00e1s comodidad y puede hablar y respirar f\u00e1cilmente y obtener un mejor rendimiento<\/p>\n","protected":false},"featured_media":83163,"comment_status":"open","ping_status":"closed","template":"","meta":{"_kadence_starter_templates_imported_post":false,"_kad_post_transparent":"","_kad_post_title":"","_kad_post_layout":"","_kad_post_sidebar_id":"","_kad_post_content_style":"","_kad_post_vertical_padding":"","_kad_post_feature":"","_kad_post_feature_position":"","_kad_post_header":false,"_kad_post_footer":false},"product_brand":[],"product_cat":[495,421],"product_tag":[],"class_list":{"0":"post-83160","1":"product","2":"type-product","3":"status-publish","4":"has-post-thumbnail","6":"product_cat-protector-bucal","7":"product_cat-mma","8":"pa_brand-marca-sbzh","9":"pa_color-j","10":"pa_marca-sbzh","11":"pa_material-poliuretano","12":"pa_numero-de-modelo-zkl31001602","13":"pa_producto-en-amazon-es-desde-4-noviembre-2020","15":"first","16":"instock","17":"shipping-taxable","18":"purchasable","19":"product-type-simple","20":"entry","21":"content-bg","22":"loop-entry"},"_links":{"self":[{"href":"https:\/\/futllermo.com\/tienda\/wp-json\/wp\/v2\/product\/83160","targetHints":{"allow":["GET"]}}],"collection":[{"href":"https:\/\/futllermo.com\/tienda\/wp-json\/wp\/v2\/product"}],"about":[{"href":"https:\/\/futllermo.com\/tienda\/wp-json\/wp\/v2\/types\/product"}],"replies":[{"embeddable":true,"href":"https:\/\/futllermo.com\/tienda\/wp-json\/wp\/v2\/comments?post=83160"}],"wp:featuredmedia":[{"embeddable":true,"href":"https:\/\/futllermo.com\/tienda\/wp-json\/wp\/v2\/media\/83163"}],"wp:attachment":[{"href":"https:\/\/futllermo.com\/tienda\/wp-json\/wp\/v2\/media?parent=83160"}],"wp:term":[{"taxonomy":"product_brand","embeddable":true,"href":"https:\/\/futllermo.com\/tienda\/wp-json\/wp\/v2\/product_brand?post=83160"},{"taxonomy":"product_cat","embeddable":true,"href":"https:\/\/futllermo.com\/tienda\/wp-json\/wp\/v2\/product_cat?post=83160"},{"taxonomy":"product_tag","embeddable":true,"href":"https:\/\/futllermo.com\/tienda\/wp-json\/wp\/v2\/product_tag?post=83160"}],"curies":[{"name":"wp","href":"https:\/\/api.w.org\/{rel}","templated":true}]}}