{"id":83158,"date":"2021-01-13T12:41:07","date_gmt":"2021-01-13T12:41:07","guid":{"rendered":"https:\/\/futllermo.com\/tienda\/producto\/sbzh-protector-de-encia-los-deportes-de-contact-boxeo-mma-guard-proteccion\/"},"modified":"2023-09-16T18:53:45","modified_gmt":"2023-09-16T18:53:45","slug":"sbzh-protector-de-encia-los-deportes-de-contact-boxeo-mma-guard-proteccion","status":"publish","type":"product","link":"https:\/\/futllermo.com\/tienda\/producto\/sbzh-protector-de-encia-los-deportes-de-contact-boxeo-mma-guard-proteccion\/","title":{"rendered":"SBZH Protector de Enc\u00eda los Deportes de Contact Boxeo\/MMA Guard protecci\u00f3n"},"content":{"rendered":"<div class=\"disclaim\"> Tama\u00f1o:<strong>Small<\/strong> | Color:<strong>B<\/strong> <\/div>\n<p> <!-- show up to 2 reviews by default --> <\/p>\n<p>caracteristicas:<br \/> Deportes adecuados:<br \/> Este protector bucal deportivo se puede aplicar para muchas actividades deportivas, como baloncesto, f\u00fatbol, \u200b\u200bvoleibol, patinaje sobre hielo, boxeo, b\u00e9isbol, artes marciales, etc.<\/p>\n<p> Talla:<br \/> Se puede remodelar de acuerdo con la disposici\u00f3n de los dientes, la forma oral y el tama\u00f1o de los dientes diferentes, adecuado para la mayor\u00eda de los dientes, se puede recortar y ajustar para obtener m\u00e1s comodidad y puede hablar y respirar f\u00e1cilmente y obtener un mejor rendimiento.<br \/> El paquete incluye:<br \/> 1 * protector bucal deportivo<br \/> 1 * caja de protector bucal<\/p>\n<p> Instrucciones de uso<br \/> 1 Vierta agua fr\u00eda en la cacerola y hierva el agua.<br \/> 2 Ponga el protector bucal en agua hirviendo durante 45 segundos, no m\u00e1s de 45 segundos.<br \/> 3 Utilice palillos chinos o una espumadera para mover suavemente el protector bucal en el agua para calentarlo uniformemente.<br \/> 4 Use palillos para recogerlo y llevarlo a la boca, e instale toda la parte de los dientes superiores en el protector bucal<br \/> Luego presione los molares firmemente contra los dientes frontales.<br \/> 5 Antes de colocarse el protector bucal en la boca, lame suavemente el protector bucal para probar la temperatura y evitar quemaduras.<br \/> 6 De acuerdo con la alineaci\u00f3n del protector bucal y los dientes, mueva la mand\u00edbula inferior hacia adelante y hacia arriba. .<br \/> 7Cuando muerda el protector bucal, cierre la boca y succione con fuerza. Use sus dedos para presionar el borde del protector bucal y la mand\u00edbula superior a trav\u00e9s de sus labios y mejillas para que se ajuste correctamente durante 20 segundos.<br \/> 8 Retire el protector bucal, p\u00f3ngalo en agua fr\u00eda durante 30 segundos y luego p\u00f3ngalo en la boca para sentirse mejor y m\u00e1s consistente.<br \/> 9 Si la anastomosis no es correcta, repita el ajuste.<br \/> 10 Si siente que el protector bucal es demasiado largo, use unas tijeras para recortarlo a un tama\u00f1o adecuado. <\/p>\n<p>\u2764 AUMENTE EL RENDIMIENTO: disfrute del m\u00e1ximo flujo de aire desde el gran orificio de respiraci\u00f3n. Nuestro dise\u00f1o promueve una respiraci\u00f3n f\u00e1cil para una mayor ingesta de ox\u00edgeno para mejorar el rendimiento y la recuperaci\u00f3n.<br \/>\n\u2764 DEPORTES: Nuestro protector bucal deportivo es adecuado para todos los deportes de contacto donde se requiere o recomienda un protector bucal como: f\u00fatbol, \u200b\u200bbaloncesto, lacrosse, hockey, MMA, boxeo, jiu jitsu y mucho m\u00e1s.<br \/>\n\u2764 SUAVE Y C\u00d3MODO: f\u00e1cil de usar, hermoso y generoso, los ni\u00f1os se sentir\u00e1n c\u00f3modos y ligeros cuando lo usen. Tus dientes, lengua y barbilla est\u00e1n bien protegidos. Por lo tanto, no lastima los labios de las enc\u00edas, ni causa dolor e incomodidad.<br \/>\n\u2764 Protecci\u00f3n de nivel de entrenamiento: la capa exterior resistente al impacto absorbe los golpes de alto impacto y distribuye la fuerza sobre un \u00e1rea m\u00e1s grande, protegiendo sus dientes y enc\u00edas de lesiones.<br \/>\n\u2764 GARANT\u00cdA DE CALIDAD: Si tiene alguna pregunta, comun\u00edquese con nosotros a tiempo, le responderemos dentro de las 24 horas.<br \/>\n<\/p>\n","protected":false},"excerpt":{"rendered":"<p>\u2764 AUMENTE EL RENDIMIENTO: disfrute del m\u00e1ximo flujo de aire desde el gran orificio de respiraci\u00f3n. Nuestro dise\u00f1o promueve una respiraci\u00f3n f\u00e1cil para una mayor ingesta de ox\u00edgeno para mejorar el rendimiento y la recuperaci\u00f3n.<br \/>\n\u2764 DEPORTES: Nuestro protector bucal deportivo es adecuado para todos los deportes de contacto donde se requiere o recomienda un protector bucal como: f\u00fatbol, \u200b\u200bbaloncesto, lacrosse, hockey, MMA, boxeo, jiu jitsu y mucho m\u00e1s.<br \/>\n\u2764 SUAVE Y C\u00d3MODO: f\u00e1cil de usar, hermoso y generoso, los ni\u00f1os se sentir\u00e1n c\u00f3modos y ligeros cuando lo usen. Tus dientes, lengua y barbilla est\u00e1n bien protegidos. Por lo tanto, no lastima los labios de las enc\u00edas, ni causa dolor e incomodidad.<\/p>\n","protected":false},"featured_media":83159,"comment_status":"open","ping_status":"closed","template":"","meta":{"_kadence_starter_templates_imported_post":false,"_kad_post_transparent":"","_kad_post_title":"","_kad_post_layout":"","_kad_post_sidebar_id":"","_kad_post_content_style":"","_kad_post_vertical_padding":"","_kad_post_feature":"","_kad_post_feature_position":"","_kad_post_header":false,"_kad_post_footer":false},"product_brand":[],"product_cat":[495,421],"product_tag":[],"class_list":{"0":"post-83158","1":"product","2":"type-product","3":"status-publish","4":"has-post-thumbnail","6":"product_cat-protector-bucal","7":"product_cat-mma","8":"pa_brand-marca-sbzh","9":"pa_color-b","10":"pa_marca-sbzh","11":"pa_material-poliuretano","12":"pa_numero-de-modelo-zkl31001601","13":"pa_producto-en-amazon-es-desde-4-noviembre-2020","15":"first","16":"instock","17":"shipping-taxable","18":"purchasable","19":"product-type-simple","20":"entry","21":"content-bg","22":"loop-entry"},"_links":{"self":[{"href":"https:\/\/futllermo.com\/tienda\/wp-json\/wp\/v2\/product\/83158","targetHints":{"allow":["GET"]}}],"collection":[{"href":"https:\/\/futllermo.com\/tienda\/wp-json\/wp\/v2\/product"}],"about":[{"href":"https:\/\/futllermo.com\/tienda\/wp-json\/wp\/v2\/types\/product"}],"replies":[{"embeddable":true,"href":"https:\/\/futllermo.com\/tienda\/wp-json\/wp\/v2\/comments?post=83158"}],"wp:featuredmedia":[{"embeddable":true,"href":"https:\/\/futllermo.com\/tienda\/wp-json\/wp\/v2\/media\/83159"}],"wp:attachment":[{"href":"https:\/\/futllermo.com\/tienda\/wp-json\/wp\/v2\/media?parent=83158"}],"wp:term":[{"taxonomy":"product_brand","embeddable":true,"href":"https:\/\/futllermo.com\/tienda\/wp-json\/wp\/v2\/product_brand?post=83158"},{"taxonomy":"product_cat","embeddable":true,"href":"https:\/\/futllermo.com\/tienda\/wp-json\/wp\/v2\/product_cat?post=83158"},{"taxonomy":"product_tag","embeddable":true,"href":"https:\/\/futllermo.com\/tienda\/wp-json\/wp\/v2\/product_tag?post=83158"}],"curies":[{"name":"wp","href":"https:\/\/api.w.org\/{rel}","templated":true}]}}