{"id":83143,"date":"2021-01-13T12:40:48","date_gmt":"2021-01-13T12:40:48","guid":{"rendered":"https:\/\/futllermo.com\/tienda\/producto\/safejawz-protector-bucal-adultos-y-ninos-para-todos-los-deportes-de-contacto-incluidos-rugby-mma-artes-marciales-de-kickboxing-judo-hockey-y-boxeo\/"},"modified":"2023-09-15T16:49:56","modified_gmt":"2023-09-15T16:49:56","slug":"safejawz-protector-bucal-adultos-y-ninos-para-todos-los-deportes-de-contacto-incluidos-rugby-mma-artes-marciales-de-kickboxing-judo-hockey-y-boxeo","status":"publish","type":"product","link":"https:\/\/futllermo.com\/tienda\/producto\/safejawz-protector-bucal-adultos-y-ninos-para-todos-los-deportes-de-contacto-incluidos-rugby-mma-artes-marciales-de-kickboxing-judo-hockey-y-boxeo\/","title":{"rendered":"SAFEJAWZ Protector bucal Adultos y ni\u00f1os para Todos los Deportes de Contacto, incluidos Rugby, MMA, Artes Marciales de\u2026"},"content":{"rendered":"<p>\u2705 GARANT\u00cdA DE AJUSTE PERFECTO. Nos respaldamos a nosotros mismos. \u00a1Te ayudaremos a obtener el ajuste perfecto o te devolvemos el dinero!<br \/>\n\u2705 AJUSTE EXCELENTE. SAFEJAWZ ofrece una retenci\u00f3n excelente y un ajuste seguro gracias a nuestra tecnolog\u00eda FLUID FIT\ufe0f. Rellenar\u00e1 el contorno de tu dentadura y permanecer\u00e1 en la boca, \u00a1exactamente donde tiene que estar!<br \/>\n\u2705 VARIOS INTENTOS DE AJUSTE. \u00bfAlguna vez has tenido problemas para lograr un ajuste ce\u00f1ido? ReModel Tech te permite repetir el proceso de ajuste varias veces hasta que logres el ajuste ideal.<br \/>\n\u2705 PROTECCI\u00d3N DE LA MAND\u00cdBULA. Tenemos una base preformada para nuestros protectores bucales que denominamos gustosamente JawSecure. Esto te ayudar\u00e1 a proteger la mand\u00edbula de los impactos mientras muerdes la protecci\u00f3n.<br \/>\n\u2705 \u00a1ANTIN\u00c1USEAS!. \u00bfLos protectores bucales te dan arcadas en ocasiones? Nos hemos asegurado de que nuestros protectores de enc\u00edas tengan un perfil extrafino en el interior de la boca, lo que asegura una interferencia m\u00ednima durante la pr\u00e1ctica deportiva.<br \/>\n<\/p>\n","protected":false},"excerpt":{"rendered":"<p>\u2705 GARANT\u00cdA DE AJUSTE PERFECTO. Nos respaldamos a nosotros mismos. \u00a1Te ayudaremos a obtener el ajuste perfecto o te devolvemos el dinero!<br \/>\n\u2705 AJUSTE EXCELENTE. SAFEJAWZ ofrece una retenci\u00f3n excelente y un ajuste seguro gracias a nuestra tecnolog\u00eda FLUID FIT\ufe0f. Rellenar\u00e1 el contorno de tu dentadura y permanecer\u00e1 en la boca, \u00a1exactamente donde tiene que estar!<br \/>\n\u2705 VARIOS INTENTOS DE AJUSTE. \u00bfAlguna vez has tenido problemas para lograr un ajuste ce\u00f1ido? ReModel Tech te permite repetir el proceso de ajuste varias veces hasta que logres el ajuste ideal.<\/p>\n","protected":false},"featured_media":83144,"comment_status":"open","ping_status":"closed","template":"","meta":{"_kadence_starter_templates_imported_post":false,"_kad_post_transparent":"","_kad_post_title":"","_kad_post_layout":"","_kad_post_sidebar_id":"","_kad_post_content_style":"","_kad_post_vertical_padding":"","_kad_post_feature":"","_kad_post_feature_position":"","_kad_post_header":false,"_kad_post_footer":false},"product_brand":[],"product_cat":[495,421],"product_tag":[],"class_list":{"0":"post-83143","1":"product","2":"type-product","3":"status-publish","4":"has-post-thumbnail","6":"product_cat-protector-bucal","7":"product_cat-mma","8":"pa_brand-marca-safejawz","10":"first","11":"instock","12":"shipping-taxable","13":"purchasable","14":"product-type-simple","15":"entry","16":"content-bg","17":"loop-entry"},"_links":{"self":[{"href":"https:\/\/futllermo.com\/tienda\/wp-json\/wp\/v2\/product\/83143","targetHints":{"allow":["GET"]}}],"collection":[{"href":"https:\/\/futllermo.com\/tienda\/wp-json\/wp\/v2\/product"}],"about":[{"href":"https:\/\/futllermo.com\/tienda\/wp-json\/wp\/v2\/types\/product"}],"replies":[{"embeddable":true,"href":"https:\/\/futllermo.com\/tienda\/wp-json\/wp\/v2\/comments?post=83143"}],"wp:featuredmedia":[{"embeddable":true,"href":"https:\/\/futllermo.com\/tienda\/wp-json\/wp\/v2\/media\/83144"}],"wp:attachment":[{"href":"https:\/\/futllermo.com\/tienda\/wp-json\/wp\/v2\/media?parent=83143"}],"wp:term":[{"taxonomy":"product_brand","embeddable":true,"href":"https:\/\/futllermo.com\/tienda\/wp-json\/wp\/v2\/product_brand?post=83143"},{"taxonomy":"product_cat","embeddable":true,"href":"https:\/\/futllermo.com\/tienda\/wp-json\/wp\/v2\/product_cat?post=83143"},{"taxonomy":"product_tag","embeddable":true,"href":"https:\/\/futllermo.com\/tienda\/wp-json\/wp\/v2\/product_tag?post=83143"}],"curies":[{"name":"wp","href":"https:\/\/api.w.org\/{rel}","templated":true}]}}