{"id":83141,"date":"2021-01-13T12:40:43","date_gmt":"2021-01-13T12:40:43","guid":{"rendered":"https:\/\/futllermo.com\/tienda\/producto\/sbzh-protector-bucal-para-hockey-karate-boxeo-gum-shield-mouth\/"},"modified":"2022-01-13T09:59:18","modified_gmt":"2022-01-13T09:59:18","slug":"sbzh-protector-bucal-para-hockey-karate-boxeo-gum-shield-mouth","status":"publish","type":"product","link":"https:\/\/futllermo.com\/tienda\/producto\/sbzh-protector-bucal-para-hockey-karate-boxeo-gum-shield-mouth\/","title":{"rendered":"SBZH Protector bucal para Hockey\/Karate\/Boxeo Gum Shield Mouth"},"content":{"rendered":"<div class=\"disclaim\"> Tama\u00f1o:<strong>Small<\/strong> | Color:<strong>G<\/strong> <\/div>\n<p> <!-- show up to 2 reviews by default --> <\/p>\n<p>Montaje r\u00e1pido y f\u00e1cil de larga duraci\u00f3n<br \/> Como el protector bucal deportivo de ajuste autom\u00e1tico utilizado por los mejores atletas, incluidos los luchadores de MMA, boxeadores, jugadores de f\u00fatbol y m\u00e1s, estos protectores de enc\u00edas brindan el mejor ajuste con protecci\u00f3n absorbente de impactos para sus enc\u00edas, dientes y labios.<\/p>\n<p> Instrucciones:<br \/> 1. Confirme si el tama\u00f1o es apropiado antes de usarlo, si el tama\u00f1o es un poco diferente, puede recortarlo de acuerdo con su propio perfil de diente<br \/> 2. Hervir el agua a unos 80 \u00b0<br \/> 3. Ponga el protector bucal en agua caliente a 80 \u00b0<br \/> 4. Remojar en agua durante 10-15 segundos.<br \/> 5. Col\u00f3quelo en la boca y sujete el protector bucal con fuerza (no lo muerda demasiado profundo) con la ayuda de la mano y la lengua durante 30 segundos<br \/> 6. Sacar y poner en agua fr\u00eda para darle forma.<br \/> 7. Vuelva a colocarlo en la boca y compruebe que encaje bien.<br \/> 8.Si no es c\u00f3modo de usar, puede repetir los pasos anteriores para lograr el efecto de finalizaci\u00f3n. <\/p>\n<p>\u2764 MODELO: Los tirantes son tama\u00f1os S y L respectivamente, tama\u00f1o S: adecuado para mujeres adultas \/ adolescentes y ni\u00f1os, tama\u00f1o L: adecuado para hombres adultos.<br \/>\n\u2764 DEPORTES: Nuestro protector bucal deportivo es adecuado para todos los deportes de contacto donde se requiere o recomienda un protector bucal como: f\u00fatbol, \u200b\u200bbaloncesto, lacrosse, hockey, MMA, boxeo, jiu jitsu y mucho m\u00e1s.<br \/>\n\u2764 SUAVE Y C\u00d3MODO: f\u00e1cil de usar, hermoso y generoso, los ni\u00f1os se sentir\u00e1n c\u00f3modos y ligeros cuando lo usen. Tus dientes, lengua y barbilla est\u00e1n bien protegidos. Por lo tanto, no lastima los labios de las enc\u00edas, ni causa dolor e incomodidad.<br \/>\n\u2764 Protecci\u00f3n de nivel de entrenamiento: la capa exterior resistente al impacto absorbe los golpes de alto impacto y extiende la fuerza sobre un \u00e1rea m\u00e1s grande, protegiendo sus dientes y enc\u00edas de lesiones.<br \/>\n\u2764 PROTECCI\u00d3N DENTAL INIGUALABLE: cada uno de nuestros protectores bucales es adecuado para todos los deportes de contacto. nuestros protectores bucales cuentan con una almohadilla de mordida m\u00e1s ancha, bordes redondeados para mayor comodidad y una mejor capacidad de molde para garantizar un ajuste perfecto para proteger su diente<br \/>\n<\/p>\n","protected":false},"excerpt":{"rendered":"<p>\u2764 MODELO: Los tirantes son tama\u00f1os S y L respectivamente, tama\u00f1o S: adecuado para mujeres adultas \/ adolescentes y ni\u00f1os, tama\u00f1o L: adecuado para hombres adultos.<br \/>\n\u2764 DEPORTES: Nuestro protector bucal deportivo es adecuado para todos los deportes de contacto donde se requiere o recomienda un protector bucal como: f\u00fatbol, \u200b\u200bbaloncesto, lacrosse, hockey, MMA, boxeo, jiu jitsu y mucho m\u00e1s.<br \/>\n\u2764 SUAVE Y C\u00d3MODO: f\u00e1cil de usar, hermoso y generoso, los ni\u00f1os se sentir\u00e1n c\u00f3modos y ligeros cuando lo usen. Tus dientes, lengua y barbilla est\u00e1n bien protegidos. Por lo tanto, no lastima los labios de las enc\u00edas, ni causa dolor e incomodidad.<\/p>\n","protected":false},"featured_media":83142,"comment_status":"open","ping_status":"closed","template":"","meta":{"_kadence_starter_templates_imported_post":false,"_kad_post_transparent":"","_kad_post_title":"","_kad_post_layout":"","_kad_post_sidebar_id":"","_kad_post_content_style":"","_kad_post_vertical_padding":"","_kad_post_feature":"","_kad_post_feature_position":"","_kad_post_header":false,"_kad_post_footer":false},"product_brand":[],"product_cat":[495,421],"product_tag":[],"class_list":{"0":"post-83141","1":"product","2":"type-product","3":"status-publish","4":"has-post-thumbnail","6":"product_cat-protector-bucal","7":"product_cat-mma","8":"pa_brand-marca-sbzh","9":"pa_color-g","10":"pa_marca-sbzh","11":"pa_material-emulsion","12":"pa_numero-de-modelo-zkl31001603","13":"pa_producto-en-amazon-es-desde-4-noviembre-2020","15":"first","16":"instock","17":"shipping-taxable","18":"purchasable","19":"product-type-simple","20":"entry","21":"content-bg","22":"loop-entry"},"_links":{"self":[{"href":"https:\/\/futllermo.com\/tienda\/wp-json\/wp\/v2\/product\/83141","targetHints":{"allow":["GET"]}}],"collection":[{"href":"https:\/\/futllermo.com\/tienda\/wp-json\/wp\/v2\/product"}],"about":[{"href":"https:\/\/futllermo.com\/tienda\/wp-json\/wp\/v2\/types\/product"}],"replies":[{"embeddable":true,"href":"https:\/\/futllermo.com\/tienda\/wp-json\/wp\/v2\/comments?post=83141"}],"wp:featuredmedia":[{"embeddable":true,"href":"https:\/\/futllermo.com\/tienda\/wp-json\/wp\/v2\/media\/83142"}],"wp:attachment":[{"href":"https:\/\/futllermo.com\/tienda\/wp-json\/wp\/v2\/media?parent=83141"}],"wp:term":[{"taxonomy":"product_brand","embeddable":true,"href":"https:\/\/futllermo.com\/tienda\/wp-json\/wp\/v2\/product_brand?post=83141"},{"taxonomy":"product_cat","embeddable":true,"href":"https:\/\/futllermo.com\/tienda\/wp-json\/wp\/v2\/product_cat?post=83141"},{"taxonomy":"product_tag","embeddable":true,"href":"https:\/\/futllermo.com\/tienda\/wp-json\/wp\/v2\/product_tag?post=83141"}],"curies":[{"name":"wp","href":"https:\/\/api.w.org\/{rel}","templated":true}]}}