{"id":83132,"date":"2021-01-13T12:40:29","date_gmt":"2021-01-13T12:40:29","guid":{"rendered":"https:\/\/futllermo.com\/tienda\/producto\/sklla-protector-bucal-rugby-hockey-boxeo-futbol-americano-mma-ninos-y-ninas-ninos-adolescentes-dientes-de-los-ninos-molares-proteccion-personalizada-plastico-gelblack-green\/"},"modified":"2022-01-13T09:59:17","modified_gmt":"2022-01-13T09:59:17","slug":"sklla-protector-bucal-rugby-hockey-boxeo-futbol-americano-mma-ninos-y-ninas-ninos-adolescentes-dientes-de-los-ninos-molares-proteccion-personalizada-plastico-gelblack-green","status":"publish","type":"product","link":"https:\/\/futllermo.com\/tienda\/producto\/sklla-protector-bucal-rugby-hockey-boxeo-futbol-americano-mma-ninos-y-ninas-ninos-adolescentes-dientes-de-los-ninos-molares-proteccion-personalizada-plastico-gelblack-green\/","title":{"rendered":"SKLLA Protector bucal-Rugby, Hockey, Boxeo, f\u00fatbol Americano, MMA, ni\u00f1os y ni\u00f1as, ni\u00f1os, Adolescentes, Dientes de los\u2026"},"content":{"rendered":"<div class=\"disclaim\"> Color:<strong>Black Green<\/strong> <\/div>\n<p> <!-- show up to 2 reviews by default --> <\/p>\n<p>Informaci\u00f3n del Producto<br \/>Material: material de la categor\u00eda alimenticia de EVA<br \/>M\u00e9todo de lavado: lavado directa<br \/>Funci\u00f3n: doble capa reforzada protector bucal, la absorci\u00f3n de choque eficaz, la protecci\u00f3n reforzada<\/p>\n<p>1x protector bucal deportes: Paquete <\/p>\n<p>Caracter\u00edsticas: doble capa reforzada protector bucal, la absorci\u00f3n de choque eficaz y una mayor protecci\u00f3n.<br \/>\nSeguridad: El material de grado EVA, m\u00e1s seguro y m\u00e1s respetuoso con el medio ambiente.<br \/>\nF\u00e1cil de limpiar: material impermeable, f\u00e1cil de limpiar, f\u00e1cil de limpiar.<br \/>\nVentajas: golpes fijos, la mordida m\u00e1s firme, evitar que se afloje, deslizamiento, picadura de vista cualitativo, apto para los dientes del usuario, confortable y firme.<br \/>\nModo de fijaci\u00f3n: en remojo en agua caliente por encima de 70 grados cent\u00edgrados durante 30 segundos, luego lo puso en la boca para morder el protector de boca (no muerden demasiado profundo) durante 30 segundos, luego se lo quita y ponerlo en agua fr\u00eda para la determinaci\u00f3n cualitativa<br \/>\n<\/p>\n","protected":false},"excerpt":{"rendered":"<p>Caracter\u00edsticas: doble capa reforzada protector bucal, la absorci\u00f3n de choque eficaz y una mayor protecci\u00f3n.<br \/>\nSeguridad: El material de grado EVA, m\u00e1s seguro y m\u00e1s respetuoso con el medio ambiente.<br \/>\nF\u00e1cil de limpiar: material impermeable, f\u00e1cil de limpiar, f\u00e1cil de limpiar.<\/p>\n","protected":false},"featured_media":83134,"comment_status":"open","ping_status":"closed","template":"","meta":{"_kadence_starter_templates_imported_post":false,"_kad_post_transparent":"","_kad_post_title":"","_kad_post_layout":"","_kad_post_sidebar_id":"","_kad_post_content_style":"","_kad_post_vertical_padding":"","_kad_post_feature":"","_kad_post_feature_position":"","_kad_post_header":false,"_kad_post_footer":false},"product_brand":[],"product_cat":[495,421],"product_tag":[],"class_list":{"0":"post-83132","1":"product","2":"type-product","3":"status-publish","4":"has-post-thumbnail","6":"product_cat-protector-bucal","7":"product_cat-mma","8":"pa_brand-marca-sklla","9":"pa_color-black-green","10":"pa_marca-sklla","11":"pa_numero-de-modelo-652-762-060","12":"pa_producto-en-amazon-es-desde-9-octubre-2020","14":"first","15":"instock","16":"shipping-taxable","17":"purchasable","18":"product-type-simple","19":"entry","20":"content-bg","21":"loop-entry"},"_links":{"self":[{"href":"https:\/\/futllermo.com\/tienda\/wp-json\/wp\/v2\/product\/83132","targetHints":{"allow":["GET"]}}],"collection":[{"href":"https:\/\/futllermo.com\/tienda\/wp-json\/wp\/v2\/product"}],"about":[{"href":"https:\/\/futllermo.com\/tienda\/wp-json\/wp\/v2\/types\/product"}],"replies":[{"embeddable":true,"href":"https:\/\/futllermo.com\/tienda\/wp-json\/wp\/v2\/comments?post=83132"}],"wp:featuredmedia":[{"embeddable":true,"href":"https:\/\/futllermo.com\/tienda\/wp-json\/wp\/v2\/media\/83134"}],"wp:attachment":[{"href":"https:\/\/futllermo.com\/tienda\/wp-json\/wp\/v2\/media?parent=83132"}],"wp:term":[{"taxonomy":"product_brand","embeddable":true,"href":"https:\/\/futllermo.com\/tienda\/wp-json\/wp\/v2\/product_brand?post=83132"},{"taxonomy":"product_cat","embeddable":true,"href":"https:\/\/futllermo.com\/tienda\/wp-json\/wp\/v2\/product_cat?post=83132"},{"taxonomy":"product_tag","embeddable":true,"href":"https:\/\/futllermo.com\/tienda\/wp-json\/wp\/v2\/product_tag?post=83132"}],"curies":[{"name":"wp","href":"https:\/\/api.w.org\/{rel}","templated":true}]}}