{"id":83118,"date":"2021-01-13T12:40:11","date_gmt":"2021-01-13T12:40:11","guid":{"rendered":"https:\/\/futllermo.com\/tienda\/producto\/dancepandas-protector-bucal-boxeo-10pcs-protector-dental-boxeo-ferula-dental-gum-shield-para-boxeo-rugby-mma-muay-thai-hockey-karate-artes-marciales-unisex-para-adultos\/"},"modified":"2022-01-13T09:59:17","modified_gmt":"2022-01-13T09:59:17","slug":"dancepandas-protector-bucal-boxeo-10pcs-protector-dental-boxeo-ferula-dental-gum-shield-para-boxeo-rugby-mma-muay-thai-hockey-karate-artes-marciales-unisex-para-adultos","status":"publish","type":"product","link":"https:\/\/futllermo.com\/tienda\/producto\/dancepandas-protector-bucal-boxeo-10pcs-protector-dental-boxeo-ferula-dental-gum-shield-para-boxeo-rugby-mma-muay-thai-hockey-karate-artes-marciales-unisex-para-adultos\/","title":{"rendered":"dancepandas Protector Bucal Boxeo 10PCS Protector Dental Boxeo Ferula Dental Gum Shield para Boxeo, Rugby, MMA, Muay\u2026"},"content":{"rendered":"<p><!-- show up to 2 reviews by default --> <\/p>\n<p> Especificaciones: <br \/> Material de: EVA <br \/>Tama\u00f1o del producto: aproximadamente 6.5 * 5.5 cm \/ 2.55 * 2.16 pulgadas <br \/> Tama\u00f1o de la caja: 7 * 7 cm \/ 2.75 * 2.75 pulgadas <br \/> Color: transparente, negro <br \/> Peso con caja: 30g <br \/> Ideal para judo, lucha, combate libre, hockey sobre hielo, rugby y b\u00e9isbol, etc. <\/p>\n<p> Instrucciones de uso: <br \/> 1. Despu\u00e9s de hervir el agua hirviendo, enfriar durante 3 minutos y esperar hasta que alcance aproximadamente 70 ~ 80 \u2103 <br \/> 2.Ponga el protector bucal en agua tibia durante 20 segundos, el protector bucal se volver\u00e1 muy suave y pl\u00e1stico, s\u00e1quelo con una cuchara o palillos, p\u00f3ngalo en la boca y muerda suavemente la forma, y use sus dedos para presione adecuadamente la pared lateral de la boquilla para que se ajuste m\u00e1s a los dientes (no use demasiada fuerza al morder para evitar morder) <br \/> 3. Si el protector bucal no es completamente pl\u00e1stico en el paso anterior, puede repetir el paso de apelaci\u00f3n para remodelarlo una vez <br \/> 4. Despu\u00e9s de plastificar el protector bucal, poner en agua fr\u00eda y dejar enfriar durante 30 segundos para completar la configuraci\u00f3n <br \/> 5. Durante el juego, usa un protector bucal, si los dientes y las marcas de los dientes est\u00e1n completamente ocluidos, est\u00e1 bien. <\/p>\n<p>El paquete incluye: <br \/> 10 * protector bucal deportivo <\/p>\n<p> Nota: <br \/> Despu\u00e9s de la limpieza, seque el protector bucal en un lugar seco y p\u00f3ngalo en la caja para evitar el polvo. <br \/> Se recomienda cambiar el protector bucal despu\u00e9s de tres o cuatro meses, ya que este es el mejor momento para la higiene oral. El protector bucal no es adecuado para ni\u00f1os menores de 8 a\u00f1os debido a su tama\u00f1o. <\/p>\n<p>\u3010Buena calidad\u3011 &#8211; sin l\u00e1tex ni BPA. Hecho de material EVA de alta calidad. Sin bordes \u00e1speros o materiales que causen irritaci\u00f3n. La forma ergon\u00f3micamente revisada y el material agradablemente suave garantizan un buen ajuste y una gran seguridad.<br \/>\n\u3010Ajuste perfecto\u3011- dise\u00f1o de muesca curva delantera para adaptarse a la forma de la mand\u00edbula superior y almohadilla de amortiguaci\u00f3n gruesa para absorber golpes. Llena los contornos de tus dientes y permanece en tu boca. No da\u00f1ar\u00e1 tus enc\u00edas.<br \/>\n\u3010Protecci\u00f3n multideportiva\u3011 &#8211; Atleta probado en el campo para proporcionar protecci\u00f3n en todos los deportes, desde f\u00fatbol hasta artes marciales. Proteja sus dientes, boca e inversi\u00f3n dental.<br \/>\n\u3010F\u00e1cil de almacenar\u3011- el tama\u00f1o del protector bucal es de 6.5 * 5.5 cm, ligero y compacto. Tambi\u00e9n est\u00e1 equipado con una caja transparente que es f\u00e1cil de transportar y almacenar.<br \/>\n\u3010El paquete incluye\u3011 -El paquete incluye 10 protectores bucales deportivos, 5 negros y 5 transparentes, para satisfacer sus necesidades.<br \/>\n<\/p>\n","protected":false},"excerpt":{"rendered":"<p>\u3010Buena calidad\u3011 &#8211; sin l\u00e1tex ni BPA. Hecho de material EVA de alta calidad. Sin bordes \u00e1speros o materiales que causen irritaci\u00f3n. La forma ergon\u00f3micamente revisada y el material agradablemente suave garantizan un buen ajuste y una gran seguridad.<br \/>\n\u3010Ajuste perfecto\u3011- dise\u00f1o de muesca curva delantera para adaptarse a la forma de la mand\u00edbula superior y almohadilla de amortiguaci\u00f3n gruesa para absorber golpes. Llena los contornos de tus dientes y permanece en tu boca. No da\u00f1ar\u00e1 tus enc\u00edas.<br \/>\n\u3010Protecci\u00f3n multideportiva\u3011 &#8211; Atleta probado en el campo para proporcionar protecci\u00f3n en todos los deportes, desde f\u00fatbol hasta artes marciales. Proteja sus dientes, boca e inversi\u00f3n dental.<\/p>\n","protected":false},"featured_media":83121,"comment_status":"open","ping_status":"closed","template":"","meta":{"_kadence_starter_templates_imported_post":false,"_kad_post_transparent":"","_kad_post_title":"","_kad_post_layout":"","_kad_post_sidebar_id":"","_kad_post_content_style":"","_kad_post_vertical_padding":"","_kad_post_feature":"","_kad_post_feature_position":"","_kad_post_header":false,"_kad_post_footer":false},"product_brand":[],"product_cat":[495,421],"product_tag":[],"class_list":{"0":"post-83118","1":"product","2":"type-product","3":"status-publish","4":"has-post-thumbnail","6":"product_cat-protector-bucal","7":"product_cat-mma","8":"pa_brand-marca-dancepandas","10":"first","11":"instock","12":"shipping-taxable","13":"purchasable","14":"product-type-simple","15":"entry","16":"content-bg","17":"loop-entry"},"_links":{"self":[{"href":"https:\/\/futllermo.com\/tienda\/wp-json\/wp\/v2\/product\/83118","targetHints":{"allow":["GET"]}}],"collection":[{"href":"https:\/\/futllermo.com\/tienda\/wp-json\/wp\/v2\/product"}],"about":[{"href":"https:\/\/futllermo.com\/tienda\/wp-json\/wp\/v2\/types\/product"}],"replies":[{"embeddable":true,"href":"https:\/\/futllermo.com\/tienda\/wp-json\/wp\/v2\/comments?post=83118"}],"wp:featuredmedia":[{"embeddable":true,"href":"https:\/\/futllermo.com\/tienda\/wp-json\/wp\/v2\/media\/83121"}],"wp:attachment":[{"href":"https:\/\/futllermo.com\/tienda\/wp-json\/wp\/v2\/media?parent=83118"}],"wp:term":[{"taxonomy":"product_brand","embeddable":true,"href":"https:\/\/futllermo.com\/tienda\/wp-json\/wp\/v2\/product_brand?post=83118"},{"taxonomy":"product_cat","embeddable":true,"href":"https:\/\/futllermo.com\/tienda\/wp-json\/wp\/v2\/product_cat?post=83118"},{"taxonomy":"product_tag","embeddable":true,"href":"https:\/\/futllermo.com\/tienda\/wp-json\/wp\/v2\/product_tag?post=83118"}],"curies":[{"name":"wp","href":"https:\/\/api.w.org\/{rel}","templated":true}]}}