{"id":83111,"date":"2021-01-13T12:36:07","date_gmt":"2021-01-13T12:36:07","guid":{"rendered":"https:\/\/futllermo.com\/tienda\/producto\/sanabul-esencial-velcrostrap-muay-thai-mma-espinilleras\/"},"modified":"2022-01-13T09:59:17","modified_gmt":"2022-01-13T09:59:17","slug":"sanabul-esencial-velcrostrap-muay-thai-mma-espinilleras","status":"publish","type":"product","link":"https:\/\/futllermo.com\/tienda\/producto\/sanabul-esencial-velcrostrap-muay-thai-mma-espinilleras\/","title":{"rendered":"Sanabul Espinilleras esenciales de Kickboxing Muay Thai MMA"},"content":{"rendered":"<p><!-- show up to 2 reviews by default --> <\/p>\n<p>Sanabul Essential &#8211; Espinilleras de velcro para kickboxing MMA <\/p>\n<p>\u00bfKickboxing o MMA Shin Guardas? \u00bfPor qu\u00e9 elegir entre los dos cuando hemos dise\u00f1ado los protectores de espinilleras Sanabul Essential Hybrid para ser tan c\u00f3modos como los protectores de espinilleras MMA pero tambi\u00e9n tienen la protecci\u00f3n y el tacto de los protectores de espinilleras tradicionales Kickboxing o Muay Thai? <br \/>Protecci\u00f3n mejorada Sanabul una pieza de espuma de alta protecci\u00f3n contra impactos fue especialmente desarrollado para proteger tus espinillas durante el brillo. Acolchado articulado en el paso ergon\u00f3mico contornos a su pie especialmente desarrollado para proteger su espinilla y pie durante el chispas en kickboxing, muay thai, o MMA (artes marciales mixtas) <br \/>No hay necesidad de mantener los protectores de espinilla ajustables durante el entrenamiento. El dise\u00f1o de la correa de velcro garantiza un ajuste c\u00f3modo y minimiza el movimiento de la espinillera. <br \/>Alta durabilidad. Esencial h\u00edbrido Shin protectores son de triple costura en todo el protector de espinilla para mayor refuerzo y durabilidad. <\/p>\n<p><\/p>\n<p>\u00bfKickboxing o MMA Shin Guardas? \u00bfPor qu\u00e9 elegir entre los dos cuando hemos dise\u00f1ado las espinilleras de velcro Sanabul Essential para ser tan c\u00f3modas como los protectores de espinilleras MMA pero tambi\u00e9n tienen la protecci\u00f3n y el tacto de los protectores de espinilleras tradicionales Kickboxing o Muay Thai?<br \/>\nProtecci\u00f3n mejorada Sanabul una pieza de espuma de alta protecci\u00f3n contra impactos fue especialmente desarrollado para proteger tus espinillas durante el brillo. Acolchado articulado en el paso ergon\u00f3mico que se adapta a tu pie.<br \/>\nNo hay necesidad de mantener los protectores de espinilla ajustables durante el entrenamiento. El dise\u00f1o de velcro con cierre de doble correa garantiza un ajuste c\u00f3modo y minimiza el movimiento de la espinillera.<br \/>\nAlta durabilidad. Las esquinas de velcro para espinilleras son de triple costura en todo el protector para mayor refuerzo y durabilidad.<br \/>\nDisponible en 3 tama\u00f1os. XS: tama\u00f1o com\u00fan para ni\u00f1os o personas de menos de 110 libras &#8212;&#8211; S\/M: m\u00e1s com\u00fanmente utilizado por personas de menos de 1,27 m de altura &#8212;&#8211; L\/XL: m\u00e1s com\u00fanmente utilizado por personas de m\u00e1s de 1,52 m de altura<br \/>\n<\/p>\n","protected":false},"excerpt":{"rendered":"<p>\u00bfKickboxing o MMA Shin Guardas? \u00bfPor qu\u00e9 elegir entre los dos cuando hemos dise\u00f1ado las espinilleras de velcro Sanabul Essential para ser tan c\u00f3modas como los protectores de espinilleras MMA pero tambi\u00e9n tienen la protecci\u00f3n y el tacto de los protectores de espinilleras tradicionales Kickboxing o Muay Thai?<br \/>\nProtecci\u00f3n mejorada Sanabul una pieza de espuma de alta protecci\u00f3n contra impactos fue especialmente desarrollado para proteger tus espinillas durante el brillo. Acolchado articulado en el paso ergon\u00f3mico que se adapta a tu pie.<br \/>\nNo hay necesidad de mantener los protectores de espinilla ajustables durante el entrenamiento. El dise\u00f1o de velcro con cierre de doble correa garantiza un ajuste c\u00f3modo y minimiza el movimiento de la espinillera.<\/p>\n","protected":false},"featured_media":83112,"comment_status":"open","ping_status":"closed","template":"","meta":{"_kadence_starter_templates_imported_post":false,"_kad_post_transparent":"","_kad_post_title":"","_kad_post_layout":"","_kad_post_sidebar_id":"","_kad_post_content_style":"","_kad_post_vertical_padding":"","_kad_post_feature":"","_kad_post_feature_position":"","_kad_post_header":false,"_kad_post_footer":false},"product_brand":[],"product_cat":[493,421],"product_tag":[],"class_list":{"0":"post-83111","1":"product","2":"type-product","3":"status-publish","4":"has-post-thumbnail","6":"product_cat-espinilleras-mma","7":"product_cat-mma","8":"pa_brand-marca-sanabul","10":"first","11":"instock","12":"shipping-taxable","13":"purchasable","14":"product-type-simple","15":"entry","16":"content-bg","17":"loop-entry"},"_links":{"self":[{"href":"https:\/\/futllermo.com\/tienda\/wp-json\/wp\/v2\/product\/83111","targetHints":{"allow":["GET"]}}],"collection":[{"href":"https:\/\/futllermo.com\/tienda\/wp-json\/wp\/v2\/product"}],"about":[{"href":"https:\/\/futllermo.com\/tienda\/wp-json\/wp\/v2\/types\/product"}],"replies":[{"embeddable":true,"href":"https:\/\/futllermo.com\/tienda\/wp-json\/wp\/v2\/comments?post=83111"}],"wp:featuredmedia":[{"embeddable":true,"href":"https:\/\/futllermo.com\/tienda\/wp-json\/wp\/v2\/media\/83112"}],"wp:attachment":[{"href":"https:\/\/futllermo.com\/tienda\/wp-json\/wp\/v2\/media?parent=83111"}],"wp:term":[{"taxonomy":"product_brand","embeddable":true,"href":"https:\/\/futllermo.com\/tienda\/wp-json\/wp\/v2\/product_brand?post=83111"},{"taxonomy":"product_cat","embeddable":true,"href":"https:\/\/futllermo.com\/tienda\/wp-json\/wp\/v2\/product_cat?post=83111"},{"taxonomy":"product_tag","embeddable":true,"href":"https:\/\/futllermo.com\/tienda\/wp-json\/wp\/v2\/product_tag?post=83111"}],"curies":[{"name":"wp","href":"https:\/\/api.w.org\/{rel}","templated":true}]}}