{"id":83090,"date":"2021-01-13T12:34:50","date_gmt":"2021-01-13T12:34:50","guid":{"rendered":"https:\/\/futllermo.com\/tienda\/producto\/fairtex-espinilleras-de-competencia\/"},"modified":"2022-01-13T09:59:17","modified_gmt":"2022-01-13T09:59:17","slug":"fairtex-espinilleras-de-competencia","status":"publish","type":"product","link":"https:\/\/futllermo.com\/tienda\/producto\/fairtex-espinilleras-de-competencia\/","title":{"rendered":"Fairtex espinilleras de Competencia"},"content":{"rendered":"<p><!-- show up to 2 reviews by default --> <\/p>\n<p>Estas espinilleras Muay Thai han sido redise\u00f1adas para eliminar todos los accesorios de metal y bordes rugosos. Son ligeras, duraderas y proporcionan una protecci\u00f3n completa tanto para la espinilla como para el empeine. Este redise\u00f1o completo los hace perfectos tanto para la competencia, <\/p>\n<p>Tama\u00f1o Altura \/ Peso peque\u00f1o: menos de 5 pies 3 pulgadas (hasta 140 libras). Mediano 5&#8217;3&#8243; &#8211; 5&#8217;10\u00bb o (144-170 libras). Grande 5 pies con 10 pulgadas \u2013 6 pies 1 pulgadas o (73 &#8211; 97 kg). XL de 6 pies con 1 pulgada a 6 pies con 4 pulgadas o (m\u00e1s de 200 libras)<br \/>\nMarca # 1 Muay Thai probada a trav\u00e9s de calidad y durabilidad<br \/>\nLas espinilleras protegen tu rodilla y pie mientras se envuelven parcialmente alrededor de la parte superior de tus pantorrillas<br \/>\nHecho a mano en Tailandia<br \/>\n<\/p>\n","protected":false},"excerpt":{"rendered":"<p>Tama\u00f1o Altura \/ Peso peque\u00f1o: menos de 5 pies 3 pulgadas (hasta 140 libras). Mediano 5&#8217;3&#8243; &#8211; 5&#8217;10\u00bb o (144-170 libras). Grande 5 pies con 10 pulgadas \u2013 6 pies 1 pulgadas o (73 &#8211; 97 kg). XL de 6 pies con 1 pulgada a 6 pies con 4 pulgadas o (m\u00e1s de 200 libras)<br \/>\nMarca # 1 Muay Thai probada a trav\u00e9s de calidad y durabilidad<br \/>\nLas espinilleras protegen tu rodilla y pie mientras se envuelven parcialmente alrededor de la parte superior de tus pantorrillas<\/p>\n","protected":false},"featured_media":83092,"comment_status":"open","ping_status":"closed","template":"","meta":{"_kadence_starter_templates_imported_post":false,"_kad_post_transparent":"","_kad_post_title":"","_kad_post_layout":"","_kad_post_sidebar_id":"","_kad_post_content_style":"","_kad_post_vertical_padding":"","_kad_post_feature":"","_kad_post_feature_position":"","_kad_post_header":false,"_kad_post_footer":false},"product_brand":[],"product_cat":[493,421],"product_tag":[],"class_list":{"0":"post-83090","1":"product","2":"type-product","3":"status-publish","4":"has-post-thumbnail","6":"product_cat-espinilleras-mma","7":"product_cat-mma","8":"pa_brand-marca-fairtex","10":"first","11":"instock","12":"shipping-taxable","13":"purchasable","14":"product-type-simple","15":"entry","16":"content-bg","17":"loop-entry"},"_links":{"self":[{"href":"https:\/\/futllermo.com\/tienda\/wp-json\/wp\/v2\/product\/83090","targetHints":{"allow":["GET"]}}],"collection":[{"href":"https:\/\/futllermo.com\/tienda\/wp-json\/wp\/v2\/product"}],"about":[{"href":"https:\/\/futllermo.com\/tienda\/wp-json\/wp\/v2\/types\/product"}],"replies":[{"embeddable":true,"href":"https:\/\/futllermo.com\/tienda\/wp-json\/wp\/v2\/comments?post=83090"}],"wp:featuredmedia":[{"embeddable":true,"href":"https:\/\/futllermo.com\/tienda\/wp-json\/wp\/v2\/media\/83092"}],"wp:attachment":[{"href":"https:\/\/futllermo.com\/tienda\/wp-json\/wp\/v2\/media?parent=83090"}],"wp:term":[{"taxonomy":"product_brand","embeddable":true,"href":"https:\/\/futllermo.com\/tienda\/wp-json\/wp\/v2\/product_brand?post=83090"},{"taxonomy":"product_cat","embeddable":true,"href":"https:\/\/futllermo.com\/tienda\/wp-json\/wp\/v2\/product_cat?post=83090"},{"taxonomy":"product_tag","embeddable":true,"href":"https:\/\/futllermo.com\/tienda\/wp-json\/wp\/v2\/product_tag?post=83090"}],"curies":[{"name":"wp","href":"https:\/\/api.w.org\/{rel}","templated":true}]}}