{"id":83076,"date":"2021-01-13T12:34:34","date_gmt":"2021-01-13T12:34:34","guid":{"rendered":"https:\/\/futllermo.com\/tienda\/producto\/espinilleras-de-mma-hombres-muay-thai-empeine-pierna-protector-de-engranajes-almohadillas-para-artes-marciales-kickboxing-bjj-karate-taekwondo-almohadillas-para-calcetines-de-sparring-empeine\/"},"modified":"2022-01-13T09:59:17","modified_gmt":"2022-01-13T09:59:17","slug":"espinilleras-de-mma-hombres-muay-thai-empeine-pierna-protector-de-engranajes-almohadillas-para-artes-marciales-kickboxing-bjj-karate-taekwondo-almohadillas-para-calcetines-de-sparring-empeine","status":"publish","type":"product","link":"https:\/\/futllermo.com\/tienda\/producto\/espinilleras-de-mma-hombres-muay-thai-empeine-pierna-protector-de-engranajes-almohadillas-para-artes-marciales-kickboxing-bjj-karate-taekwondo-almohadillas-para-calcetines-de-sparring-empeine\/","title":{"rendered":"Espinilleras De MMA Hombres Muay Thai Empeine Pierna Protector De Engranajes Almohadillas Para Artes Marciales\u2026"},"content":{"rendered":"<p><!-- show up to 2 reviews by default --> <\/p>\n<p>Estas espinilleras son de primera clase hechas a mano con 3 escalones. Estas son las espinilleras de la gama 3X Pro Lite para hombre que proporcionan un ajuste definitivo. Est\u00e1n fabricados con la exclusiva tecnolog\u00eda de humedad DRY-FIT de 3XSports. El algod\u00f3n suave y el tejido sint\u00e9tico se han utilizado para absorber el sudor y mantenerte seco y c\u00f3modo. Hemos utilizado un sistema de correas de velcro cruzado para bloquear la almohadilla. Sobre todo, el dise\u00f1o de ajuste delgado hace que sean m\u00e1s c\u00f3modos y seguros. Acolchado de fibra de carbono extra ligero que garantiza una durabilidad \u00f3ptima. Las espinilleras MMA para hombre tambi\u00e9n tienen un empeine largo que protege eficazmente todo el antepi\u00e9, estas espinilleras recuperan incluso despu\u00e9s de m\u00faltiples lavados. <\/p>\n<p>\u2714\ufe0f3 espinilleras deportivas hechas de tela de fibra de carbono superligera para mayor resistencia.<br \/>\n\u2714\ufe0fAcolchado de espuma Supremo-Shock para absorber los golpes y distribuir uniformemente el impacto.<br \/>\n\u2714\ufe0fCapa integrada de gel de choque para resistir golpes y golpes de alta intensidad.<br \/>\n\u2714\ufe0fTecnolog\u00eda de absorci\u00f3n de humedad MMT para un mejor rendimiento y sensaci\u00f3n fresca.<br \/>\n\u2714\ufe0fGarant\u00eda de devoluci\u00f3n de dinero: nuestro objetivo como marca es mantener a nuestros clientes felices produciendo espinilleras de calidad superior. Si por algunas razones no est\u00e1s satisfecho con este producto, no dudes en hacernos saber. Haz las cosas bien y procesa un reembolso.<br \/>\n<\/p>\n","protected":false},"excerpt":{"rendered":"<p>\u2714\ufe0f3 espinilleras deportivas hechas de tela de fibra de carbono superligera para mayor resistencia.<br \/>\n\u2714\ufe0fAcolchado de espuma Supremo-Shock para absorber los golpes y distribuir uniformemente el impacto.<br \/>\n\u2714\ufe0fCapa integrada de gel de choque para resistir golpes y golpes de alta intensidad.<\/p>\n","protected":false},"featured_media":83079,"comment_status":"open","ping_status":"closed","template":"","meta":{"_kadence_starter_templates_imported_post":false,"_kad_post_transparent":"","_kad_post_title":"","_kad_post_layout":"","_kad_post_sidebar_id":"","_kad_post_content_style":"","_kad_post_vertical_padding":"","_kad_post_feature":"","_kad_post_feature_position":"","_kad_post_header":false,"_kad_post_footer":false},"product_brand":[],"product_cat":[493,421],"product_tag":[],"class_list":{"0":"post-83076","1":"product","2":"type-product","3":"status-publish","4":"has-post-thumbnail","6":"product_cat-espinilleras-mma","7":"product_cat-mma","8":"pa_brand-visita-la-store-de-3x-professional-choice","10":"first","11":"instock","12":"shipping-taxable","13":"purchasable","14":"product-type-simple","15":"entry","16":"content-bg","17":"loop-entry"},"_links":{"self":[{"href":"https:\/\/futllermo.com\/tienda\/wp-json\/wp\/v2\/product\/83076","targetHints":{"allow":["GET"]}}],"collection":[{"href":"https:\/\/futllermo.com\/tienda\/wp-json\/wp\/v2\/product"}],"about":[{"href":"https:\/\/futllermo.com\/tienda\/wp-json\/wp\/v2\/types\/product"}],"replies":[{"embeddable":true,"href":"https:\/\/futllermo.com\/tienda\/wp-json\/wp\/v2\/comments?post=83076"}],"wp:featuredmedia":[{"embeddable":true,"href":"https:\/\/futllermo.com\/tienda\/wp-json\/wp\/v2\/media\/83079"}],"wp:attachment":[{"href":"https:\/\/futllermo.com\/tienda\/wp-json\/wp\/v2\/media?parent=83076"}],"wp:term":[{"taxonomy":"product_brand","embeddable":true,"href":"https:\/\/futllermo.com\/tienda\/wp-json\/wp\/v2\/product_brand?post=83076"},{"taxonomy":"product_cat","embeddable":true,"href":"https:\/\/futllermo.com\/tienda\/wp-json\/wp\/v2\/product_cat?post=83076"},{"taxonomy":"product_tag","embeddable":true,"href":"https:\/\/futllermo.com\/tienda\/wp-json\/wp\/v2\/product_tag?post=83076"}],"curies":[{"name":"wp","href":"https:\/\/api.w.org\/{rel}","templated":true}]}}