{"id":83073,"date":"2021-01-13T12:34:30","date_gmt":"2021-01-13T12:34:30","guid":{"rendered":"https:\/\/futllermo.com\/tienda\/producto\/unbranded-sports-espinilleras-y-protectores-de-empeine-para-ninos-artes-marciales-mixtas-kickboxing-y-muay-tailandes-para-ninos-y-ninas\/"},"modified":"2022-01-13T09:59:16","modified_gmt":"2022-01-13T09:59:16","slug":"unbranded-sports-espinilleras-y-protectores-de-empeine-para-ninos-artes-marciales-mixtas-kickboxing-y-muay-tailandes-para-ninos-y-ninas","status":"publish","type":"product","link":"https:\/\/futllermo.com\/tienda\/producto\/unbranded-sports-espinilleras-y-protectores-de-empeine-para-ninos-artes-marciales-mixtas-kickboxing-y-muay-tailandes-para-ninos-y-ninas\/","title":{"rendered":"UNBRANDED SPORTS Espinilleras y protectores de empeine para ni\u00f1os, artes marciales mixtas, kickboxing y muay tailand\u00e9s\u2026"},"content":{"rendered":"<p><!-- show up to 2 reviews by default --> <\/p>\n<p>Atributos distintivos. Protecci\u00f3n acolchada de espuma de absorci\u00f3n de golpes. Correa de velcro de ajuste. Construcci\u00f3n de tela el\u00e1stica para un buen ajuste. M\u00faltiples opciones de color. Utilizado por luchadores de MMA y Kick Boxing para entrenamiento. No marca ni logotipo en el producto. <\/p>\n<p>Protecci\u00f3n acolchada de espuma de absorci\u00f3n de impactos.<br \/>\nCorrea de velcro ajustable.<br \/>\nConstrucci\u00f3n de tela el\u00e1stica para un buen ajuste.<br \/>\nSin marcas ni logotipos en el producto, varios colores.<br \/>\nUtilizado por combatientes de MMA y Kick Boxing para entrenamiento.<br \/>\n<\/p>\n","protected":false},"excerpt":{"rendered":"<p>Protecci\u00f3n acolchada de espuma de absorci\u00f3n de impactos.<br \/>\nCorrea de velcro ajustable.<br \/>\nConstrucci\u00f3n de tela el\u00e1stica para un buen ajuste.<\/p>\n","protected":false},"featured_media":83074,"comment_status":"open","ping_status":"closed","template":"","meta":{"_kadence_starter_templates_imported_post":false,"_kad_post_transparent":"","_kad_post_title":"","_kad_post_layout":"","_kad_post_sidebar_id":"","_kad_post_content_style":"","_kad_post_vertical_padding":"","_kad_post_feature":"","_kad_post_feature_position":"","_kad_post_header":false,"_kad_post_footer":false},"product_brand":[],"product_cat":[493,421],"product_tag":[],"class_list":{"0":"post-83073","1":"product","2":"type-product","3":"status-publish","4":"has-post-thumbnail","6":"product_cat-espinilleras-mma","7":"product_cat-mma","8":"pa_brand-marca-unbranded-sports","10":"first","11":"instock","12":"shipping-taxable","13":"purchasable","14":"product-type-simple","15":"entry","16":"content-bg","17":"loop-entry"},"_links":{"self":[{"href":"https:\/\/futllermo.com\/tienda\/wp-json\/wp\/v2\/product\/83073","targetHints":{"allow":["GET"]}}],"collection":[{"href":"https:\/\/futllermo.com\/tienda\/wp-json\/wp\/v2\/product"}],"about":[{"href":"https:\/\/futllermo.com\/tienda\/wp-json\/wp\/v2\/types\/product"}],"replies":[{"embeddable":true,"href":"https:\/\/futllermo.com\/tienda\/wp-json\/wp\/v2\/comments?post=83073"}],"wp:featuredmedia":[{"embeddable":true,"href":"https:\/\/futllermo.com\/tienda\/wp-json\/wp\/v2\/media\/83074"}],"wp:attachment":[{"href":"https:\/\/futllermo.com\/tienda\/wp-json\/wp\/v2\/media?parent=83073"}],"wp:term":[{"taxonomy":"product_brand","embeddable":true,"href":"https:\/\/futllermo.com\/tienda\/wp-json\/wp\/v2\/product_brand?post=83073"},{"taxonomy":"product_cat","embeddable":true,"href":"https:\/\/futllermo.com\/tienda\/wp-json\/wp\/v2\/product_cat?post=83073"},{"taxonomy":"product_tag","embeddable":true,"href":"https:\/\/futllermo.com\/tienda\/wp-json\/wp\/v2\/product_tag?post=83073"}],"curies":[{"name":"wp","href":"https:\/\/api.w.org\/{rel}","templated":true}]}}