{"id":83026,"date":"2021-01-13T12:33:23","date_gmt":"2021-01-13T12:33:23","guid":{"rendered":"https:\/\/futllermo.com\/tienda\/producto\/fairtex-pro-estilo-espinilleras\/"},"modified":"2022-01-13T09:59:15","modified_gmt":"2022-01-13T09:59:15","slug":"fairtex-pro-estilo-espinilleras","status":"publish","type":"product","link":"https:\/\/futllermo.com\/tienda\/producto\/fairtex-pro-estilo-espinilleras\/","title":{"rendered":"Fairtex Pro Estilo Espinilleras"},"content":{"rendered":"<p><!-- show up to 2 reviews by default --> <\/p>\n<p>Estas espinilleras de neopreno Fairtex tienen un acolchado reforzado en la espinilla para ayudar a proteger contra lesiones, pero son lo suficientemente elegantes como para permitir todo tipo de movimientos de agarre durante el combate de artes marciales mixtas. Son ligeras, duraderas y proporcionan una protecci\u00f3n completa tanto para la espinilla como para el empeine. Este dise\u00f1o los hace perfectos tanto para competici\u00f3n como para sparring. La adici\u00f3n de una cubierta de velcro sobre la banda el\u00e1stica en la parte superior asegura un ajuste seguro en todo momento. Hecho a mano en Tailandia. <\/p>\n<p>Tama\u00f1o Altura Peso Mediano 5&#8217;3&#8243; \u2013 5&#8217;7&#8243; hasta 150 libras. Grande 5&#8217;7&#8243; &#8211; 5&#8217;11\u00bb 66 &#8211; 86 kg. XL 1,8 m &#8211; 1,8 m 2,8 m 86,6 a 200 libras. XXL 6&#8217;3&#8243; &#8211; 6&#8217;6&#8243; m\u00e1s de 200 libras.<br \/>\nAmortiguaci\u00f3n de neopreno<br \/>\nF\u00e1cil de poner y quitar<br \/>\nCorrea en la parte superior de la pantorrilla para evitar resbalones<br \/>\nFabricado en Tailandia<br \/>\n<\/p>\n","protected":false},"excerpt":{"rendered":"<p>Tama\u00f1o Altura Peso Mediano 5&#8217;3&#8243; \u2013 5&#8217;7&#8243; hasta 150 libras. Grande 5&#8217;7&#8243; &#8211; 5&#8217;11\u00bb 66 &#8211; 86 kg. XL 1,8 m &#8211; 1,8 m 2,8 m 86,6 a 200 libras. XXL 6&#8217;3&#8243; &#8211; 6&#8217;6&#8243; m\u00e1s de 200 libras.<br \/>\nAmortiguaci\u00f3n de neopreno<br \/>\nF\u00e1cil de poner y quitar<\/p>\n","protected":false},"featured_media":83029,"comment_status":"open","ping_status":"closed","template":"","meta":{"_kadence_starter_templates_imported_post":false,"_kad_post_transparent":"","_kad_post_title":"","_kad_post_layout":"","_kad_post_sidebar_id":"","_kad_post_content_style":"","_kad_post_vertical_padding":"","_kad_post_feature":"","_kad_post_feature_position":"","_kad_post_header":false,"_kad_post_footer":false},"product_brand":[],"product_cat":[493,421],"product_tag":[],"class_list":{"0":"post-83026","1":"product","2":"type-product","3":"status-publish","4":"has-post-thumbnail","6":"product_cat-espinilleras-mma","7":"product_cat-mma","8":"pa_brand-marca-fairtex","10":"first","11":"instock","12":"shipping-taxable","13":"purchasable","14":"product-type-simple","15":"entry","16":"content-bg","17":"loop-entry"},"_links":{"self":[{"href":"https:\/\/futllermo.com\/tienda\/wp-json\/wp\/v2\/product\/83026","targetHints":{"allow":["GET"]}}],"collection":[{"href":"https:\/\/futllermo.com\/tienda\/wp-json\/wp\/v2\/product"}],"about":[{"href":"https:\/\/futllermo.com\/tienda\/wp-json\/wp\/v2\/types\/product"}],"replies":[{"embeddable":true,"href":"https:\/\/futllermo.com\/tienda\/wp-json\/wp\/v2\/comments?post=83026"}],"wp:featuredmedia":[{"embeddable":true,"href":"https:\/\/futllermo.com\/tienda\/wp-json\/wp\/v2\/media\/83029"}],"wp:attachment":[{"href":"https:\/\/futllermo.com\/tienda\/wp-json\/wp\/v2\/media?parent=83026"}],"wp:term":[{"taxonomy":"product_brand","embeddable":true,"href":"https:\/\/futllermo.com\/tienda\/wp-json\/wp\/v2\/product_brand?post=83026"},{"taxonomy":"product_cat","embeddable":true,"href":"https:\/\/futllermo.com\/tienda\/wp-json\/wp\/v2\/product_cat?post=83026"},{"taxonomy":"product_tag","embeddable":true,"href":"https:\/\/futllermo.com\/tienda\/wp-json\/wp\/v2\/product_tag?post=83026"}],"curies":[{"name":"wp","href":"https:\/\/api.w.org\/{rel}","templated":true}]}}