{"id":83021,"date":"2021-01-13T12:33:14","date_gmt":"2021-01-13T12:33:14","guid":{"rendered":"https:\/\/futllermo.com\/tienda\/producto\/espinilleras-protectoras-energy-para-deportes-de-lucha-artes-marciales-mixtas-profesionales-de-alta-calidad-mma-para-espinilleras-espinilleras-saco-de-arena-entrenamiento-sparring-muay-thai-kic\/"},"modified":"2022-01-13T09:59:14","modified_gmt":"2022-01-13T09:59:14","slug":"espinilleras-protectoras-energy-para-deportes-de-lucha-artes-marciales-mixtas-profesionales-de-alta-calidad-mma-para-espinilleras-espinilleras-saco-de-arena-entrenamiento-sparring-muay-thai-kic","status":"publish","type":"product","link":"https:\/\/futllermo.com\/tienda\/producto\/espinilleras-protectoras-energy-para-deportes-de-lucha-artes-marciales-mixtas-profesionales-de-alta-calidad-mma-para-espinilleras-espinilleras-saco-de-arena-entrenamiento-sparring-muay-thai-kic\/","title":{"rendered":"Espinilleras protectoras ENERGY para deportes de lucha, artes marciales mixtas profesionales de alta calidad MMA para\u2026"},"content":{"rendered":"<p><!-- show up to 2 reviews by default --> <\/p>\n<p>Fox-Fight ENERGY &#8211; Espinilleras (1 par) <\/p>\n<p>Una espinillera con un ajuste c\u00f3modo y resistente. Los protectores son de piel sint\u00e9tica y muy f\u00e1ciles de limpiar. El interior est\u00e1 acolchado para una mejor absorci\u00f3n del sudor. Un acolchado multi-espuma garantiza la amortiguaci\u00f3n necesaria y una forma constante. Dos correas de velcro en la pantorrilla y dos bandas de goma en el protector aseguran la fijaci\u00f3n perfecta y permiten poner y quitar r\u00e1pidamente. <\/p>\n<p>Breve descripci\u00f3n: <\/p>\n<p>Material: piel sint\u00e9tica. <\/p>\n<p>Forma: resistente y c\u00f3moda. <\/p>\n<p>Acolchado: acolchado de espuma multicapa (acolchado de varias capas). <\/p>\n<p>Cierre: cierres de velcro (pantorrilla) \/ bandas de goma (tensi\u00f3n). <\/p>\n<p>Tabla de tallas: <\/p>\n<p>XS (160-165 cm). <br \/>S (165-170 cm). <br \/>M (170-175 cm). <br \/>L (175-183 cm). <br \/>XL (a partir de 185 cm). <\/p>\n<p>*Tama\u00f1o del cuerpo. <\/p>\n<p>Espinilleras con un ajuste c\u00f3modo y resistente.<br \/>\nEl interior est\u00e1 acolchado para una mejor absorci\u00f3n del sudor.<br \/>\nUn acolchado multi-espuma garantiza la amortiguaci\u00f3n necesaria y una forma constante.<br \/>\nDos correas de velcro en la pantorrilla y dos bandas de goma en la protecci\u00f3n de tensi\u00f3n proporcionan la fijaci\u00f3n perfecta y permiten poner y quitar r\u00e1pidamente.<br \/>\nXS (160-165 cm) \/ S (165-170 cm) \/ M (170-175 cm) \/ L (175-183 cm) \/ XL (a partir de 185 cm)<br \/>\n<\/p>\n","protected":false},"excerpt":{"rendered":"<p>Espinilleras con un ajuste c\u00f3modo y resistente.<br \/>\nEl interior est\u00e1 acolchado para una mejor absorci\u00f3n del sudor.<br \/>\nUn acolchado multi-espuma garantiza la amortiguaci\u00f3n necesaria y una forma constante.<\/p>\n","protected":false},"featured_media":83022,"comment_status":"open","ping_status":"closed","template":"","meta":{"_kadence_starter_templates_imported_post":false,"_kad_post_transparent":"","_kad_post_title":"","_kad_post_layout":"","_kad_post_sidebar_id":"","_kad_post_content_style":"","_kad_post_vertical_padding":"","_kad_post_feature":"","_kad_post_feature_position":"","_kad_post_header":false,"_kad_post_footer":false},"product_brand":[],"product_cat":[493,421],"product_tag":[],"class_list":{"0":"post-83021","1":"product","2":"type-product","3":"status-publish","4":"has-post-thumbnail","6":"product_cat-espinilleras-mma","7":"product_cat-mma","8":"pa_brand-marca-fox-fight","10":"first","11":"instock","12":"shipping-taxable","13":"purchasable","14":"product-type-simple","15":"entry","16":"content-bg","17":"loop-entry"},"_links":{"self":[{"href":"https:\/\/futllermo.com\/tienda\/wp-json\/wp\/v2\/product\/83021","targetHints":{"allow":["GET"]}}],"collection":[{"href":"https:\/\/futllermo.com\/tienda\/wp-json\/wp\/v2\/product"}],"about":[{"href":"https:\/\/futllermo.com\/tienda\/wp-json\/wp\/v2\/types\/product"}],"replies":[{"embeddable":true,"href":"https:\/\/futllermo.com\/tienda\/wp-json\/wp\/v2\/comments?post=83021"}],"wp:featuredmedia":[{"embeddable":true,"href":"https:\/\/futllermo.com\/tienda\/wp-json\/wp\/v2\/media\/83022"}],"wp:attachment":[{"href":"https:\/\/futllermo.com\/tienda\/wp-json\/wp\/v2\/media?parent=83021"}],"wp:term":[{"taxonomy":"product_brand","embeddable":true,"href":"https:\/\/futllermo.com\/tienda\/wp-json\/wp\/v2\/product_brand?post=83021"},{"taxonomy":"product_cat","embeddable":true,"href":"https:\/\/futllermo.com\/tienda\/wp-json\/wp\/v2\/product_cat?post=83021"},{"taxonomy":"product_tag","embeddable":true,"href":"https:\/\/futllermo.com\/tienda\/wp-json\/wp\/v2\/product_tag?post=83021"}],"curies":[{"name":"wp","href":"https:\/\/api.w.org\/{rel}","templated":true}]}}