{"id":83017,"date":"2021-01-13T12:33:05","date_gmt":"2021-01-13T12:33:05","guid":{"rendered":"https:\/\/futllermo.com\/tienda\/producto\/athletics-gear-espinilleras-empeine-para-mma-kickboxing-muay-thai-material-de-polialgodon-acolchado-de-espuma-eva-diseno-ligero-sistema-de-cierre-de-velcro-seguro\/"},"modified":"2022-01-13T09:59:14","modified_gmt":"2022-01-13T09:59:14","slug":"athletics-gear-espinilleras-empeine-para-mma-kickboxing-muay-thai-material-de-polialgodon-acolchado-de-espuma-eva-diseno-ligero-sistema-de-cierre-de-velcro-seguro","status":"publish","type":"product","link":"https:\/\/futllermo.com\/tienda\/producto\/athletics-gear-espinilleras-empeine-para-mma-kickboxing-muay-thai-material-de-polialgodon-acolchado-de-espuma-eva-diseno-ligero-sistema-de-cierre-de-velcro-seguro\/","title":{"rendered":"Athletics Gear &#8211; Espinilleras empeine para MMA, Kickboxing, Muay Thai &#8211; Material de polialgod\u00f3n, acolchado de espuma EVA\u2026"},"content":{"rendered":"<p>Flexibilidad y c\u00f3modo: las espinilleras AG est\u00e1n hechas de material de polialgod\u00f3n el\u00e1stico y tienen 2 capas de acolchado protector. Estos empeines de espinilla son muy f\u00e1ciles de poner y mantener en su lugar durante todo el entrenamiento. Estas espinilleras est\u00e1n pre-curvadas para adaptarse a la curva natural de tu espinilla y empeine. Estos est\u00e1n dise\u00f1ados para proporcionar facilidad y comodidad a los atletas.<br \/>\n\u2705 MOTILIDAD Y SWIFTNES: el dise\u00f1o ligero te ofrece un movimiento y velocidad superiores. Orificio ergon\u00f3mico para el tal\u00f3n que mejora el agarre del pie.<br \/>\nSistema de cierre de velcro: un sistema de cierre de velcro seguro, con una correa el\u00e1stica que le da al usuario un control total de apretar para mantenerse enfocado mientras alcanza su m\u00e1ximo potencial.<br \/>\n\u2705 Acolchado de espuma EVA: estos empeines de espinilla son ideales para artes marciales mixtas, ya que tienen acolchado de espuma EVA de alta densidad para proteger la espinilla de da\u00f1os cruciales en los huesos y los m\u00fasculos.<br \/>\n\u2705 Limpio y lavable: hecho de material de polialgod\u00f3n el\u00e1stico que significa que es f\u00e1cil de limpiar y mantener. Esta espinillera es totalmente lavable para que puedas lavarlas a fondo cuando sea necesario.<br \/>\n<\/p>\n","protected":false},"excerpt":{"rendered":"<p>Flexibilidad y c\u00f3modo: las espinilleras AG est\u00e1n hechas de material de polialgod\u00f3n el\u00e1stico y tienen 2 capas de acolchado protector. Estos empeines de espinilla son muy f\u00e1ciles de poner y mantener en su lugar durante todo el entrenamiento. Estas espinilleras est\u00e1n pre-curvadas para adaptarse a la curva natural de tu espinilla y empeine. Estos est\u00e1n dise\u00f1ados para proporcionar facilidad y comodidad a los atletas.<br \/>\n\u2705 MOTILIDAD Y SWIFTNES: el dise\u00f1o ligero te ofrece un movimiento y velocidad superiores. Orificio ergon\u00f3mico para el tal\u00f3n que mejora el agarre del pie.<br \/>\nSistema de cierre de velcro: un sistema de cierre de velcro seguro, con una correa el\u00e1stica que le da al usuario un control total de apretar para mantenerse enfocado mientras alcanza su m\u00e1ximo potencial.<\/p>\n","protected":false},"featured_media":83019,"comment_status":"open","ping_status":"closed","template":"","meta":{"_kadence_starter_templates_imported_post":false,"_kad_post_transparent":"","_kad_post_title":"","_kad_post_layout":"","_kad_post_sidebar_id":"","_kad_post_content_style":"","_kad_post_vertical_padding":"","_kad_post_feature":"","_kad_post_feature_position":"","_kad_post_header":false,"_kad_post_footer":false},"product_brand":[],"product_cat":[493,421],"product_tag":[],"class_list":{"0":"post-83017","1":"product","2":"type-product","3":"status-publish","4":"has-post-thumbnail","6":"product_cat-espinilleras-mma","7":"product_cat-mma","8":"pa_brand-marca-desconocido","10":"first","11":"instock","12":"shipping-taxable","13":"purchasable","14":"product-type-simple","15":"entry","16":"content-bg","17":"loop-entry"},"_links":{"self":[{"href":"https:\/\/futllermo.com\/tienda\/wp-json\/wp\/v2\/product\/83017","targetHints":{"allow":["GET"]}}],"collection":[{"href":"https:\/\/futllermo.com\/tienda\/wp-json\/wp\/v2\/product"}],"about":[{"href":"https:\/\/futllermo.com\/tienda\/wp-json\/wp\/v2\/types\/product"}],"replies":[{"embeddable":true,"href":"https:\/\/futllermo.com\/tienda\/wp-json\/wp\/v2\/comments?post=83017"}],"wp:featuredmedia":[{"embeddable":true,"href":"https:\/\/futllermo.com\/tienda\/wp-json\/wp\/v2\/media\/83019"}],"wp:attachment":[{"href":"https:\/\/futllermo.com\/tienda\/wp-json\/wp\/v2\/media?parent=83017"}],"wp:term":[{"taxonomy":"product_brand","embeddable":true,"href":"https:\/\/futllermo.com\/tienda\/wp-json\/wp\/v2\/product_brand?post=83017"},{"taxonomy":"product_cat","embeddable":true,"href":"https:\/\/futllermo.com\/tienda\/wp-json\/wp\/v2\/product_cat?post=83017"},{"taxonomy":"product_tag","embeddable":true,"href":"https:\/\/futllermo.com\/tienda\/wp-json\/wp\/v2\/product_tag?post=83017"}],"curies":[{"name":"wp","href":"https:\/\/api.w.org\/{rel}","templated":true}]}}